{"id":14,"date":"2018-01-11T15:55:12","date_gmt":"2018-01-11T14:55:12","guid":{"rendered":"http:\/\/znakon.cz\/18\/asfalt\/?page_id=14"},"modified":"2023-12-18T09:25:44","modified_gmt":"2023-12-18T08:25:44","slug":"homepage-asfalt","status":"publish","type":"page","link":"https:\/\/znakon.cz\/asfalt\/","title":{"rendered":"homepage-asfalt"},"content":{"rendered":"<div id=\"pl-14\"  class=\"panel-layout\" ><div id=\"pg-14-0\"  class=\"panel-grid panel-has-style\" ><div class=\"siteorigin-panels-stretch panel-row-style panel-row-style-for-14-0\" data-stretch-type=\"full-stretched\" ><div id=\"pgc-14-0-0\"  class=\"panel-grid-cell\" ><div id=\"panel-14-0-0-0\" class=\"so-panel widget widget_themegrill_flash_slider tg-section tg-slider-widget panel-first-child panel-last-child\" data-index=\"0\" ><div class=\"tg-slider-widget slider-dark slider-content-left slider-control-bottom-right full-width\">\n\t<div class=\"swiper-container\">\n\t\t<div class=\"swiper-wrapper\">\n\t\t\t\n\t\t\t\t\t<div class=\"swiper-slide\">\n\t\t\t\t\t\t<figure class=\"slider-image\" >\n\t\t\t\t\t\t\t<img width=\"1920\" height=\"700\"\t\t\t\t\t\t\t\t\tsrc=\"http:\/\/znakon.cz\/asfalt\/wp-content\/uploads\/sites\/4\/2018\/02\/slide-obal-str.jpg\"\n\t\t\t\t\t\t\t\t\talt=\"Strakonick\u00e1 obalovna\"\n\t\t\t\t\t\t\t\t\ttitle=\"Strakonick\u00e1 obalovna\"\/>\n\t\t\t\t\t\t\t<div class=\"overlay\"><\/div>\n\t\t\t\t\t\t<\/figure>\n\t\t\t\t\t\t<div class=\"slider-content\">\n\t\t\t\t\t\t\t<div class=\"tg-container\">\n\t\t\t\t\t\t\t\t<div class=\"caption-title\">Strakonick\u00e1 obalovna<\/div>\n\t\t\t\t\t\t\t\t<div class=\"caption-desc\"><\/div>\n\t\t\t\t\t\t\t\t\t\t\t\t\t\t\t\t\t<div class=\"btn-wrapper\">\n\t\t\t\t\t\t\t\t\t\t<a href=\"http:\/\/znakon.cz\/asfalt\/strakonicka-obalovna\/\">\u010d\u00edst d\u00e1l ...<\/a>\n\t\t\t\t\t\t\t\t\t<\/div>\n\t\t\t\t\t\t\t\t\t\t\t\t\t\t\t<\/div>\n\t\t\t\t\t\t<\/div>\n\t\t\t\t\t<\/div>\n\n\t\t\t\t\n\t\t\t\t\t<div class=\"swiper-slide\">\n\t\t\t\t\t\t<figure class=\"slider-image\" >\n\t\t\t\t\t\t\t<img width=\"1920\" height=\"700\"\t\t\t\t\t\t\t\t\tsrc=\"http:\/\/znakon.cz\/asfalt\/wp-content\/uploads\/sites\/4\/2018\/02\/slide-obal-stredo.jpg\"\n\t\t\t\t\t\t\t\t\talt=\"St\u0159edo\u010desk\u00e9 obalovny\"\n\t\t\t\t\t\t\t\t\ttitle=\"St\u0159edo\u010desk\u00e9 obalovny\"\/>\n\t\t\t\t\t\t\t<div class=\"overlay\"><\/div>\n\t\t\t\t\t\t<\/figure>\n\t\t\t\t\t\t<div class=\"slider-content\">\n\t\t\t\t\t\t\t<div class=\"tg-container\">\n\t\t\t\t\t\t\t\t<div class=\"caption-title\">St\u0159edo\u010desk\u00e9 obalovny<\/div>\n\t\t\t\t\t\t\t\t<div class=\"caption-desc\"><\/div>\n\t\t\t\t\t\t\t\t\t\t\t\t\t\t\t\t\t<div class=\"btn-wrapper\">\n\t\t\t\t\t\t\t\t\t\t<a href=\"http:\/\/znakon.cz\/asfalt\/stredoceske-obalovny\/\">\u010d\u00edst d\u00e1l ...<\/a>\n\t\t\t\t\t\t\t\t\t<\/div>\n\t\t\t\t\t\t\t\t\t\t\t\t\t\t\t<\/div>\n\t\t\t\t\t\t<\/div>\n\t\t\t\t\t<\/div>\n\n\t\t\t\t\t\t<\/div>\n\t\t<div class=\"swiper-pagination\"><\/div>\n\t\t<div class=\"slider-arrow\">\n\t\t\t<div class=\"swiper-button-next\"><\/div>\n\t\t\t<div class=\"swiper-button-prev\"><\/div>\n\t\t<\/div>\n\t<\/div>\n<\/div>\n<\/div><\/div><\/div><\/div><div id=\"pg-14-1\"  class=\"panel-grid panel-has-style\" ><div class=\"siteorigin-panels-stretch panel-row-style panel-row-style-for-14-1\" data-stretch-type=\"full\" ><div id=\"pgc-14-1-0\"  class=\"panel-grid-cell\" ><div id=\"panel-14-1-0-0\" class=\"so-panel widget widget_sow-editor panel-first-child panel-last-child\" data-index=\"1\" ><div\n\t\t\t\n\t\t\tclass=\"so-widget-sow-editor so-widget-sow-editor-base\"\n\t\t\t\n\t\t>\n<div class=\"siteorigin-widget-tinymce textwidget\">\n\t<p>Spole\u010dnost Znakon Asfalt s.r.o. vlastn\u00ed pod\u00edly ve spole\u010dnostech ST\u0158EDO\u010cESK\u00c9 OBALOVNY, a.s. a Strakonick\u00e1 obalovna s.r.o., kter\u00e9 jsou hlavn\u00edmi dodavateli \u017eivi\u010dn\u00fdch sm\u011bs\u00ed pro ZNAKON, a.s. k&nbsp;zaji\u0161t\u011bn\u00ed v\u00fdstavby a oprav komunikac\u00ed. V&nbsp;posledn\u00edch \u0161esti letech investovaly do modernizace obaloven v\u00edce ne\u017e 90 mil. korun.<\/p>\n<\/div>\n<\/div><\/div><\/div><\/div><\/div><\/div>","protected":false},"excerpt":{"rendered":"<p>Spole\u010dnost Znakon Asfalt s.r.o. vlastn\u00ed pod\u00edly ve spole\u010dnostech ST\u0158EDO\u010cESK\u00c9 OBALOVNY, a.s. a Strakonick\u00e1 obalovna s.r.o., kter\u00e9 jsou hlavn\u00edmi dodavateli \u017eivi\u010dn\u00fdch [&hellip;]<\/p>\n","protected":false},"author":1,"featured_media":0,"parent":0,"menu_order":0,"comment_status":"closed","ping_status":"closed","template":"page-templates\/pagebuilder.php","meta":{"_monsterinsights_skip_tracking":false,"_monsterinsights_sitenote_active":false,"_monsterinsights_sitenote_note":"","_monsterinsights_sitenote_category":0,"footnotes":""},"_links":{"self":[{"href":"https:\/\/znakon.cz\/asfalt\/wp-json\/wp\/v2\/pages\/14"}],"collection":[{"href":"https:\/\/znakon.cz\/asfalt\/wp-json\/wp\/v2\/pages"}],"about":[{"href":"https:\/\/znakon.cz\/asfalt\/wp-json\/wp\/v2\/types\/page"}],"author":[{"embeddable":true,"href":"https:\/\/znakon.cz\/asfalt\/wp-json\/wp\/v2\/users\/1"}],"replies":[{"embeddable":true,"href":"https:\/\/znakon.cz\/asfalt\/wp-json\/wp\/v2\/comments?post=14"}],"version-history":[{"count":35,"href":"https:\/\/znakon.cz\/asfalt\/wp-json\/wp\/v2\/pages\/14\/revisions"}],"predecessor-version":[{"id":160,"href":"https:\/\/znakon.cz\/asfalt\/wp-json\/wp\/v2\/pages\/14\/revisions\/160"}],"wp:attachment":[{"href":"https:\/\/znakon.cz\/asfalt\/wp-json\/wp\/v2\/media?parent=14"}],"curies":[{"name":"wp","href":"https:\/\/api.w.org\/{rel}","templated":true}]}}