{"id":57,"date":"2018-02-12T03:16:33","date_gmt":"2018-02-12T02:16:33","guid":{"rendered":"http:\/\/znakon.cz\/18\/asfalt\/?page_id=57"},"modified":"2018-03-08T12:01:39","modified_gmt":"2018-03-08T11:01:39","slug":"stredoceske-obalovny","status":"publish","type":"page","link":"https:\/\/znakon.cz\/asfalt\/stredoceske-obalovny\/","title":{"rendered":"ST\u0158EDO\u010cESK\u00c9 OBALOVNY"},"content":{"rendered":"<div id=\"pl-57\"  class=\"panel-layout\" ><div id=\"pg-57-0\"  class=\"panel-grid panel-has-style\" ><div class=\"panel-row-style panel-row-style-for-57-0\" ><div id=\"pgc-57-0-0\"  class=\"panel-grid-cell\" ><div id=\"panel-57-0-0-0\" class=\"so-panel widget widget_sow-editor panel-first-child\" data-index=\"0\" ><div\n\t\t\t\n\t\t\tclass=\"so-widget-sow-editor so-widget-sow-editor-base\"\n\t\t\t\n\t\t>\n<div class=\"siteorigin-widget-tinymce textwidget\">\n\t<p><strong><img loading=\"lazy\" decoding=\"async\" class=\"size-full wp-image-91 alignnone\" src=\"http:\/\/znakon.cz\/asfalt\/wp-content\/uploads\/sites\/4\/2018\/02\/logo_stredo_obalovny.png\" alt=\"\" width=\"175\" height=\"82\" \/><\/strong><\/p>\n<p><strong>ST\u0158EDO\u010cESK\u00c9 OBALOVNY, a.s. - provozovna Voznice-Chouzav\u00e1<\/strong><br \/> Voznice - Chouzav\u00e1 206,\u00a0252&nbsp;10, Mn\u00ed\u0161ek pod Brdy<br \/> I\u010c: 247&nbsp;42&nbsp;023<br \/> Telefon: 314&nbsp;000&nbsp;101-4<br \/> Mobil: 602276519<br \/> Email: vladimir.lozek@stredoceskeobalovny.cz<br \/> Web: <a href=\"http:\/\/www.stredoceskeobalovny.cz\/\">www.stredoceskeobalovny.cz<\/a><\/p>\n<p><b>Vedouc\u00ed obalovny<br \/> <\/b>Ing. Vladim\u00edr Lo\u017eek<br \/> tel.: 602&nbsp;276&nbsp;519<\/p>\n<p><b>Vedouc\u00ed laborant<br \/> <\/b>Petr Eberl<br \/> tel.: 602&nbsp;757&nbsp;896<\/p>\n<\/div>\n<\/div><\/div><div id=\"panel-57-0-0-1\" class=\"so-panel widget widget_sow-image\" data-index=\"1\" ><div class=\"panel-widget-style panel-widget-style-for-57-0-0-1\" ><div\n\t\t\t\n\t\t\tclass=\"so-widget-sow-image so-widget-sow-image-default-8b5b6f678277-57\"\n\t\t\t\n\t\t>\n<div class=\"sow-image-container\">\n\t\t<img \n\tsrc=\"https:\/\/znakon.cz\/asfalt\/wp-content\/uploads\/sites\/4\/2018\/02\/stredoceska-obalovna-001.jpg\" width=\"1200\" height=\"900\" srcset=\"https:\/\/znakon.cz\/asfalt\/wp-content\/uploads\/sites\/4\/2018\/02\/stredoceska-obalovna-001.jpg 1200w, https:\/\/znakon.cz\/asfalt\/wp-content\/uploads\/sites\/4\/2018\/02\/stredoceska-obalovna-001-300x225.jpg 300w, https:\/\/znakon.cz\/asfalt\/wp-content\/uploads\/sites\/4\/2018\/02\/stredoceska-obalovna-001-768x576.jpg 768w, https:\/\/znakon.cz\/asfalt\/wp-content\/uploads\/sites\/4\/2018\/02\/stredoceska-obalovna-001-1024x768.jpg 1024w\" sizes=\"(max-width: 1200px) 100vw, 1200px\" title=\"OLYMPUS DIGITAL CAMERA\" alt=\"\" \t\tclass=\"so-widget-image\"\/>\n\t<\/div>\n\n<\/div><\/div><\/div><div id=\"panel-57-0-0-2\" class=\"so-panel widget widget_sow-image panel-last-child\" data-index=\"2\" ><div\n\t\t\t\n\t\t\tclass=\"so-widget-sow-image so-widget-sow-image-default-8b5b6f678277-57\"\n\t\t\t\n\t\t>\n<div class=\"sow-image-container\">\n\t\t<img \n\tsrc=\"https:\/\/znakon.cz\/asfalt\/wp-content\/uploads\/sites\/4\/2018\/02\/stredoceska-obalovna-002.jpg\" width=\"900\" height=\"612\" srcset=\"https:\/\/znakon.cz\/asfalt\/wp-content\/uploads\/sites\/4\/2018\/02\/stredoceska-obalovna-002.jpg 900w, https:\/\/znakon.cz\/asfalt\/wp-content\/uploads\/sites\/4\/2018\/02\/stredoceska-obalovna-002-300x204.jpg 300w, https:\/\/znakon.cz\/asfalt\/wp-content\/uploads\/sites\/4\/2018\/02\/stredoceska-obalovna-002-768x522.jpg 768w\" sizes=\"(max-width: 900px) 100vw, 900px\" alt=\"\" \t\tclass=\"so-widget-image\"\/>\n\t<\/div>\n\n<\/div><\/div><\/div><div id=\"pgc-57-0-1\"  class=\"panel-grid-cell\" ><div id=\"panel-57-0-1-0\" class=\"so-panel widget widget_sow-google-map panel-first-child\" data-index=\"3\" ><div\n\t\t\t\n\t\t\tclass=\"so-widget-sow-google-map so-widget-sow-google-map-default-6b23895f316e-57\"\n\t\t\t\n\t\t>\n<div class=\"sow-google-map-canvas\"\n\tstyle=\"\"\n\tid=\"map-canvas-a71ac0c073d172673ee49726b79e882a\"\n\tdata-options=\"{&quot;address&quot;:&quot;Voznice - Chouzav\\u00e1 206&quot;,&quot;zoom&quot;:12,&quot;mobileZoom&quot;:12,&quot;gestureHandling&quot;:&quot;greedy&quot;,&quot;disableUi&quot;:false,&quot;markerIcon&quot;:false,&quot;markersDraggable&quot;:false,&quot;markerAtCenter&quot;:true,&quot;markerInfoDisplay&quot;:&quot;click&quot;,&quot;markerInfoMultiple&quot;:true,&quot;markerPositions&quot;:false,&quot;mapName&quot;:false,&quot;mapStyles&quot;:false,&quot;directions&quot;:&quot;&quot;,&quot;apiKey&quot;:&quot;AIzaSyACL8EbdKLHXEWOZOGJFD1MhcAR28Qkfp0&quot;,&quot;breakpoint&quot;:780,&quot;id&quot;:&quot;69d98a&quot;}\"\n\tdata-fallback-image=\"{&quot;img&quot;:&quot;&quot;}\"><\/div>\n<\/div><\/div><div id=\"panel-57-0-1-1\" class=\"so-panel widget widget_sow-editor\" data-index=\"4\" ><div class=\"panel-widget-style panel-widget-style-for-57-0-1-1\" ><div\n\t\t\t\n\t\t\tclass=\"so-widget-sow-editor so-widget-sow-editor-base\"\n\t\t\t\n\t\t><h3 class=\"widget-title\">NAPI\u0160TE N\u00c1M<\/h3>\n<div class=\"siteorigin-widget-tinymce textwidget\">\n\t<\/div>\n<\/div><\/div><\/div><div id=\"panel-57-0-1-2\" class=\"widget_text so-panel widget widget_custom_html panel-last-child\" data-index=\"5\" ><div class=\"textwidget custom-html-widget\">\n<div class=\"wpcf7 no-js\" id=\"wpcf7-f68-o1\" lang=\"cs-CZ\" dir=\"ltr\">\n<div class=\"screen-reader-response\"><p role=\"status\" aria-live=\"polite\" aria-atomic=\"true\"><\/p> <ul><\/ul><\/div>\n<form action=\"\/asfalt\/wp-json\/wp\/v2\/pages\/57#wpcf7-f68-o1\" method=\"post\" class=\"wpcf7-form init\" aria-label=\"Kontaktn\u00ed formul\u00e1\u0159\" novalidate=\"novalidate\" data-status=\"init\">\n<div style=\"display: none;\">\n<input type=\"hidden\" name=\"_wpcf7\" value=\"68\" \/>\n<input type=\"hidden\" name=\"_wpcf7_version\" value=\"5.9.8\" \/>\n<input type=\"hidden\" name=\"_wpcf7_locale\" value=\"cs_CZ\" \/>\n<input type=\"hidden\" name=\"_wpcf7_unit_tag\" value=\"wpcf7-f68-o1\" \/>\n<input type=\"hidden\" name=\"_wpcf7_container_post\" value=\"0\" \/>\n<input type=\"hidden\" name=\"_wpcf7_posted_data_hash\" value=\"\" \/>\n<input type=\"hidden\" name=\"_wpcf7_recaptcha_response\" value=\"\" \/>\n<\/div>\n<p><label> Va\u0161e jm\u00e9no (vy\u017eadov\u00e1no)<br \/>\n<span class=\"wpcf7-form-control-wrap\" data-name=\"your-name\"><input size=\"40\" maxlength=\"400\" class=\"wpcf7-form-control wpcf7-text wpcf7-validates-as-required\" aria-required=\"true\" aria-invalid=\"false\" value=\"\" type=\"text\" name=\"your-name\" \/><\/span> <\/label>\n<\/p>\n<p><label> V\u00e1\u0161 e-mail (vy\u017eadov\u00e1no)<br \/>\n<span class=\"wpcf7-form-control-wrap\" data-name=\"your-email\"><input size=\"40\" maxlength=\"400\" class=\"wpcf7-form-control wpcf7-email wpcf7-validates-as-required wpcf7-text wpcf7-validates-as-email\" aria-required=\"true\" aria-invalid=\"false\" value=\"\" type=\"email\" name=\"your-email\" \/><\/span> <\/label>\n<\/p>\n<p><label> P\u0159edm\u011bt<br \/>\n<span class=\"wpcf7-form-control-wrap\" data-name=\"your-subject\"><input size=\"40\" maxlength=\"400\" class=\"wpcf7-form-control wpcf7-text\" aria-invalid=\"false\" value=\"\" type=\"text\" name=\"your-subject\" \/><\/span> <\/label>\n<\/p>\n<p><label> Va\u0161e zpr\u00e1va<br \/>\n<span class=\"wpcf7-form-control-wrap\" data-name=\"your-message\"><textarea cols=\"40\" rows=\"10\" maxlength=\"2000\" class=\"wpcf7-form-control wpcf7-textarea\" aria-invalid=\"false\" name=\"your-message\"><\/textarea><\/span> <\/label>\n<\/p>\n<p><input class=\"wpcf7-form-control wpcf7-submit has-spinner\" type=\"submit\" value=\"Odeslat\" \/>\n<\/p><div class=\"wpcf7-response-output\" aria-hidden=\"true\"><\/div>\n<\/form>\n<\/div>\n<\/div><\/div><\/div><\/div><\/div><\/div>","protected":false},"excerpt":{"rendered":"<p>ST\u0158EDO\u010cESK\u00c9 OBALOVNY, a.s. &#8211; provozovna Voznice-Chouzav\u00e1 Voznice &#8211; Chouzav\u00e1 206,\u00a0252&nbsp;10, Mn\u00ed\u0161ek pod Brdy I\u010c: 247&nbsp;42&nbsp;023 Telefon: 314 [&hellip;]<\/p>\n","protected":false},"author":1,"featured_media":0,"parent":0,"menu_order":0,"comment_status":"closed","ping_status":"closed","template":"page-templates\/pagebuilder.php","meta":{"_monsterinsights_skip_tracking":false,"_monsterinsights_sitenote_active":false,"_monsterinsights_sitenote_note":"","_monsterinsights_sitenote_category":0,"footnotes":""},"_links":{"self":[{"href":"https:\/\/znakon.cz\/asfalt\/wp-json\/wp\/v2\/pages\/57"}],"collection":[{"href":"https:\/\/znakon.cz\/asfalt\/wp-json\/wp\/v2\/pages"}],"about":[{"href":"https:\/\/znakon.cz\/asfalt\/wp-json\/wp\/v2\/types\/page"}],"author":[{"embeddable":true,"href":"https:\/\/znakon.cz\/asfalt\/wp-json\/wp\/v2\/users\/1"}],"replies":[{"embeddable":true,"href":"https:\/\/znakon.cz\/asfalt\/wp-json\/wp\/v2\/comments?post=57"}],"version-history":[{"count":18,"href":"https:\/\/znakon.cz\/asfalt\/wp-json\/wp\/v2\/pages\/57\/revisions"}],"predecessor-version":[{"id":143,"href":"https:\/\/znakon.cz\/asfalt\/wp-json\/wp\/v2\/pages\/57\/revisions\/143"}],"wp:attachment":[{"href":"https:\/\/znakon.cz\/asfalt\/wp-json\/wp\/v2\/media?parent=57"}],"curies":[{"name":"wp","href":"https:\/\/api.w.org\/{rel}","templated":true}]}}