{"id":21,"date":"2018-01-11T16:09:32","date_gmt":"2018-01-11T15:09:32","guid":{"rendered":"http:\/\/znakon.cz\/18\/reality\/?page_id=21"},"modified":"2025-01-16T12:46:47","modified_gmt":"2025-01-16T11:46:47","slug":"homepage-reality","status":"publish","type":"page","link":"https:\/\/znakon.cz\/reality\/","title":{"rendered":"homepage-reality"},"content":{"rendered":"<div id=\"pl-21\"  class=\"panel-layout\" ><div id=\"pg-21-0\"  class=\"panel-grid panel-has-style\" ><div class=\"panel-row-style panel-row-style-for-21-0\" ><div id=\"pgc-21-0-0\"  class=\"panel-grid-cell\" ><div id=\"panel-21-0-0-0\" class=\"so-panel widget widget_sow-editor panel-first-child panel-last-child\" data-index=\"0\" ><div class=\"panel-widget-style panel-widget-style-for-21-0-0-0\" ><div\n\t\t\t\n\t\t\tclass=\"so-widget-sow-editor so-widget-sow-editor-base\"\n\t\t\t\n\t\t>\n<div class=\"siteorigin-widget-tinymce textwidget\">\n\t<h3><span style=\"color: #000000;\"><a style=\"color: #000000;\" href=\"http:\/\/znakon.cz\/reality\/apartmany-hangar\/\"><strong>CARAVAN PARK HANG\u00c1R - LETI\u0160T\u011a STRAKONICE<\/strong><\/a><\/span><\/h3>\n<hr \/>\n<p><span style=\"color: #170d3e;\">Caravan Park Hang\u00e1r je bezoblu\u017en\u00e9 parkovi\u0161t\u011b pro obytn\u00e1 auta a karavany. Caravan Park je otev\u0159en celoro\u010dn\u011b a nab\u00edz\u00ed 16 parkovac\u00edch st\u00e1n\u00ed. K&nbsp;dispozici je pln\u011b vybaven\u00e9 servisn\u00ed m\u00edsto, soci\u00e1ln\u00ed za\u0159\u00edzen\u00ed a venkovn\u00ed posezen\u00ed.<\/span><\/p>\n<h5>V\u00edce informac\u00ed a REZERVACE<\/h5>\n<p><span style=\"color: #000000;\"><a style=\"color: #000000;\" href=\"https:\/\/www.hangarstrakonice.com\" target=\"_blank\" rel=\"noopener\"><strong>https:\/\/www.hangarstrakonice.com<\/strong><\/a><\/span><\/p>\n<hr \/>\n<p>&nbsp;<\/p>\n<\/div>\n<\/div><\/div><\/div><\/div><div id=\"pgc-21-0-1\"  class=\"panel-grid-cell\" ><div id=\"panel-21-0-1-0\" class=\"so-panel widget widget_sow-image panel-first-child panel-last-child\" data-index=\"1\" ><div class=\"panel-widget-style panel-widget-style-for-21-0-1-0\" ><div\n\t\t\t\n\t\t\tclass=\"so-widget-sow-image so-widget-sow-image-default-4e6925654b7a-21\"\n\t\t\t\n\t\t>\n<div class=\"sow-image-container\">\n\t\t<img \n\tsrc=\"https:\/\/znakon.cz\/reality\/wp-content\/uploads\/sites\/5\/2025\/01\/web.jpg\" width=\"2560\" height=\"1395\" srcset=\"https:\/\/znakon.cz\/reality\/wp-content\/uploads\/sites\/5\/2025\/01\/web.jpg 2560w, https:\/\/znakon.cz\/reality\/wp-content\/uploads\/sites\/5\/2025\/01\/web-300x163.jpg 300w, https:\/\/znakon.cz\/reality\/wp-content\/uploads\/sites\/5\/2025\/01\/web-1024x558.jpg 1024w, https:\/\/znakon.cz\/reality\/wp-content\/uploads\/sites\/5\/2025\/01\/web-768x419.jpg 768w, https:\/\/znakon.cz\/reality\/wp-content\/uploads\/sites\/5\/2025\/01\/web-1536x837.jpg 1536w, https:\/\/znakon.cz\/reality\/wp-content\/uploads\/sites\/5\/2025\/01\/web-2048x1116.jpg 2048w\" sizes=\"(max-width: 2560px) 100vw, 2560px\" alt=\"\" \t\tclass=\"so-widget-image\"\/>\n\t<\/div>\n\n<\/div><\/div><\/div><\/div><\/div><\/div><div id=\"pg-21-1\"  class=\"panel-grid panel-no-style\" ><div id=\"pgc-21-1-0\"  class=\"panel-grid-cell panel-grid-cell-empty panel-grid-cell-mobile-last\" ><\/div><div id=\"pgc-21-1-1\"  class=\"panel-grid-cell panel-grid-cell-empty\" ><\/div><\/div><div id=\"pg-21-2\"  class=\"panel-grid panel-has-style\" ><div class=\"panel-row-style panel-row-style-for-21-2\" ><div id=\"pgc-21-2-0\"  class=\"panel-grid-cell\" ><div id=\"panel-21-2-0-0\" class=\"so-panel widget widget_sow-image panel-first-child panel-last-child\" data-index=\"2\" ><div class=\"panel-widget-style panel-widget-style-for-21-2-0-0\" ><div\n\t\t\t\n\t\t\tclass=\"so-widget-sow-image so-widget-sow-image-default-46c7616ffdb5-21\"\n\t\t\t\n\t\t>\n<div class=\"sow-image-container\">\n\t\t<img \n\tsrc=\"https:\/\/znakon.cz\/reality\/wp-content\/uploads\/sites\/5\/2024\/10\/zakres_04_FINAL-scaled.jpg\" width=\"2560\" height=\"1705\" srcset=\"https:\/\/znakon.cz\/reality\/wp-content\/uploads\/sites\/5\/2024\/10\/zakres_04_FINAL-scaled.jpg 2560w, https:\/\/znakon.cz\/reality\/wp-content\/uploads\/sites\/5\/2024\/10\/zakres_04_FINAL-300x200.jpg 300w, https:\/\/znakon.cz\/reality\/wp-content\/uploads\/sites\/5\/2024\/10\/zakres_04_FINAL-1024x682.jpg 1024w, https:\/\/znakon.cz\/reality\/wp-content\/uploads\/sites\/5\/2024\/10\/zakres_04_FINAL-768x512.jpg 768w, https:\/\/znakon.cz\/reality\/wp-content\/uploads\/sites\/5\/2024\/10\/zakres_04_FINAL-1536x1023.jpg 1536w, https:\/\/znakon.cz\/reality\/wp-content\/uploads\/sites\/5\/2024\/10\/zakres_04_FINAL-2048x1364.jpg 2048w, https:\/\/znakon.cz\/reality\/wp-content\/uploads\/sites\/5\/2024\/10\/zakres_04_FINAL-272x182.jpg 272w\" sizes=\"(max-width: 2560px) 100vw, 2560px\" title=\"zakres_04_FINAL\" alt=\"\" \t\tclass=\"so-widget-image\"\/>\n\t<\/div>\n\n<\/div><\/div><\/div><\/div><div id=\"pgc-21-2-1\"  class=\"panel-grid-cell\" ><div id=\"panel-21-2-1-0\" class=\"so-panel widget widget_sow-editor panel-first-child panel-last-child\" data-index=\"3\" ><div class=\"flash_inherit_color panel-widget-style panel-widget-style-for-21-2-1-0\" ><div\n\t\t\t\n\t\t\tclass=\"so-widget-sow-editor so-widget-sow-editor-base\"\n\t\t\t\n\t\t>\n<div class=\"siteorigin-widget-tinymce textwidget\">\n\t<h3><span style=\"color: #ffffff;\"><a style=\"color: #ffffff;\" href=\"http:\/\/znakon.cz\/reality\/bytove-domy-na-jezarkach\/\">BYTOV\u00c9 DOMY NA JEZ\u00c1RK\u00c1CH<\/a><\/span><\/h3>\n<hr \/>\n<p>V lokalit\u011b Jez\u00e1rky ve Strakonic\u00edch bude v&nbsp;roce 2025-26 zah\u00e1jena v\u00fdstavba dvou bytov\u00fdch dom\u016f. Celkem zde vznikne 112 nov\u00fdch byt\u016f a 136 parkovac\u00edch st\u00e1n\u00ed.<\/p>\n<hr \/>\n<p>V\u00edce informac\u00ed: <a href=\"https:\/\/www.bytyjezarky.cz\" target=\"_blank\" rel=\"noopener\">https:\/\/www.bytyjezarky.cz<\/a><\/p>\n<\/div>\n<\/div><\/div><\/div><\/div><\/div><\/div><div id=\"pg-21-3\"  class=\"panel-grid panel-no-style\" ><div id=\"pgc-21-3-0\"  class=\"panel-grid-cell panel-grid-cell-empty panel-grid-cell-mobile-last\" ><\/div><div id=\"pgc-21-3-1\"  class=\"panel-grid-cell panel-grid-cell-empty\" ><\/div><\/div><div id=\"pg-21-4\"  class=\"panel-grid panel-has-style\" ><div class=\"panel-row-style panel-row-style-for-21-4\" ><div id=\"pgc-21-4-0\"  class=\"panel-grid-cell\" ><div id=\"panel-21-4-0-0\" class=\"so-panel widget widget_sow-editor panel-first-child panel-last-child\" data-index=\"4\" ><div class=\"panel-widget-style panel-widget-style-for-21-4-0-0\" ><div\n\t\t\t\n\t\t\tclass=\"so-widget-sow-editor so-widget-sow-editor-base\"\n\t\t\t\n\t\t>\n<div class=\"siteorigin-widget-tinymce textwidget\">\n\t<h3><span style=\"color: #000000;\"><a style=\"color: #000000;\" href=\"http:\/\/znakon.cz\/reality\/apartmany-hangar\/\"><strong>APARTM\u00c1NY HANG\u00c1R - LETI\u0160T\u011a STRAKONICE<\/strong><\/a><\/span><\/h3>\n<hr \/>\n<p><span style=\"color: #170d3e;\">Apartm\u00e1ny Hang\u00e1r nab\u00edzej\u00ed luxusn\u00ed ubytov\u00e1n\u00ed v&nbsp;bl\u00edzkosti sportovn\u00edho leti\u0161t\u011b ve Strakonic\u00edch. K&nbsp;dispozici jsou t\u0159i prostorn\u00e9 apartm\u00e1ny, hang\u00e1r pro parkov\u00e1n\u00ed mal\u00fdch letadel \u010di vrtuln\u00edk\u016f s&nbsp;mo\u017enosti tankov\u00e1n\u00ed leteck\u00e9ho paliva.<\/span><\/p>\n<h5>V\u00edce informac\u00ed a REZERVACE<\/h5>\n<p><span style=\"color: #000000;\"><a style=\"color: #000000;\" href=\"https:\/\/www.hangarstrakonice.com\" target=\"_blank\" rel=\"noopener\"><strong>https:\/\/www.hangarstrakonice.com<\/strong><\/a><\/span><\/p>\n<hr \/>\n<p>&nbsp;<\/p>\n<\/div>\n<\/div><\/div><\/div><\/div><div id=\"pgc-21-4-1\"  class=\"panel-grid-cell\" ><div id=\"panel-21-4-1-0\" class=\"so-panel widget widget_sow-image panel-first-child panel-last-child\" data-index=\"5\" ><div class=\"panel-widget-style panel-widget-style-for-21-4-1-0\" ><div\n\t\t\t\n\t\t\tclass=\"so-widget-sow-image so-widget-sow-image-default-4e6925654b7a-21\"\n\t\t\t\n\t\t>\n<div class=\"sow-image-container\">\n\t\t<img \n\tsrc=\"https:\/\/znakon.cz\/reality\/wp-content\/uploads\/sites\/5\/2023\/11\/18-DSC_6799-1-scaled.jpg\" width=\"2560\" height=\"1440\" srcset=\"https:\/\/znakon.cz\/reality\/wp-content\/uploads\/sites\/5\/2023\/11\/18-DSC_6799-1-scaled.jpg 2560w, https:\/\/znakon.cz\/reality\/wp-content\/uploads\/sites\/5\/2023\/11\/18-DSC_6799-1-300x169.jpg 300w, https:\/\/znakon.cz\/reality\/wp-content\/uploads\/sites\/5\/2023\/11\/18-DSC_6799-1-1024x576.jpg 1024w, https:\/\/znakon.cz\/reality\/wp-content\/uploads\/sites\/5\/2023\/11\/18-DSC_6799-1-768x432.jpg 768w, https:\/\/znakon.cz\/reality\/wp-content\/uploads\/sites\/5\/2023\/11\/18-DSC_6799-1-1536x864.jpg 1536w, https:\/\/znakon.cz\/reality\/wp-content\/uploads\/sites\/5\/2023\/11\/18-DSC_6799-1-2048x1152.jpg 2048w\" sizes=\"(max-width: 2560px) 100vw, 2560px\" title=\"18-DSC_6799\" alt=\"\" \t\tclass=\"so-widget-image\"\/>\n\t<\/div>\n\n<\/div><\/div><\/div><\/div><\/div><\/div><div id=\"pg-21-5\"  class=\"panel-grid panel-no-style\" ><div id=\"pgc-21-5-0\"  class=\"panel-grid-cell panel-grid-cell-empty panel-grid-cell-mobile-last\" ><\/div><div id=\"pgc-21-5-1\"  class=\"panel-grid-cell panel-grid-cell-empty\" ><\/div><\/div><div id=\"pg-21-6\"  class=\"panel-grid panel-has-style\" ><div class=\"panel-row-style panel-row-style-for-21-6\" ><div id=\"pgc-21-6-0\"  class=\"panel-grid-cell\" ><div id=\"panel-21-6-0-0\" class=\"so-panel widget widget_sow-image panel-first-child panel-last-child\" data-index=\"6\" ><div class=\"panel-widget-style panel-widget-style-for-21-6-0-0\" ><div\n\t\t\t\n\t\t\tclass=\"so-widget-sow-image so-widget-sow-image-default-29110e9d5a73-21\"\n\t\t\t\n\t\t>\n<div class=\"sow-image-container\">\n\t\t<img \n\tsrc=\"https:\/\/znakon.cz\/reality\/wp-content\/uploads\/sites\/5\/2023\/04\/DSC_9690_U_mensi-scaled-e1699874856165.jpg\" width=\"1368\" height=\"912\" sizes=\"(max-width: 1368px) 100vw, 1368px\" title=\"DSC_9690_U_men\u0161\u00ed\" alt=\"\" \t\tclass=\"so-widget-image\"\/>\n\t<\/div>\n\n<\/div><\/div><\/div><\/div><div id=\"pgc-21-6-1\"  class=\"panel-grid-cell\" ><div id=\"panel-21-6-1-0\" class=\"so-panel widget widget_sow-editor panel-first-child panel-last-child\" data-index=\"7\" ><div class=\"flash_inherit_color panel-widget-style panel-widget-style-for-21-6-1-0\" ><div\n\t\t\t\n\t\t\tclass=\"so-widget-sow-editor so-widget-sow-editor-base\"\n\t\t\t\n\t\t>\n<div class=\"siteorigin-widget-tinymce textwidget\">\n\t<h3><span style=\"color: #ffffff;\"><a style=\"color: #ffffff;\" href=\"http:\/\/znakon.cz\/reality\/bytovy-dum-marketa\/\">BYTOV\u00dd D\u016eM MARK\u00c9TA<\/a><\/span><\/h3>\n<hr \/>\n<p>Bytov\u00fd d\u016fm MARK\u00c9TA je z\u00e1stavbou do prostoru po odstran\u011bn\u00e9m b\u00fdval\u00e9m skladu obuvi. Ze z\u00e1padn\u00ed strany pozemek navazuje na st\u00e1vaj\u00edc\u00ed objekt b\u00fdval\u00e9 prodejny Ba\u0165a a z&nbsp;v\u00fdchodn\u00ed strany je v&nbsp;p\u0159\u00edm\u00e9m kontaktu s&nbsp;dal\u0161\u00edm bytov\u00fdm domem. Oba bytov\u00e9 domy maj\u00ed spole\u010dn\u011b navr\u017eenou severn\u00ed fas\u00e1du a jsou v\u00fd\u0161kov\u011b a tvarov\u011b velmi obdobn\u00e9. V&nbsp;bytov\u00e9m domu MARK\u00c9TA je 13 byt\u016f a v&nbsp;p\u0159\u00edzem\u00ed komer\u010dn\u00ed prostory.<\/p>\n<p>Komplex obou budov z\u00edskal TITUL PRESTA\u00a0 2020 - 2022 v&nbsp;kategorii bytov\u00e9 stavby.<\/p>\n<hr \/>\n<h5><\/h5>\n<h5 style=\"text-align: left;\"><\/h5>\n<p>&nbsp;<\/p>\n<\/div>\n<\/div><\/div><\/div><\/div><\/div><\/div><div id=\"pg-21-7\"  class=\"panel-grid panel-has-style\" ><div class=\"panel-row-style panel-row-style-for-21-7\" ><div id=\"pgc-21-7-0\"  class=\"panel-grid-cell panel-grid-cell-empty panel-grid-cell-mobile-last\" ><\/div><div id=\"pgc-21-7-1\"  class=\"panel-grid-cell panel-grid-cell-empty\" ><\/div><\/div><\/div><div id=\"pg-21-8\"  class=\"panel-grid panel-has-style\" ><div class=\"panel-row-style panel-row-style-for-21-8\" ><div id=\"pgc-21-8-0\"  class=\"panel-grid-cell\" ><div id=\"panel-21-8-0-0\" class=\"so-panel widget widget_sow-editor panel-first-child panel-last-child\" data-index=\"8\" ><div class=\"flash_inherit_color panel-widget-style panel-widget-style-for-21-8-0-0\" ><div\n\t\t\t\n\t\t\tclass=\"so-widget-sow-editor so-widget-sow-editor-base\"\n\t\t\t\n\t\t>\n<div class=\"siteorigin-widget-tinymce textwidget\">\n\t<h3><span style=\"color: #000000;\"><a style=\"color: #000000;\" href=\"http:\/\/znakon.cz\/reality\/investicni-vystavba\/\">POLYFUNK\u010cN\u00cd D\u016eM NA OHRAD\u011a<\/a><\/span><\/h3>\n<hr \/>\n<p><span style=\"color: #170d3e;\">Polyfunk\u010dn\u00ed d\u016fm Na Ohrad\u011b ve Strakonic\u00edch byl dokon\u010den na ja\u0159e 2020. D\u016fm nab\u00edz\u00ed modern\u00ed a pohodln\u00e9 bydlen\u00ed ve 46 bytech a 520 m2 komer\u010dn\u00edch ploch.\u00a0<\/span><\/p>\n<p>Polyfunk\u010dn\u00ed d\u016fm z\u00edskal<span style=\"color: #000000;\"> TITUL PRESTA 2018-2020 <\/span>v sout\u011b\u017ei presti\u017en\u00edch staveb ji\u017en\u00edch \u010cech v&nbsp;kategorii rodinn\u00e9 domy a bytov\u00e9 stavby.<\/p>\n<hr \/>\n<h5 style=\"text-align: left;\"><\/h5>\n<h2 style=\"text-align: left;\"><\/h2>\n<\/div>\n<\/div><\/div><\/div><\/div><div id=\"pgc-21-8-1\"  class=\"panel-grid-cell\" ><div id=\"panel-21-8-1-0\" class=\"so-panel widget widget_sow-image panel-first-child panel-last-child\" data-index=\"9\" ><div class=\"panel-widget-style panel-widget-style-for-21-8-1-0\" ><div\n\t\t\t\n\t\t\tclass=\"so-widget-sow-image so-widget-sow-image-default-c4f6304fc136-21\"\n\t\t\t\n\t\t>\n<div class=\"sow-image-container\">\n\t\t<img \n\tsrc=\"https:\/\/znakon.cz\/reality\/wp-content\/uploads\/sites\/5\/2020\/02\/komplet_1200x900-1.jpg\" width=\"1368\" height=\"900\" srcset=\"https:\/\/znakon.cz\/reality\/wp-content\/uploads\/sites\/5\/2020\/02\/komplet_1200x900-1.jpg 1368w, https:\/\/znakon.cz\/reality\/wp-content\/uploads\/sites\/5\/2020\/02\/komplet_1200x900-1-300x197.jpg 300w, https:\/\/znakon.cz\/reality\/wp-content\/uploads\/sites\/5\/2020\/02\/komplet_1200x900-1-1024x674.jpg 1024w, https:\/\/znakon.cz\/reality\/wp-content\/uploads\/sites\/5\/2020\/02\/komplet_1200x900-1-768x505.jpg 768w\" sizes=\"(max-width: 1368px) 100vw, 1368px\" title=\"komplet_1200x900\" alt=\"\" \t\tclass=\"so-widget-image\"\/>\n\t<\/div>\n\n<\/div><\/div><\/div><\/div><\/div><\/div><div id=\"pg-21-9\"  class=\"panel-grid panel-has-style\" ><div class=\"panel-row-style panel-row-style-for-21-9\" ><div id=\"pgc-21-9-0\"  class=\"panel-grid-cell panel-grid-cell-empty panel-grid-cell-mobile-last\" ><\/div><div id=\"pgc-21-9-1\"  class=\"panel-grid-cell panel-grid-cell-empty\" ><\/div><\/div><\/div><\/div>","protected":false},"excerpt":{"rendered":"<p>CARAVAN PARK HANG\u00c1R &#8211; LETI\u0160T\u011a STRAKONICE Caravan Park Hang\u00e1r je bezoblu\u017en\u00e9 parkovi\u0161t\u011b pro obytn\u00e1 auta a karavany. Caravan Park je [&hellip;]<\/p>\n","protected":false},"author":1,"featured_media":0,"parent":0,"menu_order":0,"comment_status":"closed","ping_status":"closed","template":"","meta":{"_monsterinsights_skip_tracking":false,"_monsterinsights_sitenote_active":false,"_monsterinsights_sitenote_note":"","_monsterinsights_sitenote_category":0,"footnotes":""},"_links":{"self":[{"href":"https:\/\/znakon.cz\/reality\/wp-json\/wp\/v2\/pages\/21"}],"collection":[{"href":"https:\/\/znakon.cz\/reality\/wp-json\/wp\/v2\/pages"}],"about":[{"href":"https:\/\/znakon.cz\/reality\/wp-json\/wp\/v2\/types\/page"}],"author":[{"embeddable":true,"href":"https:\/\/znakon.cz\/reality\/wp-json\/wp\/v2\/users\/1"}],"replies":[{"embeddable":true,"href":"https:\/\/znakon.cz\/reality\/wp-json\/wp\/v2\/comments?post=21"}],"version-history":[{"count":137,"href":"https:\/\/znakon.cz\/reality\/wp-json\/wp\/v2\/pages\/21\/revisions"}],"predecessor-version":[{"id":464,"href":"https:\/\/znakon.cz\/reality\/wp-json\/wp\/v2\/pages\/21\/revisions\/464"}],"wp:attachment":[{"href":"https:\/\/znakon.cz\/reality\/wp-json\/wp\/v2\/media?parent=21"}],"curies":[{"name":"wp","href":"https:\/\/api.w.org\/{rel}","templated":true}]}}