{"id":36,"date":"2018-02-12T21:46:01","date_gmt":"2018-02-12T20:46:01","guid":{"rendered":"http:\/\/znakon.cz\/18\/reality\/?page_id=36"},"modified":"2022-02-07T11:11:40","modified_gmt":"2022-02-07T10:11:40","slug":"investicni-vystavba","status":"publish","type":"page","link":"https:\/\/znakon.cz\/reality\/investicni-vystavba\/","title":{"rendered":"Polyfunk\u010dn\u00ed d\u016fm Na Ohrad\u011b, Strakonice"},"content":{"rendered":"<div id=\"pl-36\"  class=\"panel-layout\" ><div id=\"pg-36-0\"  class=\"panel-grid panel-no-style\" ><div id=\"pgc-36-0-0\"  class=\"panel-grid-cell\" ><div id=\"panel-36-0-0-0\" class=\"so-panel widget widget_sow-editor panel-first-child panel-last-child\" data-index=\"0\" ><div class=\"panel-widget-style panel-widget-style-for-36-0-0-0\" ><div\n\t\t\t\n\t\t\tclass=\"so-widget-sow-editor so-widget-sow-editor-base\"\n\t\t\t\n\t\t>\n<div class=\"siteorigin-widget-tinymce textwidget\">\n\t<\/div>\n<\/div><\/div><\/div><\/div><\/div><div id=\"pg-36-1\"  class=\"panel-grid panel-no-style\" ><div id=\"pgc-36-1-0\"  class=\"panel-grid-cell\" ><div id=\"panel-36-1-0-0\" class=\"so-panel widget widget_sow-editor panel-first-child panel-last-child\" data-index=\"1\" ><div\n\t\t\t\n\t\t\tclass=\"so-widget-sow-editor so-widget-sow-editor-base\"\n\t\t\t\n\t\t>\n<div class=\"siteorigin-widget-tinymce textwidget\">\n\t<h2 style=\"text-align: center;\"><\/h2>\n<div id='gallery-1' class='gallery galleryid-36 gallery-columns-5 gallery-size-full'><figure class='gallery-item'>\n\t\t\t<div class='gallery-icon landscape'>\n\t\t\t\t<a href='https:\/\/znakon.cz\/reality\/wp-content\/uploads\/sites\/5\/2020\/01\/2017.03.03_1200x900.jpg'><img loading=\"lazy\" decoding=\"async\" width=\"1200\" height=\"900\" src=\"https:\/\/znakon.cz\/reality\/wp-content\/uploads\/sites\/5\/2020\/01\/2017.03.03_1200x900.jpg\" class=\"attachment-full size-full\" alt=\"\" srcset=\"https:\/\/znakon.cz\/reality\/wp-content\/uploads\/sites\/5\/2020\/01\/2017.03.03_1200x900.jpg 1200w, https:\/\/znakon.cz\/reality\/wp-content\/uploads\/sites\/5\/2020\/01\/2017.03.03_1200x900-300x225.jpg 300w, https:\/\/znakon.cz\/reality\/wp-content\/uploads\/sites\/5\/2020\/01\/2017.03.03_1200x900-768x576.jpg 768w, https:\/\/znakon.cz\/reality\/wp-content\/uploads\/sites\/5\/2020\/01\/2017.03.03_1200x900-1024x768.jpg 1024w\" sizes=\"(max-width: 1200px) 100vw, 1200px\" \/><\/a>\n\t\t\t<\/div><\/figure><figure class='gallery-item'>\n\t\t\t<div class='gallery-icon landscape'>\n\t\t\t\t<a href='https:\/\/znakon.cz\/reality\/wp-content\/uploads\/sites\/5\/2020\/01\/2018.01.29_1200x900.jpg'><img loading=\"lazy\" decoding=\"async\" width=\"1200\" height=\"900\" src=\"https:\/\/znakon.cz\/reality\/wp-content\/uploads\/sites\/5\/2020\/01\/2018.01.29_1200x900.jpg\" class=\"attachment-full size-full\" alt=\"\" srcset=\"https:\/\/znakon.cz\/reality\/wp-content\/uploads\/sites\/5\/2020\/01\/2018.01.29_1200x900.jpg 1200w, https:\/\/znakon.cz\/reality\/wp-content\/uploads\/sites\/5\/2020\/01\/2018.01.29_1200x900-300x225.jpg 300w, https:\/\/znakon.cz\/reality\/wp-content\/uploads\/sites\/5\/2020\/01\/2018.01.29_1200x900-768x576.jpg 768w, https:\/\/znakon.cz\/reality\/wp-content\/uploads\/sites\/5\/2020\/01\/2018.01.29_1200x900-1024x768.jpg 1024w\" sizes=\"(max-width: 1200px) 100vw, 1200px\" \/><\/a>\n\t\t\t<\/div><\/figure><figure class='gallery-item'>\n\t\t\t<div class='gallery-icon landscape'>\n\t\t\t\t<a href='https:\/\/znakon.cz\/reality\/wp-content\/uploads\/sites\/5\/2020\/01\/2017.07.03_1200x900.jpg'><img loading=\"lazy\" decoding=\"async\" width=\"1200\" height=\"900\" src=\"https:\/\/znakon.cz\/reality\/wp-content\/uploads\/sites\/5\/2020\/01\/2017.07.03_1200x900.jpg\" class=\"attachment-full size-full\" alt=\"\" srcset=\"https:\/\/znakon.cz\/reality\/wp-content\/uploads\/sites\/5\/2020\/01\/2017.07.03_1200x900.jpg 1200w, https:\/\/znakon.cz\/reality\/wp-content\/uploads\/sites\/5\/2020\/01\/2017.07.03_1200x900-300x225.jpg 300w, https:\/\/znakon.cz\/reality\/wp-content\/uploads\/sites\/5\/2020\/01\/2017.07.03_1200x900-768x576.jpg 768w, https:\/\/znakon.cz\/reality\/wp-content\/uploads\/sites\/5\/2020\/01\/2017.07.03_1200x900-1024x768.jpg 1024w\" sizes=\"(max-width: 1200px) 100vw, 1200px\" \/><\/a>\n\t\t\t<\/div><\/figure><figure class='gallery-item'>\n\t\t\t<div class='gallery-icon landscape'>\n\t\t\t\t<a href='https:\/\/znakon.cz\/reality\/wp-content\/uploads\/sites\/5\/2020\/01\/2018.04.19_1200x900.jpg'><img loading=\"lazy\" decoding=\"async\" width=\"1200\" height=\"900\" src=\"https:\/\/znakon.cz\/reality\/wp-content\/uploads\/sites\/5\/2020\/01\/2018.04.19_1200x900.jpg\" class=\"attachment-full size-full\" alt=\"\" srcset=\"https:\/\/znakon.cz\/reality\/wp-content\/uploads\/sites\/5\/2020\/01\/2018.04.19_1200x900.jpg 1200w, https:\/\/znakon.cz\/reality\/wp-content\/uploads\/sites\/5\/2020\/01\/2018.04.19_1200x900-300x225.jpg 300w, https:\/\/znakon.cz\/reality\/wp-content\/uploads\/sites\/5\/2020\/01\/2018.04.19_1200x900-768x576.jpg 768w, https:\/\/znakon.cz\/reality\/wp-content\/uploads\/sites\/5\/2020\/01\/2018.04.19_1200x900-1024x768.jpg 1024w\" sizes=\"(max-width: 1200px) 100vw, 1200px\" \/><\/a>\n\t\t\t<\/div><\/figure><figure class='gallery-item'>\n\t\t\t<div class='gallery-icon landscape'>\n\t\t\t\t<a href='https:\/\/znakon.cz\/reality\/wp-content\/uploads\/sites\/5\/2020\/01\/2018.05.15_1200x900.jpg'><img loading=\"lazy\" decoding=\"async\" width=\"1200\" height=\"900\" src=\"https:\/\/znakon.cz\/reality\/wp-content\/uploads\/sites\/5\/2020\/01\/2018.05.15_1200x900.jpg\" class=\"attachment-full size-full\" alt=\"\" srcset=\"https:\/\/znakon.cz\/reality\/wp-content\/uploads\/sites\/5\/2020\/01\/2018.05.15_1200x900.jpg 1200w, https:\/\/znakon.cz\/reality\/wp-content\/uploads\/sites\/5\/2020\/01\/2018.05.15_1200x900-300x225.jpg 300w, https:\/\/znakon.cz\/reality\/wp-content\/uploads\/sites\/5\/2020\/01\/2018.05.15_1200x900-768x576.jpg 768w, https:\/\/znakon.cz\/reality\/wp-content\/uploads\/sites\/5\/2020\/01\/2018.05.15_1200x900-1024x768.jpg 1024w\" sizes=\"(max-width: 1200px) 100vw, 1200px\" \/><\/a>\n\t\t\t<\/div><\/figure><figure class='gallery-item'>\n\t\t\t<div class='gallery-icon landscape'>\n\t\t\t\t<a href='https:\/\/znakon.cz\/reality\/wp-content\/uploads\/sites\/5\/2020\/01\/2018.06.12_1200x900.jpg'><img loading=\"lazy\" decoding=\"async\" width=\"1200\" height=\"900\" src=\"https:\/\/znakon.cz\/reality\/wp-content\/uploads\/sites\/5\/2020\/01\/2018.06.12_1200x900.jpg\" class=\"attachment-full size-full\" alt=\"\" srcset=\"https:\/\/znakon.cz\/reality\/wp-content\/uploads\/sites\/5\/2020\/01\/2018.06.12_1200x900.jpg 1200w, https:\/\/znakon.cz\/reality\/wp-content\/uploads\/sites\/5\/2020\/01\/2018.06.12_1200x900-300x225.jpg 300w, https:\/\/znakon.cz\/reality\/wp-content\/uploads\/sites\/5\/2020\/01\/2018.06.12_1200x900-768x576.jpg 768w, https:\/\/znakon.cz\/reality\/wp-content\/uploads\/sites\/5\/2020\/01\/2018.06.12_1200x900-1024x768.jpg 1024w\" sizes=\"(max-width: 1200px) 100vw, 1200px\" \/><\/a>\n\t\t\t<\/div><\/figure><figure class='gallery-item'>\n\t\t\t<div class='gallery-icon landscape'>\n\t\t\t\t<a href='https:\/\/znakon.cz\/reality\/wp-content\/uploads\/sites\/5\/2020\/01\/2018.09.12_1200x900.jpg'><img loading=\"lazy\" decoding=\"async\" width=\"1200\" height=\"900\" src=\"https:\/\/znakon.cz\/reality\/wp-content\/uploads\/sites\/5\/2020\/01\/2018.09.12_1200x900.jpg\" class=\"attachment-full size-full\" alt=\"\" srcset=\"https:\/\/znakon.cz\/reality\/wp-content\/uploads\/sites\/5\/2020\/01\/2018.09.12_1200x900.jpg 1200w, https:\/\/znakon.cz\/reality\/wp-content\/uploads\/sites\/5\/2020\/01\/2018.09.12_1200x900-300x225.jpg 300w, https:\/\/znakon.cz\/reality\/wp-content\/uploads\/sites\/5\/2020\/01\/2018.09.12_1200x900-768x576.jpg 768w, https:\/\/znakon.cz\/reality\/wp-content\/uploads\/sites\/5\/2020\/01\/2018.09.12_1200x900-1024x768.jpg 1024w\" sizes=\"(max-width: 1200px) 100vw, 1200px\" \/><\/a>\n\t\t\t<\/div><\/figure><figure class='gallery-item'>\n\t\t\t<div class='gallery-icon landscape'>\n\t\t\t\t<a href='https:\/\/znakon.cz\/reality\/wp-content\/uploads\/sites\/5\/2020\/01\/2018.10.23_1200x900.jpg'><img loading=\"lazy\" decoding=\"async\" width=\"1200\" height=\"900\" src=\"https:\/\/znakon.cz\/reality\/wp-content\/uploads\/sites\/5\/2020\/01\/2018.10.23_1200x900.jpg\" class=\"attachment-full size-full\" alt=\"\" srcset=\"https:\/\/znakon.cz\/reality\/wp-content\/uploads\/sites\/5\/2020\/01\/2018.10.23_1200x900.jpg 1200w, https:\/\/znakon.cz\/reality\/wp-content\/uploads\/sites\/5\/2020\/01\/2018.10.23_1200x900-300x225.jpg 300w, https:\/\/znakon.cz\/reality\/wp-content\/uploads\/sites\/5\/2020\/01\/2018.10.23_1200x900-768x576.jpg 768w, https:\/\/znakon.cz\/reality\/wp-content\/uploads\/sites\/5\/2020\/01\/2018.10.23_1200x900-1024x768.jpg 1024w\" sizes=\"(max-width: 1200px) 100vw, 1200px\" \/><\/a>\n\t\t\t<\/div><\/figure><figure class='gallery-item'>\n\t\t\t<div class='gallery-icon landscape'>\n\t\t\t\t<a href='https:\/\/znakon.cz\/reality\/wp-content\/uploads\/sites\/5\/2020\/01\/2018.11.16_1200x900.jpg'><img loading=\"lazy\" decoding=\"async\" width=\"1200\" height=\"900\" src=\"https:\/\/znakon.cz\/reality\/wp-content\/uploads\/sites\/5\/2020\/01\/2018.11.16_1200x900.jpg\" class=\"attachment-full size-full\" alt=\"\" srcset=\"https:\/\/znakon.cz\/reality\/wp-content\/uploads\/sites\/5\/2020\/01\/2018.11.16_1200x900.jpg 1200w, https:\/\/znakon.cz\/reality\/wp-content\/uploads\/sites\/5\/2020\/01\/2018.11.16_1200x900-300x225.jpg 300w, https:\/\/znakon.cz\/reality\/wp-content\/uploads\/sites\/5\/2020\/01\/2018.11.16_1200x900-768x576.jpg 768w, https:\/\/znakon.cz\/reality\/wp-content\/uploads\/sites\/5\/2020\/01\/2018.11.16_1200x900-1024x768.jpg 1024w\" sizes=\"(max-width: 1200px) 100vw, 1200px\" \/><\/a>\n\t\t\t<\/div><\/figure><figure class='gallery-item'>\n\t\t\t<div class='gallery-icon landscape'>\n\t\t\t\t<a href='https:\/\/znakon.cz\/reality\/wp-content\/uploads\/sites\/5\/2020\/01\/2018.12.06_1200x900.jpg'><img loading=\"lazy\" decoding=\"async\" width=\"1200\" height=\"900\" src=\"https:\/\/znakon.cz\/reality\/wp-content\/uploads\/sites\/5\/2020\/01\/2018.12.06_1200x900.jpg\" class=\"attachment-full size-full\" alt=\"\" srcset=\"https:\/\/znakon.cz\/reality\/wp-content\/uploads\/sites\/5\/2020\/01\/2018.12.06_1200x900.jpg 1200w, https:\/\/znakon.cz\/reality\/wp-content\/uploads\/sites\/5\/2020\/01\/2018.12.06_1200x900-300x225.jpg 300w, https:\/\/znakon.cz\/reality\/wp-content\/uploads\/sites\/5\/2020\/01\/2018.12.06_1200x900-768x576.jpg 768w, https:\/\/znakon.cz\/reality\/wp-content\/uploads\/sites\/5\/2020\/01\/2018.12.06_1200x900-1024x768.jpg 1024w\" sizes=\"(max-width: 1200px) 100vw, 1200px\" \/><\/a>\n\t\t\t<\/div><\/figure><figure class='gallery-item'>\n\t\t\t<div class='gallery-icon landscape'>\n\t\t\t\t<a href='https:\/\/znakon.cz\/reality\/wp-content\/uploads\/sites\/5\/2020\/01\/2019.03.13_1200x900.jpg'><img loading=\"lazy\" decoding=\"async\" width=\"1200\" height=\"900\" src=\"https:\/\/znakon.cz\/reality\/wp-content\/uploads\/sites\/5\/2020\/01\/2019.03.13_1200x900.jpg\" class=\"attachment-full size-full\" alt=\"\" srcset=\"https:\/\/znakon.cz\/reality\/wp-content\/uploads\/sites\/5\/2020\/01\/2019.03.13_1200x900.jpg 1200w, https:\/\/znakon.cz\/reality\/wp-content\/uploads\/sites\/5\/2020\/01\/2019.03.13_1200x900-300x225.jpg 300w, https:\/\/znakon.cz\/reality\/wp-content\/uploads\/sites\/5\/2020\/01\/2019.03.13_1200x900-768x576.jpg 768w, https:\/\/znakon.cz\/reality\/wp-content\/uploads\/sites\/5\/2020\/01\/2019.03.13_1200x900-1024x768.jpg 1024w\" sizes=\"(max-width: 1200px) 100vw, 1200px\" \/><\/a>\n\t\t\t<\/div><\/figure><figure class='gallery-item'>\n\t\t\t<div class='gallery-icon landscape'>\n\t\t\t\t<a href='https:\/\/znakon.cz\/reality\/wp-content\/uploads\/sites\/5\/2020\/01\/2019.05.23_1200x900.jpg'><img loading=\"lazy\" decoding=\"async\" width=\"1200\" height=\"900\" src=\"https:\/\/znakon.cz\/reality\/wp-content\/uploads\/sites\/5\/2020\/01\/2019.05.23_1200x900.jpg\" class=\"attachment-full size-full\" alt=\"\" srcset=\"https:\/\/znakon.cz\/reality\/wp-content\/uploads\/sites\/5\/2020\/01\/2019.05.23_1200x900.jpg 1200w, https:\/\/znakon.cz\/reality\/wp-content\/uploads\/sites\/5\/2020\/01\/2019.05.23_1200x900-300x225.jpg 300w, https:\/\/znakon.cz\/reality\/wp-content\/uploads\/sites\/5\/2020\/01\/2019.05.23_1200x900-768x576.jpg 768w, https:\/\/znakon.cz\/reality\/wp-content\/uploads\/sites\/5\/2020\/01\/2019.05.23_1200x900-1024x768.jpg 1024w\" sizes=\"(max-width: 1200px) 100vw, 1200px\" \/><\/a>\n\t\t\t<\/div><\/figure><figure class='gallery-item'>\n\t\t\t<div class='gallery-icon landscape'>\n\t\t\t\t<a href='https:\/\/znakon.cz\/reality\/wp-content\/uploads\/sites\/5\/2020\/01\/2019.09.05_1200x900.jpg'><img loading=\"lazy\" decoding=\"async\" width=\"1200\" height=\"900\" src=\"https:\/\/znakon.cz\/reality\/wp-content\/uploads\/sites\/5\/2020\/01\/2019.09.05_1200x900.jpg\" class=\"attachment-full size-full\" alt=\"\" srcset=\"https:\/\/znakon.cz\/reality\/wp-content\/uploads\/sites\/5\/2020\/01\/2019.09.05_1200x900.jpg 1200w, https:\/\/znakon.cz\/reality\/wp-content\/uploads\/sites\/5\/2020\/01\/2019.09.05_1200x900-300x225.jpg 300w, https:\/\/znakon.cz\/reality\/wp-content\/uploads\/sites\/5\/2020\/01\/2019.09.05_1200x900-768x576.jpg 768w, https:\/\/znakon.cz\/reality\/wp-content\/uploads\/sites\/5\/2020\/01\/2019.09.05_1200x900-1024x768.jpg 1024w\" sizes=\"(max-width: 1200px) 100vw, 1200px\" \/><\/a>\n\t\t\t<\/div><\/figure><figure class='gallery-item'>\n\t\t\t<div class='gallery-icon landscape'>\n\t\t\t\t<a href='https:\/\/znakon.cz\/reality\/wp-content\/uploads\/sites\/5\/2020\/01\/IMG_20191204_114315_1200x900.jpg'><img loading=\"lazy\" decoding=\"async\" width=\"1200\" height=\"900\" src=\"https:\/\/znakon.cz\/reality\/wp-content\/uploads\/sites\/5\/2020\/01\/IMG_20191204_114315_1200x900.jpg\" class=\"attachment-full size-full\" alt=\"\" srcset=\"https:\/\/znakon.cz\/reality\/wp-content\/uploads\/sites\/5\/2020\/01\/IMG_20191204_114315_1200x900.jpg 1200w, https:\/\/znakon.cz\/reality\/wp-content\/uploads\/sites\/5\/2020\/01\/IMG_20191204_114315_1200x900-300x225.jpg 300w, https:\/\/znakon.cz\/reality\/wp-content\/uploads\/sites\/5\/2020\/01\/IMG_20191204_114315_1200x900-768x576.jpg 768w, https:\/\/znakon.cz\/reality\/wp-content\/uploads\/sites\/5\/2020\/01\/IMG_20191204_114315_1200x900-1024x768.jpg 1024w\" sizes=\"(max-width: 1200px) 100vw, 1200px\" \/><\/a>\n\t\t\t<\/div><\/figure><figure class='gallery-item'>\n\t\t\t<div class='gallery-icon landscape'>\n\t\t\t\t<a href='https:\/\/znakon.cz\/reality\/wp-content\/uploads\/sites\/5\/2020\/02\/budova-1200x900-1.jpg'><img loading=\"lazy\" decoding=\"async\" width=\"1200\" height=\"900\" src=\"https:\/\/znakon.cz\/reality\/wp-content\/uploads\/sites\/5\/2020\/02\/budova-1200x900-1.jpg\" class=\"attachment-full size-full\" alt=\"\" srcset=\"https:\/\/znakon.cz\/reality\/wp-content\/uploads\/sites\/5\/2020\/02\/budova-1200x900-1.jpg 1200w, https:\/\/znakon.cz\/reality\/wp-content\/uploads\/sites\/5\/2020\/02\/budova-1200x900-1-300x225.jpg 300w, https:\/\/znakon.cz\/reality\/wp-content\/uploads\/sites\/5\/2020\/02\/budova-1200x900-1-1024x768.jpg 1024w, https:\/\/znakon.cz\/reality\/wp-content\/uploads\/sites\/5\/2020\/02\/budova-1200x900-1-768x576.jpg 768w\" sizes=\"(max-width: 1200px) 100vw, 1200px\" \/><\/a>\n\t\t\t<\/div><\/figure>\n\t\t<\/div>\n\n<hr \/>\n<h2 style=\"text-align: center;\"><\/h2>\n<p>&nbsp;<\/p>\n<\/div>\n<\/div><\/div><\/div><\/div><\/div>","protected":false},"excerpt":{"rendered":"<p>&nbsp;<\/p>\n","protected":false},"author":1,"featured_media":0,"parent":0,"menu_order":0,"comment_status":"closed","ping_status":"closed","template":"page-templates\/pagebuilder.php","meta":{"_monsterinsights_skip_tracking":false,"_monsterinsights_sitenote_active":false,"_monsterinsights_sitenote_note":"","_monsterinsights_sitenote_category":0,"footnotes":""},"_links":{"self":[{"href":"https:\/\/znakon.cz\/reality\/wp-json\/wp\/v2\/pages\/36"}],"collection":[{"href":"https:\/\/znakon.cz\/reality\/wp-json\/wp\/v2\/pages"}],"about":[{"href":"https:\/\/znakon.cz\/reality\/wp-json\/wp\/v2\/types\/page"}],"author":[{"embeddable":true,"href":"https:\/\/znakon.cz\/reality\/wp-json\/wp\/v2\/users\/1"}],"replies":[{"embeddable":true,"href":"https:\/\/znakon.cz\/reality\/wp-json\/wp\/v2\/comments?post=36"}],"version-history":[{"count":47,"href":"https:\/\/znakon.cz\/reality\/wp-json\/wp\/v2\/pages\/36\/revisions"}],"predecessor-version":[{"id":288,"href":"https:\/\/znakon.cz\/reality\/wp-json\/wp\/v2\/pages\/36\/revisions\/288"}],"wp:attachment":[{"href":"https:\/\/znakon.cz\/reality\/wp-json\/wp\/v2\/media?parent=36"}],"curies":[{"name":"wp","href":"https:\/\/api.w.org\/{rel}","templated":true}]}}