{"id":38,"date":"2018-02-12T21:47:20","date_gmt":"2018-02-12T20:47:20","guid":{"rendered":"http:\/\/znakon.cz\/18\/reality\/?page_id=38"},"modified":"2018-03-08T08:23:19","modified_gmt":"2018-03-08T07:23:19","slug":"obnovitelne-zdroje","status":"publish","type":"page","link":"https:\/\/znakon.cz\/reality\/obnovitelne-zdroje\/","title":{"rendered":"OBNOVITELN\u00c9 ZDROJE"},"content":{"rendered":"<div id=\"pl-38\"  class=\"panel-layout\" ><div id=\"pg-38-0\"  class=\"panel-grid panel-no-style\" ><div id=\"pgc-38-0-0\"  class=\"panel-grid-cell\" ><div id=\"panel-38-0-0-0\" class=\"so-panel widget widget_sow-editor panel-first-child panel-last-child\" data-index=\"0\" ><div\n\t\t\t\n\t\t\tclass=\"so-widget-sow-editor so-widget-sow-editor-base\"\n\t\t\t\n\t\t>\n<div class=\"siteorigin-widget-tinymce textwidget\">\n\t<p>FVE Jaro\u0161ov nad Ne\u017e\u00e1rkou<br \/>378&nbsp;41 Jind\u0159ich\u016fv Hradec<\/p>\n<p>Solar Jaro\u0161ov, s.r.o.<br \/>\u010d.p. 44, 386&nbsp;01 Sousedovice<br \/>I\u010cO: 28110773<\/p>\n<p><img loading=\"lazy\" decoding=\"async\" class=\"size-full wp-image-73 alignnone\" src=\"http:\/\/znakon.cz\/reality\/wp-content\/uploads\/sites\/5\/2018\/02\/jarosov-1.jpg\" alt=\"\" width=\"614\" height=\"460\" srcset=\"https:\/\/znakon.cz\/reality\/wp-content\/uploads\/sites\/5\/2018\/02\/jarosov-1.jpg 614w, https:\/\/znakon.cz\/reality\/wp-content\/uploads\/sites\/5\/2018\/02\/jarosov-1-300x225.jpg 300w\" sizes=\"(max-width: 614px) 100vw, 614px\" \/><\/p>\n<p>Fotovoltaick\u00e1 elektr\u00e1rna Jaro\u0161ov nad Ne\u017e\u00e1rkou o v\u00fdkonu 2.108 MW<\/p>\n<\/div>\n<\/div><\/div><\/div><div id=\"pgc-38-0-1\"  class=\"panel-grid-cell\" ><div id=\"panel-38-0-1-0\" class=\"so-panel widget widget_sow-google-map panel-first-child\" data-index=\"1\" ><div\n\t\t\t\n\t\t\tclass=\"so-widget-sow-google-map so-widget-sow-google-map-default-5006d6f6236c-38\"\n\t\t\t\n\t\t>\n<div class=\"sow-google-map-canvas\"\n\tstyle=\"\"\n\tid=\"map-canvas-940c46fa8f031314ef8a02e5b7b7b1ba\"\n\tdata-options=\"{&quot;address&quot;:&quot;Jaro\\u0161ov nad Ne\\u017e\\u00e1rkou&quot;,&quot;zoom&quot;:12,&quot;mobileZoom&quot;:12,&quot;gestureHandling&quot;:&quot;greedy&quot;,&quot;disableUi&quot;:false,&quot;markerIcon&quot;:false,&quot;markersDraggable&quot;:false,&quot;markerAtCenter&quot;:true,&quot;markerInfoDisplay&quot;:&quot;click&quot;,&quot;markerInfoMultiple&quot;:true,&quot;markerPositions&quot;:false,&quot;mapName&quot;:false,&quot;mapStyles&quot;:false,&quot;directions&quot;:&quot;&quot;,&quot;apiKey&quot;:&quot;AIzaSyACL8EbdKLHXEWOZOGJFD1MhcAR28Qkfp0&quot;,&quot;breakpoint&quot;:780,&quot;id&quot;:&quot;69f8c2&quot;}\"\n\tdata-fallback-image=\"{&quot;img&quot;:&quot;&quot;}\"><\/div>\n<\/div><\/div><div id=\"panel-38-0-1-1\" class=\"so-panel widget widget_sow-editor panel-last-child\" data-index=\"2\" ><div class=\"panel-widget-style panel-widget-style-for-38-0-1-1\" ><div\n\t\t\t\n\t\t\tclass=\"so-widget-sow-editor so-widget-sow-editor-base\"\n\t\t\t\n\t\t><h3 class=\"widget-title\">Napi\u0161te n\u00e1m<\/h3>\n<div class=\"siteorigin-widget-tinymce textwidget\">\n\t\n<div class=\"wpcf7 no-js\" id=\"wpcf7-f51-o1\" lang=\"cs-CZ\" dir=\"ltr\">\n<div class=\"screen-reader-response\"><p role=\"status\" aria-live=\"polite\" aria-atomic=\"true\"><\/p> <ul><\/ul><\/div>\n<form action=\"\/reality\/wp-json\/wp\/v2\/pages\/38#wpcf7-f51-o1\" method=\"post\" class=\"wpcf7-form init\" aria-label=\"Kontaktn\u00ed formul\u00e1\u0159\" novalidate=\"novalidate\" data-status=\"init\">\n<div style=\"display: none;\">\n<input type=\"hidden\" name=\"_wpcf7\" value=\"51\" \/>\n<input type=\"hidden\" name=\"_wpcf7_version\" value=\"5.9.8\" \/>\n<input type=\"hidden\" name=\"_wpcf7_locale\" value=\"cs_CZ\" \/>\n<input type=\"hidden\" name=\"_wpcf7_unit_tag\" value=\"wpcf7-f51-o1\" \/>\n<input type=\"hidden\" name=\"_wpcf7_container_post\" value=\"0\" \/>\n<input type=\"hidden\" name=\"_wpcf7_posted_data_hash\" value=\"\" \/>\n<input type=\"hidden\" name=\"_wpcf7_recaptcha_response\" value=\"\" \/>\n<\/div>\n<p><label> Va\u0161e jm\u00e9no (vy\u017eadov\u00e1no)<br \/>\n<span class=\"wpcf7-form-control-wrap\" data-name=\"your-name\"><input size=\"40\" maxlength=\"400\" class=\"wpcf7-form-control wpcf7-text wpcf7-validates-as-required\" aria-required=\"true\" aria-invalid=\"false\" value=\"\" type=\"text\" name=\"your-name\" \/><\/span> <\/label>\n<\/p>\n<p><label> V\u00e1\u0161 e-mail (vy\u017eadov\u00e1no)<br \/>\n<span class=\"wpcf7-form-control-wrap\" data-name=\"your-email\"><input size=\"40\" maxlength=\"400\" class=\"wpcf7-form-control wpcf7-email wpcf7-validates-as-required wpcf7-text wpcf7-validates-as-email\" aria-required=\"true\" aria-invalid=\"false\" value=\"\" type=\"email\" name=\"your-email\" \/><\/span> <\/label>\n<\/p>\n<p><label> P\u0159edm\u011bt<br \/>\n<span class=\"wpcf7-form-control-wrap\" data-name=\"your-subject\"><input size=\"40\" maxlength=\"400\" class=\"wpcf7-form-control wpcf7-text\" aria-invalid=\"false\" value=\"\" type=\"text\" name=\"your-subject\" \/><\/span> <\/label>\n<\/p>\n<p><label> Va\u0161e zpr\u00e1va<br \/>\n<span class=\"wpcf7-form-control-wrap\" data-name=\"your-message\"><textarea cols=\"40\" rows=\"10\" maxlength=\"2000\" class=\"wpcf7-form-control wpcf7-textarea\" aria-invalid=\"false\" name=\"your-message\"><\/textarea><\/span> <\/label>\n<\/p>\n<p><input class=\"wpcf7-form-control wpcf7-submit has-spinner\" type=\"submit\" value=\"Odeslat\" \/>\n<\/p><div class=\"wpcf7-response-output\" aria-hidden=\"true\"><\/div>\n<\/form>\n<\/div>\n\n<\/div>\n<\/div><\/div><\/div><\/div><\/div><\/div>","protected":false},"excerpt":{"rendered":"<p>FVE Jaro\u0161ov nad Ne\u017e\u00e1rkou378&nbsp;41 Jind\u0159ich\u016fv Hradec Solar Jaro\u0161ov, s.r.o.\u010d.p. 44, 386&nbsp;01 SousedoviceI\u010cO: 28110773 Fotovoltaick\u00e1 elektr\u00e1rna Jaro\u0161ov nad Ne\u017e\u00e1rkou [&hellip;]<\/p>\n","protected":false},"author":1,"featured_media":0,"parent":0,"menu_order":0,"comment_status":"closed","ping_status":"closed","template":"","meta":{"_monsterinsights_skip_tracking":false,"_monsterinsights_sitenote_active":false,"_monsterinsights_sitenote_note":"","_monsterinsights_sitenote_category":0,"footnotes":""},"_links":{"self":[{"href":"https:\/\/znakon.cz\/reality\/wp-json\/wp\/v2\/pages\/38"}],"collection":[{"href":"https:\/\/znakon.cz\/reality\/wp-json\/wp\/v2\/pages"}],"about":[{"href":"https:\/\/znakon.cz\/reality\/wp-json\/wp\/v2\/types\/page"}],"author":[{"embeddable":true,"href":"https:\/\/znakon.cz\/reality\/wp-json\/wp\/v2\/users\/1"}],"replies":[{"embeddable":true,"href":"https:\/\/znakon.cz\/reality\/wp-json\/wp\/v2\/comments?post=38"}],"version-history":[{"count":21,"href":"https:\/\/znakon.cz\/reality\/wp-json\/wp\/v2\/pages\/38\/revisions"}],"predecessor-version":[{"id":125,"href":"https:\/\/znakon.cz\/reality\/wp-json\/wp\/v2\/pages\/38\/revisions\/125"}],"wp:attachment":[{"href":"https:\/\/znakon.cz\/reality\/wp-json\/wp\/v2\/media?parent=38"}],"curies":[{"name":"wp","href":"https:\/\/api.w.org\/{rel}","templated":true}]}}