{"id":13,"date":"2018-01-11T13:43:56","date_gmt":"2018-01-11T12:43:56","guid":{"rendered":"http:\/\/znakon.cz\/18\/servis\/?page_id=13"},"modified":"2024-01-19T08:58:13","modified_gmt":"2024-01-19T07:58:13","slug":"homepage-servis","status":"publish","type":"page","link":"https:\/\/znakon.cz\/servis\/","title":{"rendered":"homepage-servis"},"content":{"rendered":"<div id=\"pl-13\"  class=\"panel-layout\" ><div id=\"pg-13-0\"  class=\"panel-grid panel-has-style\" ><div class=\"siteorigin-panels-stretch panel-row-style panel-row-style-for-13-0\" data-stretch-type=\"full-width-stretch\" ><div id=\"pgc-13-0-0\"  class=\"panel-grid-cell\" ><div id=\"panel-13-0-0-0\" class=\"so-panel widget widget_sow-image panel-first-child panel-last-child\" data-index=\"0\" ><div\n\t\t\t\n\t\t\tclass=\"so-widget-sow-image so-widget-sow-image-default-8b5b6f678277-13\"\n\t\t\t\n\t\t>\n<div class=\"sow-image-container\">\n\t\t<img \n\tsrc=\"https:\/\/znakon.cz\/servis\/wp-content\/uploads\/sites\/3\/2024\/01\/slide2-2-scaled.jpg\" width=\"2560\" height=\"934\" srcset=\"https:\/\/znakon.cz\/servis\/wp-content\/uploads\/sites\/3\/2024\/01\/slide2-2-scaled.jpg 2560w, https:\/\/znakon.cz\/servis\/wp-content\/uploads\/sites\/3\/2024\/01\/slide2-2-300x110.jpg 300w, https:\/\/znakon.cz\/servis\/wp-content\/uploads\/sites\/3\/2024\/01\/slide2-2-1024x374.jpg 1024w, https:\/\/znakon.cz\/servis\/wp-content\/uploads\/sites\/3\/2024\/01\/slide2-2-768x280.jpg 768w, https:\/\/znakon.cz\/servis\/wp-content\/uploads\/sites\/3\/2024\/01\/slide2-2-1536x561.jpg 1536w, https:\/\/znakon.cz\/servis\/wp-content\/uploads\/sites\/3\/2024\/01\/slide2-2-2048x748.jpg 2048w\" sizes=\"(max-width: 2560px) 100vw, 2560px\" title=\"slide2\" alt=\"\" \t\tclass=\"so-widget-image\"\/>\n\t<\/div>\n\n<\/div><\/div><\/div><\/div><\/div><div id=\"pg-13-1\"  class=\"panel-grid panel-has-style\" ><div class=\"siteorigin-panels-stretch panel-row-style panel-row-style-for-13-1\" data-stretch-type=\"full\" ><div id=\"pgc-13-1-0\"  class=\"panel-grid-cell\" ><div id=\"panel-13-1-0-0\" class=\"so-panel widget widget_text panel-first-child panel-last-child\" data-index=\"1\" >\t\t\t<div class=\"textwidget\"><p>Znakon Servis s.r.o. zaji\u0161\u0165uje dopravu, stavebn\u00ed stroje a mechanizaci pro ZNAKON, a.s. a dal\u0161\u00ed extern\u00ed spole\u010dnosti. Disponuje \u0161irokou nab\u00eddkou modern\u00ed techniky pro dopravn\u00ed, in\u017een\u00fdrsk\u00e9 a pozemn\u00ed \u010dinnosti.<\/p>\n<\/div>\n\t\t<\/div><\/div><\/div><\/div><\/div>","protected":false},"excerpt":{"rendered":"<p>Znakon Servis s.r.o. zaji\u0161\u0165uje dopravu, stavebn\u00ed stroje a mechanizaci pro ZNAKON, a.s. a dal\u0161\u00ed extern\u00ed spole\u010dnosti. Disponuje \u0161irokou nab\u00eddkou modern\u00ed [&hellip;]<\/p>\n","protected":false},"author":1,"featured_media":0,"parent":0,"menu_order":0,"comment_status":"closed","ping_status":"closed","template":"page-templates\/pagebuilder.php","meta":{"_monsterinsights_skip_tracking":false,"_monsterinsights_sitenote_active":false,"_monsterinsights_sitenote_note":"","_monsterinsights_sitenote_category":0,"footnotes":""},"_links":{"self":[{"href":"https:\/\/znakon.cz\/servis\/wp-json\/wp\/v2\/pages\/13"}],"collection":[{"href":"https:\/\/znakon.cz\/servis\/wp-json\/wp\/v2\/pages"}],"about":[{"href":"https:\/\/znakon.cz\/servis\/wp-json\/wp\/v2\/types\/page"}],"author":[{"embeddable":true,"href":"https:\/\/znakon.cz\/servis\/wp-json\/wp\/v2\/users\/1"}],"replies":[{"embeddable":true,"href":"https:\/\/znakon.cz\/servis\/wp-json\/wp\/v2\/comments?post=13"}],"version-history":[{"count":49,"href":"https:\/\/znakon.cz\/servis\/wp-json\/wp\/v2\/pages\/13\/revisions"}],"predecessor-version":[{"id":282,"href":"https:\/\/znakon.cz\/servis\/wp-json\/wp\/v2\/pages\/13\/revisions\/282"}],"wp:attachment":[{"href":"https:\/\/znakon.cz\/servis\/wp-json\/wp\/v2\/media?parent=13"}],"curies":[{"name":"wp","href":"https:\/\/api.w.org\/{rel}","templated":true}]}}