{"id":49,"date":"2018-02-09T20:26:55","date_gmt":"2018-02-09T19:26:55","guid":{"rendered":"http:\/\/znakon.cz\/18\/servis\/?page_id=49"},"modified":"2024-02-07T10:21:31","modified_gmt":"2024-02-07T09:21:31","slug":"nakladni-automobily","status":"publish","type":"page","link":"https:\/\/znakon.cz\/servis\/nakladni-automobily\/","title":{"rendered":"N\u00c1KLADN\u00cd AUTOMOBILY"},"content":{"rendered":"<div id=\"pl-49\"  class=\"panel-layout\" ><div id=\"pg-49-0\"  class=\"panel-grid panel-no-style\" ><div id=\"pgc-49-0-0\"  class=\"panel-grid-cell\" ><div class=\"panel-cell-style panel-cell-style-for-49-0-0\" ><div id=\"panel-49-0-0-0\" class=\"so-panel widget widget_sow-editor panel-first-child panel-last-child\" data-index=\"0\" ><div\n\t\t\t\n\t\t\tclass=\"so-widget-sow-editor so-widget-sow-editor-base\"\n\t\t\t\n\t\t>\n<div class=\"siteorigin-widget-tinymce textwidget\">\n\t<h5><span style=\"color: #800000;\">N\u00c1KLADN\u00cd AUTA<\/span><\/h5>\n<hr \/>\n<ul>\n<li>3x Volvo FMX (8x4) - skl\u00e1p\u011b\u010d S1 thermo<\/li>\n<li>2x Volvo FH taha\u010d (6x2) + skl\u00e1p\u011bj\u00ed n\u00e1v\u011bs (vana) Schmitz SKI 24<\/li>\n<li>1x Volvo FH taha\u010d (6x4) + skl\u00e1p\u011bj\u00ed n\u00e1v\u011bs (vana) Schmitz SKI 24<\/li>\n<li>1x Volvo FM9 (4x4) sypa\u010d KOBIT SYKO 6H inert\/skl\u00e1pe\u010d S3<\/li>\n<li>1x Volvo FM9 (4x4) zameta\u010d KOBIT K8<\/li>\n<li>2x Volvo FM13 (6x6) skl\u00e1pe\u010d S3<\/li>\n<li>2x Volvo FE (6x4) skl\u00e1pe\u010d S3<\/li>\n<li>1x Volvo FE (4x2) nosi\u010d kontejner\u016f Palift T-13: sypa\u010d KOBIT SYKO 6H inert\/skl\u00e1p\u011bj\u00ed kontejner\/myc\u00ed cisternov\u00e1 n\u00e1stavba KOBIT MK7<\/li>\n<li>1x Volvo FL (4x2) - valn\u00edk s&nbsp;plachtovou konstrukc\u00ed<\/li>\n<li>1x MB Atego 918 (4x2) valn\u00edk s&nbsp;plachtovou konstrukc\u00ed<\/li>\n<li>1x MB Atego 1527 (4x2) distributor emulze KOBIT ST 5000M<\/li>\n<li>1x MB Atego 1324 (4x2) nosi\u010d kontejner\u016f Palift T8 - skl\u00e1p\u011bc\u00ed kontejner\/myc\u00ed n\u00e1stavba KOBIT MK5<\/li>\n<li>1x nosi\u010d kontejner\u016f Scania (6x6) Palift T16A + hydraulick\u00e1 ruka Palfinger PK-23500<\/li>\n<li>1x Avia D90 (4x2) nosi\u010d kontejner\u016f CTS: skl\u00e1p\u011bj\u00ed kontejner\/myc\u00ed n\u00e1stavba KOBIT KSA-4,0&nbsp;H<\/li>\n<li>1x Tatra Phoenix 530 (6x6) - skl\u00e1p\u011b\u010d S3<\/li>\n<\/ul>\n<p>&nbsp;<\/p>\n<div id='gallery-1' class='gallery galleryid-49 gallery-columns-4 gallery-size-large'><figure class='gallery-item'>\n\t\t\t<div class='gallery-icon landscape'>\n\t\t\t\t<a href='https:\/\/znakon.cz\/servis\/wp-content\/uploads\/sites\/3\/2024\/01\/1200x900.jpg'><img loading=\"lazy\" decoding=\"async\" width=\"780\" height=\"585\" src=\"https:\/\/znakon.cz\/servis\/wp-content\/uploads\/sites\/3\/2024\/01\/1200x900-1024x768.jpg\" class=\"attachment-large size-large\" alt=\"\" srcset=\"https:\/\/znakon.cz\/servis\/wp-content\/uploads\/sites\/3\/2024\/01\/1200x900-1024x768.jpg 1024w, https:\/\/znakon.cz\/servis\/wp-content\/uploads\/sites\/3\/2024\/01\/1200x900-300x225.jpg 300w, https:\/\/znakon.cz\/servis\/wp-content\/uploads\/sites\/3\/2024\/01\/1200x900-768x576.jpg 768w, https:\/\/znakon.cz\/servis\/wp-content\/uploads\/sites\/3\/2024\/01\/1200x900.jpg 1200w\" sizes=\"(max-width: 780px) 100vw, 780px\" \/><\/a>\n\t\t\t<\/div><\/figure><figure class='gallery-item'>\n\t\t\t<div class='gallery-icon landscape'>\n\t\t\t\t<a href='https:\/\/znakon.cz\/servis\/wp-content\/uploads\/sites\/3\/2018\/02\/nakladni-auta-007.jpg'><img loading=\"lazy\" decoding=\"async\" width=\"780\" height=\"585\" src=\"https:\/\/znakon.cz\/servis\/wp-content\/uploads\/sites\/3\/2018\/02\/nakladni-auta-007-1024x768.jpg\" class=\"attachment-large size-large\" alt=\"\" srcset=\"https:\/\/znakon.cz\/servis\/wp-content\/uploads\/sites\/3\/2018\/02\/nakladni-auta-007-1024x768.jpg 1024w, https:\/\/znakon.cz\/servis\/wp-content\/uploads\/sites\/3\/2018\/02\/nakladni-auta-007-300x225.jpg 300w, https:\/\/znakon.cz\/servis\/wp-content\/uploads\/sites\/3\/2018\/02\/nakladni-auta-007-768x576.jpg 768w, https:\/\/znakon.cz\/servis\/wp-content\/uploads\/sites\/3\/2018\/02\/nakladni-auta-007.jpg 1200w\" sizes=\"(max-width: 780px) 100vw, 780px\" \/><\/a>\n\t\t\t<\/div><\/figure><figure class='gallery-item'>\n\t\t\t<div class='gallery-icon landscape'>\n\t\t\t\t<a href='https:\/\/znakon.cz\/servis\/wp-content\/uploads\/sites\/3\/2018\/02\/nakladni-auta-003.jpg'><img loading=\"lazy\" decoding=\"async\" width=\"780\" height=\"585\" src=\"https:\/\/znakon.cz\/servis\/wp-content\/uploads\/sites\/3\/2018\/02\/nakladni-auta-003-1024x768.jpg\" class=\"attachment-large size-large\" alt=\"\" srcset=\"https:\/\/znakon.cz\/servis\/wp-content\/uploads\/sites\/3\/2018\/02\/nakladni-auta-003-1024x768.jpg 1024w, https:\/\/znakon.cz\/servis\/wp-content\/uploads\/sites\/3\/2018\/02\/nakladni-auta-003-300x225.jpg 300w, https:\/\/znakon.cz\/servis\/wp-content\/uploads\/sites\/3\/2018\/02\/nakladni-auta-003-768x576.jpg 768w, https:\/\/znakon.cz\/servis\/wp-content\/uploads\/sites\/3\/2018\/02\/nakladni-auta-003.jpg 1200w\" sizes=\"(max-width: 780px) 100vw, 780px\" \/><\/a>\n\t\t\t<\/div><\/figure><figure class='gallery-item'>\n\t\t\t<div class='gallery-icon landscape'>\n\t\t\t\t<a href='https:\/\/znakon.cz\/servis\/wp-content\/uploads\/sites\/3\/2018\/02\/nakladni-auta-004.jpg'><img loading=\"lazy\" decoding=\"async\" width=\"780\" height=\"585\" src=\"https:\/\/znakon.cz\/servis\/wp-content\/uploads\/sites\/3\/2018\/02\/nakladni-auta-004-1024x768.jpg\" class=\"attachment-large size-large\" alt=\"\" srcset=\"https:\/\/znakon.cz\/servis\/wp-content\/uploads\/sites\/3\/2018\/02\/nakladni-auta-004-1024x768.jpg 1024w, https:\/\/znakon.cz\/servis\/wp-content\/uploads\/sites\/3\/2018\/02\/nakladni-auta-004-300x225.jpg 300w, https:\/\/znakon.cz\/servis\/wp-content\/uploads\/sites\/3\/2018\/02\/nakladni-auta-004-768x576.jpg 768w, https:\/\/znakon.cz\/servis\/wp-content\/uploads\/sites\/3\/2018\/02\/nakladni-auta-004.jpg 1200w\" sizes=\"(max-width: 780px) 100vw, 780px\" \/><\/a>\n\t\t\t<\/div><\/figure><figure class='gallery-item'>\n\t\t\t<div class='gallery-icon landscape'>\n\t\t\t\t<a href='https:\/\/znakon.cz\/servis\/wp-content\/uploads\/sites\/3\/2018\/02\/nakladni-auta-008.jpg'><img loading=\"lazy\" decoding=\"async\" width=\"780\" height=\"585\" src=\"https:\/\/znakon.cz\/servis\/wp-content\/uploads\/sites\/3\/2018\/02\/nakladni-auta-008-1024x768.jpg\" class=\"attachment-large size-large\" alt=\"\" srcset=\"https:\/\/znakon.cz\/servis\/wp-content\/uploads\/sites\/3\/2018\/02\/nakladni-auta-008-1024x768.jpg 1024w, https:\/\/znakon.cz\/servis\/wp-content\/uploads\/sites\/3\/2018\/02\/nakladni-auta-008-300x225.jpg 300w, https:\/\/znakon.cz\/servis\/wp-content\/uploads\/sites\/3\/2018\/02\/nakladni-auta-008-768x576.jpg 768w, https:\/\/znakon.cz\/servis\/wp-content\/uploads\/sites\/3\/2018\/02\/nakladni-auta-008.jpg 1200w\" sizes=\"(max-width: 780px) 100vw, 780px\" \/><\/a>\n\t\t\t<\/div><\/figure><figure class='gallery-item'>\n\t\t\t<div class='gallery-icon landscape'>\n\t\t\t\t<a href='https:\/\/znakon.cz\/servis\/wp-content\/uploads\/sites\/3\/2018\/02\/nakladni-auta-006.jpg'><img loading=\"lazy\" decoding=\"async\" width=\"780\" height=\"585\" src=\"https:\/\/znakon.cz\/servis\/wp-content\/uploads\/sites\/3\/2018\/02\/nakladni-auta-006-1024x768.jpg\" class=\"attachment-large size-large\" alt=\"\" srcset=\"https:\/\/znakon.cz\/servis\/wp-content\/uploads\/sites\/3\/2018\/02\/nakladni-auta-006-1024x768.jpg 1024w, https:\/\/znakon.cz\/servis\/wp-content\/uploads\/sites\/3\/2018\/02\/nakladni-auta-006-300x225.jpg 300w, https:\/\/znakon.cz\/servis\/wp-content\/uploads\/sites\/3\/2018\/02\/nakladni-auta-006-768x576.jpg 768w, https:\/\/znakon.cz\/servis\/wp-content\/uploads\/sites\/3\/2018\/02\/nakladni-auta-006.jpg 1200w\" sizes=\"(max-width: 780px) 100vw, 780px\" \/><\/a>\n\t\t\t<\/div><\/figure><figure class='gallery-item'>\n\t\t\t<div class='gallery-icon landscape'>\n\t\t\t\t<a href='https:\/\/znakon.cz\/servis\/wp-content\/uploads\/sites\/3\/2018\/02\/nakladni-auta-002.jpg'><img loading=\"lazy\" decoding=\"async\" width=\"780\" height=\"585\" src=\"https:\/\/znakon.cz\/servis\/wp-content\/uploads\/sites\/3\/2018\/02\/nakladni-auta-002-1024x768.jpg\" class=\"attachment-large size-large\" alt=\"\" srcset=\"https:\/\/znakon.cz\/servis\/wp-content\/uploads\/sites\/3\/2018\/02\/nakladni-auta-002-1024x768.jpg 1024w, https:\/\/znakon.cz\/servis\/wp-content\/uploads\/sites\/3\/2018\/02\/nakladni-auta-002-300x225.jpg 300w, https:\/\/znakon.cz\/servis\/wp-content\/uploads\/sites\/3\/2018\/02\/nakladni-auta-002-768x576.jpg 768w, https:\/\/znakon.cz\/servis\/wp-content\/uploads\/sites\/3\/2018\/02\/nakladni-auta-002.jpg 1200w\" sizes=\"(max-width: 780px) 100vw, 780px\" \/><\/a>\n\t\t\t<\/div><\/figure><figure class='gallery-item'>\n\t\t\t<div class='gallery-icon landscape'>\n\t\t\t\t<a href='https:\/\/znakon.cz\/servis\/wp-content\/uploads\/sites\/3\/2020\/04\/tatra_1200x900.jpg'><img loading=\"lazy\" decoding=\"async\" width=\"780\" height=\"585\" src=\"https:\/\/znakon.cz\/servis\/wp-content\/uploads\/sites\/3\/2020\/04\/tatra_1200x900-1024x768.jpg\" class=\"attachment-large size-large\" alt=\"\" srcset=\"https:\/\/znakon.cz\/servis\/wp-content\/uploads\/sites\/3\/2020\/04\/tatra_1200x900-1024x768.jpg 1024w, https:\/\/znakon.cz\/servis\/wp-content\/uploads\/sites\/3\/2020\/04\/tatra_1200x900-300x225.jpg 300w, https:\/\/znakon.cz\/servis\/wp-content\/uploads\/sites\/3\/2020\/04\/tatra_1200x900-768x576.jpg 768w, https:\/\/znakon.cz\/servis\/wp-content\/uploads\/sites\/3\/2020\/04\/tatra_1200x900.jpg 1200w\" sizes=\"(max-width: 780px) 100vw, 780px\" \/><\/a>\n\t\t\t<\/div><\/figure>\n\t\t<\/div>\n\n<p>&nbsp;<\/p>\n<h5><span style=\"color: #800000;\">P\u0158EPRAVN\u00cdKY: P\u0158\u00cdV\u011aSY, N\u00c1V\u011aSY<\/span><\/h5>\n<hr \/>\n<ul>\n<li>3x skl\u00e1p\u011bc\u00ed tandemov\u00fd p\u0159\u00edv\u011bs Schwarzm\u00fcller 18t<\/li>\n<li>1x n\u00e1v\u011bsov\u00fd p\u0159epravn\u00edk Goldhofer na p\u0159epravu nadrozm\u011brn\u00fdch n\u00e1klad\u016f 68\/80t<\/li>\n<li>3x p\u0159\u00edv\u011bsov\u00fd p\u0159epravn\u00edk - 30\/24t, 18t, 11\/10,9t<\/li>\n<li>1x n\u00e1kladn\u00ed p\u0159\u00edv\u011bs cisternov\u00fd Traso - p\u0159eprava PHM 850l<\/li>\n<li>7x p\u0159\u00edv\u011bs za osobn\u00ed automobil<\/li>\n<li>2x p\u0159\u00edv\u011bsov\u00fd p\u0159epravn\u00edk zna\u010dka\u0159sk\u00fdch stroj\u016f<\/li>\n<li>1x p\u0159\u00edv\u011bs sign\u00e1ln\u00ed - sv\u011bteln\u00e1 \u0161ipka<\/li>\n<li>2x p\u0159\u00edv\u011bs sign\u00e1ln\u00ed - prom\u011bnn\u00e9 dopravn\u00ed zna\u010dky<\/li>\n<li>1x p\u0159\u00edv\u011bs Vezeko Bat SV 27.26 na p\u0159epravu mal\u00e9 stavebn\u00ed techniky<\/li>\n<li>1x n\u00e1v\u011bsov\u00fd p\u0159epravn\u00edk Schwarzm\u00fcler 48\/44t<\/li>\n<\/ul>\n<hr \/>\n<\/div>\n<\/div><\/div><\/div><\/div><\/div><\/div>","protected":false},"excerpt":{"rendered":"<p>N\u00c1KLADN\u00cd AUTA 3x Volvo FMX (8&#215;4) &#8211; skl\u00e1p\u011b\u010d S1 thermo 2x Volvo FH taha\u010d (6&#215;2) + skl\u00e1p\u011bj\u00ed n\u00e1v\u011bs (vana) Schmitz [&hellip;]<\/p>\n","protected":false},"author":1,"featured_media":0,"parent":0,"menu_order":0,"comment_status":"closed","ping_status":"closed","template":"page-templates\/pagebuilder.php","meta":{"_monsterinsights_skip_tracking":false,"_monsterinsights_sitenote_active":false,"_monsterinsights_sitenote_note":"","_monsterinsights_sitenote_category":0,"footnotes":""},"_links":{"self":[{"href":"https:\/\/znakon.cz\/servis\/wp-json\/wp\/v2\/pages\/49"}],"collection":[{"href":"https:\/\/znakon.cz\/servis\/wp-json\/wp\/v2\/pages"}],"about":[{"href":"https:\/\/znakon.cz\/servis\/wp-json\/wp\/v2\/types\/page"}],"author":[{"embeddable":true,"href":"https:\/\/znakon.cz\/servis\/wp-json\/wp\/v2\/users\/1"}],"replies":[{"embeddable":true,"href":"https:\/\/znakon.cz\/servis\/wp-json\/wp\/v2\/comments?post=49"}],"version-history":[{"count":25,"href":"https:\/\/znakon.cz\/servis\/wp-json\/wp\/v2\/pages\/49\/revisions"}],"predecessor-version":[{"id":296,"href":"https:\/\/znakon.cz\/servis\/wp-json\/wp\/v2\/pages\/49\/revisions\/296"}],"wp:attachment":[{"href":"https:\/\/znakon.cz\/servis\/wp-json\/wp\/v2\/media?parent=49"}],"curies":[{"name":"wp","href":"https:\/\/api.w.org\/{rel}","templated":true}]}}