{"id":51,"date":"2018-02-09T20:27:40","date_gmt":"2018-02-09T19:27:40","guid":{"rendered":"http:\/\/znakon.cz\/18\/servis\/?page_id=51"},"modified":"2024-02-07T10:00:10","modified_gmt":"2024-02-07T09:00:10","slug":"stavebni-stroje","status":"publish","type":"page","link":"https:\/\/znakon.cz\/servis\/stavebni-stroje\/","title":{"rendered":"STAVEBN\u00cd STROJE"},"content":{"rendered":"<div id=\"pl-51\"  class=\"panel-layout\" ><div id=\"pg-51-0\"  class=\"panel-grid panel-has-style\" ><div class=\"panel-row-style panel-row-style-for-51-0\" ><div id=\"pgc-51-0-0\"  class=\"panel-grid-cell\" ><div id=\"panel-51-0-0-0\" class=\"so-panel widget widget_sow-editor panel-first-child panel-last-child\" data-index=\"0\" ><div\n\t\t\t\n\t\t\tclass=\"so-widget-sow-editor so-widget-sow-editor-base\"\n\t\t\t\n\t\t>\n<div class=\"siteorigin-widget-tinymce textwidget\">\n\t<hr \/>\n<h5><span style=\"color: #800000;\">FINI\u0160ERY<\/span><\/h5>\n<hr \/>\n<ul>\n<li>kolov\u00fd fini\u0161er V\u00f6gele 1303-2<\/li>\n<li>p\u00e1sov\u00fd fini\u0161er V\u00f6gele S2100-3i<\/li>\n<li>p\u00e1sov\u00fd fini\u0161er V\u00f6gele Super 1800-3i<\/li>\n<li>fini\u0161er na strojn\u00ed dos\u00fdp\u00e1n\u00ed krajnic<\/li>\n<li>pln\u00edc\u00ed v\u016fz V\u00f6gele MT 1000-1<\/li>\n<\/ul>\n<div id='gallery-1' class='gallery galleryid-51 gallery-columns-4 gallery-size-full'><figure class='gallery-item'>\n\t\t\t<div class='gallery-icon landscape'>\n\t\t\t\t<a href='https:\/\/znakon.cz\/servis\/wp-content\/uploads\/sites\/3\/2020\/04\/DSC_0027_1200x900.jpg'><img loading=\"lazy\" decoding=\"async\" width=\"1200\" height=\"900\" src=\"https:\/\/znakon.cz\/servis\/wp-content\/uploads\/sites\/3\/2020\/04\/DSC_0027_1200x900.jpg\" class=\"attachment-full size-full\" alt=\"\" srcset=\"https:\/\/znakon.cz\/servis\/wp-content\/uploads\/sites\/3\/2020\/04\/DSC_0027_1200x900.jpg 1200w, https:\/\/znakon.cz\/servis\/wp-content\/uploads\/sites\/3\/2020\/04\/DSC_0027_1200x900-300x225.jpg 300w, https:\/\/znakon.cz\/servis\/wp-content\/uploads\/sites\/3\/2020\/04\/DSC_0027_1200x900-1024x768.jpg 1024w, https:\/\/znakon.cz\/servis\/wp-content\/uploads\/sites\/3\/2020\/04\/DSC_0027_1200x900-768x576.jpg 768w\" sizes=\"(max-width: 1200px) 100vw, 1200px\" \/><\/a>\n\t\t\t<\/div><\/figure><figure class='gallery-item'>\n\t\t\t<div class='gallery-icon landscape'>\n\t\t\t\t<a href='https:\/\/znakon.cz\/servis\/wp-content\/uploads\/sites\/3\/2020\/04\/3fini\u0161ery_1200x900.jpg'><img loading=\"lazy\" decoding=\"async\" width=\"1200\" height=\"900\" src=\"https:\/\/znakon.cz\/servis\/wp-content\/uploads\/sites\/3\/2020\/04\/3fini\u0161ery_1200x900.jpg\" class=\"attachment-full size-full\" alt=\"\" srcset=\"https:\/\/znakon.cz\/servis\/wp-content\/uploads\/sites\/3\/2020\/04\/3fini\u0161ery_1200x900.jpg 1200w, https:\/\/znakon.cz\/servis\/wp-content\/uploads\/sites\/3\/2020\/04\/3fini\u0161ery_1200x900-300x225.jpg 300w, https:\/\/znakon.cz\/servis\/wp-content\/uploads\/sites\/3\/2020\/04\/3fini\u0161ery_1200x900-1024x768.jpg 1024w, https:\/\/znakon.cz\/servis\/wp-content\/uploads\/sites\/3\/2020\/04\/3fini\u0161ery_1200x900-768x576.jpg 768w\" sizes=\"(max-width: 1200px) 100vw, 1200px\" \/><\/a>\n\t\t\t<\/div><\/figure><figure class='gallery-item'>\n\t\t\t<div class='gallery-icon landscape'>\n\t\t\t\t<a href='https:\/\/znakon.cz\/servis\/wp-content\/uploads\/sites\/3\/2018\/02\/finiser-005.jpg'><img loading=\"lazy\" decoding=\"async\" width=\"1200\" height=\"900\" src=\"https:\/\/znakon.cz\/servis\/wp-content\/uploads\/sites\/3\/2018\/02\/finiser-005.jpg\" class=\"attachment-full size-full\" alt=\"\" srcset=\"https:\/\/znakon.cz\/servis\/wp-content\/uploads\/sites\/3\/2018\/02\/finiser-005.jpg 1200w, https:\/\/znakon.cz\/servis\/wp-content\/uploads\/sites\/3\/2018\/02\/finiser-005-300x225.jpg 300w, https:\/\/znakon.cz\/servis\/wp-content\/uploads\/sites\/3\/2018\/02\/finiser-005-768x576.jpg 768w, https:\/\/znakon.cz\/servis\/wp-content\/uploads\/sites\/3\/2018\/02\/finiser-005-1024x768.jpg 1024w\" sizes=\"(max-width: 1200px) 100vw, 1200px\" \/><\/a>\n\t\t\t<\/div><\/figure><figure class='gallery-item'>\n\t\t\t<div class='gallery-icon landscape'>\n\t\t\t\t<a href='https:\/\/znakon.cz\/servis\/wp-content\/uploads\/sites\/3\/2024\/01\/besikr_1200x900.jpg'><img loading=\"lazy\" decoding=\"async\" width=\"1200\" height=\"922\" src=\"https:\/\/znakon.cz\/servis\/wp-content\/uploads\/sites\/3\/2024\/01\/besikr_1200x900.jpg\" class=\"attachment-full size-full\" alt=\"\" srcset=\"https:\/\/znakon.cz\/servis\/wp-content\/uploads\/sites\/3\/2024\/01\/besikr_1200x900.jpg 1200w, https:\/\/znakon.cz\/servis\/wp-content\/uploads\/sites\/3\/2024\/01\/besikr_1200x900-300x231.jpg 300w, https:\/\/znakon.cz\/servis\/wp-content\/uploads\/sites\/3\/2024\/01\/besikr_1200x900-1024x787.jpg 1024w, https:\/\/znakon.cz\/servis\/wp-content\/uploads\/sites\/3\/2024\/01\/besikr_1200x900-768x590.jpg 768w\" sizes=\"(max-width: 1200px) 100vw, 1200px\" \/><\/a>\n\t\t\t<\/div><\/figure>\n\t\t<\/div>\n\n<hr \/>\n<h5><span style=\"color: #800000;\">FR\u00c9ZY<\/span><\/h5>\n<hr \/>\n<ul>\n<li>silni\u010dn\u00ed fr\u00e9za W 60Ri<\/li>\n<li>silni\u010dn\u00ed fr\u00e9ze W 200i<\/li>\n<li>fr\u00e9za divok\u00fdch sp\u00e1r - Pavement Cutter<\/li>\n<li>fr\u00e9za VDZ FR200 - ru\u010dn\u011b veden\u00e1<\/li>\n<li>fr\u00e9za VDZ DiaKat BS 300R - ru\u010dn\u011b veden\u00e1<\/li>\n<\/ul>\n<div id='gallery-2' class='gallery galleryid-51 gallery-columns-4 gallery-size-full'><figure class='gallery-item'>\n\t\t\t<div class='gallery-icon landscape'>\n\t\t\t\t<a href='https:\/\/znakon.cz\/servis\/wp-content\/uploads\/sites\/3\/2020\/04\/P1150802_1200x900.jpg'><img loading=\"lazy\" decoding=\"async\" width=\"1200\" height=\"900\" src=\"https:\/\/znakon.cz\/servis\/wp-content\/uploads\/sites\/3\/2020\/04\/P1150802_1200x900.jpg\" class=\"attachment-full size-full\" alt=\"\" srcset=\"https:\/\/znakon.cz\/servis\/wp-content\/uploads\/sites\/3\/2020\/04\/P1150802_1200x900.jpg 1200w, https:\/\/znakon.cz\/servis\/wp-content\/uploads\/sites\/3\/2020\/04\/P1150802_1200x900-300x225.jpg 300w, https:\/\/znakon.cz\/servis\/wp-content\/uploads\/sites\/3\/2020\/04\/P1150802_1200x900-1024x768.jpg 1024w, https:\/\/znakon.cz\/servis\/wp-content\/uploads\/sites\/3\/2020\/04\/P1150802_1200x900-768x576.jpg 768w\" sizes=\"(max-width: 1200px) 100vw, 1200px\" \/><\/a>\n\t\t\t<\/div><\/figure><figure class='gallery-item'>\n\t\t\t<div class='gallery-icon landscape'>\n\t\t\t\t<a href='https:\/\/znakon.cz\/servis\/wp-content\/uploads\/sites\/3\/2018\/02\/freza-003.jpg'><img loading=\"lazy\" decoding=\"async\" width=\"1200\" height=\"900\" src=\"https:\/\/znakon.cz\/servis\/wp-content\/uploads\/sites\/3\/2018\/02\/freza-003.jpg\" class=\"attachment-full size-full\" alt=\"\" srcset=\"https:\/\/znakon.cz\/servis\/wp-content\/uploads\/sites\/3\/2018\/02\/freza-003.jpg 1200w, https:\/\/znakon.cz\/servis\/wp-content\/uploads\/sites\/3\/2018\/02\/freza-003-300x225.jpg 300w, https:\/\/znakon.cz\/servis\/wp-content\/uploads\/sites\/3\/2018\/02\/freza-003-768x576.jpg 768w, https:\/\/znakon.cz\/servis\/wp-content\/uploads\/sites\/3\/2018\/02\/freza-003-1024x768.jpg 1024w\" sizes=\"(max-width: 1200px) 100vw, 1200px\" \/><\/a>\n\t\t\t<\/div><\/figure><figure class='gallery-item'>\n\t\t\t<div class='gallery-icon landscape'>\n\t\t\t\t<a href='https:\/\/znakon.cz\/servis\/wp-content\/uploads\/sites\/3\/2018\/02\/freza-001.jpg'><img loading=\"lazy\" decoding=\"async\" width=\"1200\" height=\"900\" src=\"https:\/\/znakon.cz\/servis\/wp-content\/uploads\/sites\/3\/2018\/02\/freza-001.jpg\" class=\"attachment-full size-full\" alt=\"\" srcset=\"https:\/\/znakon.cz\/servis\/wp-content\/uploads\/sites\/3\/2018\/02\/freza-001.jpg 1200w, https:\/\/znakon.cz\/servis\/wp-content\/uploads\/sites\/3\/2018\/02\/freza-001-300x225.jpg 300w, https:\/\/znakon.cz\/servis\/wp-content\/uploads\/sites\/3\/2018\/02\/freza-001-768x576.jpg 768w, https:\/\/znakon.cz\/servis\/wp-content\/uploads\/sites\/3\/2018\/02\/freza-001-1024x768.jpg 1024w\" sizes=\"(max-width: 1200px) 100vw, 1200px\" \/><\/a>\n\t\t\t<\/div><\/figure><figure class='gallery-item'>\n\t\t\t<div class='gallery-icon landscape'>\n\t\t\t\t<a href='https:\/\/znakon.cz\/servis\/wp-content\/uploads\/sites\/3\/2018\/02\/freza-004.jpg'><img loading=\"lazy\" decoding=\"async\" width=\"1200\" height=\"900\" src=\"https:\/\/znakon.cz\/servis\/wp-content\/uploads\/sites\/3\/2018\/02\/freza-004.jpg\" class=\"attachment-full size-full\" alt=\"\" srcset=\"https:\/\/znakon.cz\/servis\/wp-content\/uploads\/sites\/3\/2018\/02\/freza-004.jpg 1200w, https:\/\/znakon.cz\/servis\/wp-content\/uploads\/sites\/3\/2018\/02\/freza-004-300x225.jpg 300w, https:\/\/znakon.cz\/servis\/wp-content\/uploads\/sites\/3\/2018\/02\/freza-004-768x576.jpg 768w, https:\/\/znakon.cz\/servis\/wp-content\/uploads\/sites\/3\/2018\/02\/freza-004-1024x768.jpg 1024w\" sizes=\"(max-width: 1200px) 100vw, 1200px\" \/><\/a>\n\t\t\t<\/div><\/figure>\n\t\t<\/div>\n\n<hr \/>\n<h5><span style=\"color: #800000;\">V\u00c1LCE<\/span><\/h5>\n<hr \/>\n<ul>\n<li>silni\u010dn\u00ed v\u00e1lce Hamm:\n<ul>\n<li>2x HD 8 VV<\/li>\n<li>HD 12 VV<\/li>\n<li>HD 14 VO<\/li>\n<li>HD 90 VO<\/li>\n<li>DV 90 VO<\/li>\n<li>HD 120i VO<\/li>\n<li>HD 140i VO<\/li>\n<\/ul>\n<\/li>\n<li>silni\u010dn\u00ed v\u00e1lec Bomag BW 184 AD<\/li>\n<li>p\u0159\u00edkopov\u00fd v\u00e1lec Wacker RT 82 SC<\/li>\n<\/ul>\n<div id='gallery-3' class='gallery galleryid-51 gallery-columns-4 gallery-size-full'><figure class='gallery-item'>\n\t\t\t<div class='gallery-icon landscape'>\n\t\t\t\t<a href='https:\/\/znakon.cz\/servis\/wp-content\/uploads\/sites\/3\/2018\/02\/valce-008.jpg'><img loading=\"lazy\" decoding=\"async\" width=\"1200\" height=\"900\" src=\"https:\/\/znakon.cz\/servis\/wp-content\/uploads\/sites\/3\/2018\/02\/valce-008.jpg\" class=\"attachment-full size-full\" alt=\"\" srcset=\"https:\/\/znakon.cz\/servis\/wp-content\/uploads\/sites\/3\/2018\/02\/valce-008.jpg 1200w, https:\/\/znakon.cz\/servis\/wp-content\/uploads\/sites\/3\/2018\/02\/valce-008-300x225.jpg 300w, https:\/\/znakon.cz\/servis\/wp-content\/uploads\/sites\/3\/2018\/02\/valce-008-768x576.jpg 768w, https:\/\/znakon.cz\/servis\/wp-content\/uploads\/sites\/3\/2018\/02\/valce-008-1024x768.jpg 1024w\" sizes=\"(max-width: 1200px) 100vw, 1200px\" \/><\/a>\n\t\t\t<\/div><\/figure><figure class='gallery-item'>\n\t\t\t<div class='gallery-icon landscape'>\n\t\t\t\t<a href='https:\/\/znakon.cz\/servis\/wp-content\/uploads\/sites\/3\/2018\/02\/valce-003.jpg'><img loading=\"lazy\" decoding=\"async\" width=\"1200\" height=\"900\" src=\"https:\/\/znakon.cz\/servis\/wp-content\/uploads\/sites\/3\/2018\/02\/valce-003.jpg\" class=\"attachment-full size-full\" alt=\"\" srcset=\"https:\/\/znakon.cz\/servis\/wp-content\/uploads\/sites\/3\/2018\/02\/valce-003.jpg 1200w, https:\/\/znakon.cz\/servis\/wp-content\/uploads\/sites\/3\/2018\/02\/valce-003-300x225.jpg 300w, https:\/\/znakon.cz\/servis\/wp-content\/uploads\/sites\/3\/2018\/02\/valce-003-768x576.jpg 768w, https:\/\/znakon.cz\/servis\/wp-content\/uploads\/sites\/3\/2018\/02\/valce-003-1024x768.jpg 1024w\" sizes=\"(max-width: 1200px) 100vw, 1200px\" \/><\/a>\n\t\t\t<\/div><\/figure><figure class='gallery-item'>\n\t\t\t<div class='gallery-icon landscape'>\n\t\t\t\t<a href='https:\/\/znakon.cz\/servis\/wp-content\/uploads\/sites\/3\/2018\/02\/valce-005.jpg'><img loading=\"lazy\" decoding=\"async\" width=\"1200\" height=\"900\" src=\"https:\/\/znakon.cz\/servis\/wp-content\/uploads\/sites\/3\/2018\/02\/valce-005.jpg\" class=\"attachment-full size-full\" alt=\"\" srcset=\"https:\/\/znakon.cz\/servis\/wp-content\/uploads\/sites\/3\/2018\/02\/valce-005.jpg 1200w, https:\/\/znakon.cz\/servis\/wp-content\/uploads\/sites\/3\/2018\/02\/valce-005-300x225.jpg 300w, https:\/\/znakon.cz\/servis\/wp-content\/uploads\/sites\/3\/2018\/02\/valce-005-768x576.jpg 768w, https:\/\/znakon.cz\/servis\/wp-content\/uploads\/sites\/3\/2018\/02\/valce-005-1024x768.jpg 1024w\" sizes=\"(max-width: 1200px) 100vw, 1200px\" \/><\/a>\n\t\t\t<\/div><\/figure><figure class='gallery-item'>\n\t\t\t<div class='gallery-icon landscape'>\n\t\t\t\t<a href='https:\/\/znakon.cz\/servis\/wp-content\/uploads\/sites\/3\/2018\/02\/valce-006.jpg'><img loading=\"lazy\" decoding=\"async\" width=\"1200\" height=\"900\" src=\"https:\/\/znakon.cz\/servis\/wp-content\/uploads\/sites\/3\/2018\/02\/valce-006.jpg\" class=\"attachment-full size-full\" alt=\"\" srcset=\"https:\/\/znakon.cz\/servis\/wp-content\/uploads\/sites\/3\/2018\/02\/valce-006.jpg 1200w, https:\/\/znakon.cz\/servis\/wp-content\/uploads\/sites\/3\/2018\/02\/valce-006-300x225.jpg 300w, https:\/\/znakon.cz\/servis\/wp-content\/uploads\/sites\/3\/2018\/02\/valce-006-768x576.jpg 768w, https:\/\/znakon.cz\/servis\/wp-content\/uploads\/sites\/3\/2018\/02\/valce-006-1024x768.jpg 1024w\" sizes=\"(max-width: 1200px) 100vw, 1200px\" \/><\/a>\n\t\t\t<\/div><\/figure>\n\t\t<\/div>\n\n<hr \/>\n<h5><span style=\"color: #800000;\">ZNA\u010cKOVAC\u00cd STROJE<\/span><\/h5>\n<hr \/>\n<ul>\n<li>zna\u010dkova\u010d Trassar 351A - barva\/plasty<\/li>\n<li>Hofmann H26 - barva<\/li>\n<li>Hofmann H16 - plasty<\/li>\n<li>zna\u010dkova\u010d J2K 50 A - plasty (ru\u010dn\u011b veden\u00fd)<\/li>\n<li>Airlessco SureStripe 4350 - barva (ru\u010dn\u011b veden\u00fd)<\/li>\n<\/ul>\n<div id='gallery-4' class='gallery galleryid-51 gallery-columns-4 gallery-size-full'><figure class='gallery-item'>\n\t\t\t<div class='gallery-icon landscape'>\n\t\t\t\t<a href='https:\/\/znakon.cz\/servis\/wp-content\/uploads\/sites\/3\/2018\/02\/znackovaci-stroje-001.jpg'><img loading=\"lazy\" decoding=\"async\" width=\"1200\" height=\"900\" src=\"https:\/\/znakon.cz\/servis\/wp-content\/uploads\/sites\/3\/2018\/02\/znackovaci-stroje-001.jpg\" class=\"attachment-full size-full\" alt=\"\" srcset=\"https:\/\/znakon.cz\/servis\/wp-content\/uploads\/sites\/3\/2018\/02\/znackovaci-stroje-001.jpg 1200w, https:\/\/znakon.cz\/servis\/wp-content\/uploads\/sites\/3\/2018\/02\/znackovaci-stroje-001-300x225.jpg 300w, https:\/\/znakon.cz\/servis\/wp-content\/uploads\/sites\/3\/2018\/02\/znackovaci-stroje-001-768x576.jpg 768w, https:\/\/znakon.cz\/servis\/wp-content\/uploads\/sites\/3\/2018\/02\/znackovaci-stroje-001-1024x768.jpg 1024w\" sizes=\"(max-width: 1200px) 100vw, 1200px\" \/><\/a>\n\t\t\t<\/div><\/figure><figure class='gallery-item'>\n\t\t\t<div class='gallery-icon landscape'>\n\t\t\t\t<a href='https:\/\/znakon.cz\/servis\/wp-content\/uploads\/sites\/3\/2018\/02\/znackovaci-stroje-002.jpg'><img loading=\"lazy\" decoding=\"async\" width=\"1200\" height=\"900\" src=\"https:\/\/znakon.cz\/servis\/wp-content\/uploads\/sites\/3\/2018\/02\/znackovaci-stroje-002.jpg\" class=\"attachment-full size-full\" alt=\"\" srcset=\"https:\/\/znakon.cz\/servis\/wp-content\/uploads\/sites\/3\/2018\/02\/znackovaci-stroje-002.jpg 1200w, https:\/\/znakon.cz\/servis\/wp-content\/uploads\/sites\/3\/2018\/02\/znackovaci-stroje-002-300x225.jpg 300w, https:\/\/znakon.cz\/servis\/wp-content\/uploads\/sites\/3\/2018\/02\/znackovaci-stroje-002-768x576.jpg 768w, https:\/\/znakon.cz\/servis\/wp-content\/uploads\/sites\/3\/2018\/02\/znackovaci-stroje-002-1024x768.jpg 1024w\" sizes=\"(max-width: 1200px) 100vw, 1200px\" \/><\/a>\n\t\t\t<\/div><\/figure><figure class='gallery-item'>\n\t\t\t<div class='gallery-icon landscape'>\n\t\t\t\t<a href='https:\/\/znakon.cz\/servis\/wp-content\/uploads\/sites\/3\/2018\/02\/znackovaci-stroje-003.jpg'><img loading=\"lazy\" decoding=\"async\" width=\"1200\" height=\"900\" src=\"https:\/\/znakon.cz\/servis\/wp-content\/uploads\/sites\/3\/2018\/02\/znackovaci-stroje-003.jpg\" class=\"attachment-full size-full\" alt=\"\" srcset=\"https:\/\/znakon.cz\/servis\/wp-content\/uploads\/sites\/3\/2018\/02\/znackovaci-stroje-003.jpg 1200w, https:\/\/znakon.cz\/servis\/wp-content\/uploads\/sites\/3\/2018\/02\/znackovaci-stroje-003-300x225.jpg 300w, https:\/\/znakon.cz\/servis\/wp-content\/uploads\/sites\/3\/2018\/02\/znackovaci-stroje-003-768x576.jpg 768w, https:\/\/znakon.cz\/servis\/wp-content\/uploads\/sites\/3\/2018\/02\/znackovaci-stroje-003-1024x768.jpg 1024w\" sizes=\"(max-width: 1200px) 100vw, 1200px\" \/><\/a>\n\t\t\t<\/div><\/figure><figure class='gallery-item'>\n\t\t\t<div class='gallery-icon landscape'>\n\t\t\t\t<a href='https:\/\/znakon.cz\/servis\/wp-content\/uploads\/sites\/3\/2018\/02\/znackovaci-stroje-004.jpg'><img loading=\"lazy\" decoding=\"async\" width=\"1200\" height=\"900\" src=\"https:\/\/znakon.cz\/servis\/wp-content\/uploads\/sites\/3\/2018\/02\/znackovaci-stroje-004.jpg\" class=\"attachment-full size-full\" alt=\"\" srcset=\"https:\/\/znakon.cz\/servis\/wp-content\/uploads\/sites\/3\/2018\/02\/znackovaci-stroje-004.jpg 1200w, https:\/\/znakon.cz\/servis\/wp-content\/uploads\/sites\/3\/2018\/02\/znackovaci-stroje-004-300x225.jpg 300w, https:\/\/znakon.cz\/servis\/wp-content\/uploads\/sites\/3\/2018\/02\/znackovaci-stroje-004-768x576.jpg 768w, https:\/\/znakon.cz\/servis\/wp-content\/uploads\/sites\/3\/2018\/02\/znackovaci-stroje-004-1024x768.jpg 1024w\" sizes=\"(max-width: 1200px) 100vw, 1200px\" \/><\/a>\n\t\t\t<\/div><\/figure>\n\t\t<\/div>\n\n<hr \/>\n<h5><span style=\"color: #800000;\">BAGRY A NAKLADA\u010cE<\/span><\/h5>\n<hr \/>\n<ul>\n<li>traktorbagr JCB 3CX<\/li>\n<li>kolov\u00fd oto\u010dn\u00fd bagr JCB JS 175 W TAB<\/li>\n<li>\u010deln\u00ed kolov\u00fd naklada\u010d Kramer 380<\/li>\n<li>2x kolov\u00fd naklada\u010d Kramer 8085<\/li>\n<li>\u010deln\u00ed kolov\u00fd naklada\u010d New Holland W190 B<\/li>\n<li>p\u00e1sov\u00e9 minirypadlo Yanmar Vi057-6 Classic<\/li>\n<\/ul>\n<div id='gallery-5' class='gallery galleryid-51 gallery-columns-4 gallery-size-full'><figure class='gallery-item'>\n\t\t\t<div class='gallery-icon landscape'>\n\t\t\t\t<a href='https:\/\/znakon.cz\/servis\/wp-content\/uploads\/sites\/3\/2018\/02\/ostatni-stroje-002.jpg'><img loading=\"lazy\" decoding=\"async\" width=\"1200\" height=\"900\" src=\"https:\/\/znakon.cz\/servis\/wp-content\/uploads\/sites\/3\/2018\/02\/ostatni-stroje-002.jpg\" class=\"attachment-full size-full\" alt=\"\" srcset=\"https:\/\/znakon.cz\/servis\/wp-content\/uploads\/sites\/3\/2018\/02\/ostatni-stroje-002.jpg 1200w, https:\/\/znakon.cz\/servis\/wp-content\/uploads\/sites\/3\/2018\/02\/ostatni-stroje-002-300x225.jpg 300w, https:\/\/znakon.cz\/servis\/wp-content\/uploads\/sites\/3\/2018\/02\/ostatni-stroje-002-768x576.jpg 768w, https:\/\/znakon.cz\/servis\/wp-content\/uploads\/sites\/3\/2018\/02\/ostatni-stroje-002-1024x768.jpg 1024w\" sizes=\"(max-width: 1200px) 100vw, 1200px\" \/><\/a>\n\t\t\t<\/div><\/figure><figure class='gallery-item'>\n\t\t\t<div class='gallery-icon landscape'>\n\t\t\t\t<a href='https:\/\/znakon.cz\/servis\/wp-content\/uploads\/sites\/3\/2018\/02\/ostatni-stroje-003.jpg'><img loading=\"lazy\" decoding=\"async\" width=\"1200\" height=\"900\" src=\"https:\/\/znakon.cz\/servis\/wp-content\/uploads\/sites\/3\/2018\/02\/ostatni-stroje-003.jpg\" class=\"attachment-full size-full\" alt=\"\" srcset=\"https:\/\/znakon.cz\/servis\/wp-content\/uploads\/sites\/3\/2018\/02\/ostatni-stroje-003.jpg 1200w, https:\/\/znakon.cz\/servis\/wp-content\/uploads\/sites\/3\/2018\/02\/ostatni-stroje-003-300x225.jpg 300w, https:\/\/znakon.cz\/servis\/wp-content\/uploads\/sites\/3\/2018\/02\/ostatni-stroje-003-768x576.jpg 768w, https:\/\/znakon.cz\/servis\/wp-content\/uploads\/sites\/3\/2018\/02\/ostatni-stroje-003-1024x768.jpg 1024w\" sizes=\"(max-width: 1200px) 100vw, 1200px\" \/><\/a>\n\t\t\t<\/div><\/figure><figure class='gallery-item'>\n\t\t\t<div class='gallery-icon landscape'>\n\t\t\t\t<a href='https:\/\/znakon.cz\/servis\/wp-content\/uploads\/sites\/3\/2020\/04\/minibagr_1200x900.jpg'><img loading=\"lazy\" decoding=\"async\" width=\"1200\" height=\"900\" src=\"https:\/\/znakon.cz\/servis\/wp-content\/uploads\/sites\/3\/2020\/04\/minibagr_1200x900.jpg\" class=\"attachment-full size-full\" alt=\"\" srcset=\"https:\/\/znakon.cz\/servis\/wp-content\/uploads\/sites\/3\/2020\/04\/minibagr_1200x900.jpg 1200w, https:\/\/znakon.cz\/servis\/wp-content\/uploads\/sites\/3\/2020\/04\/minibagr_1200x900-300x225.jpg 300w, https:\/\/znakon.cz\/servis\/wp-content\/uploads\/sites\/3\/2020\/04\/minibagr_1200x900-1024x768.jpg 1024w, https:\/\/znakon.cz\/servis\/wp-content\/uploads\/sites\/3\/2020\/04\/minibagr_1200x900-768x576.jpg 768w\" sizes=\"(max-width: 1200px) 100vw, 1200px\" \/><\/a>\n\t\t\t<\/div><\/figure><figure class='gallery-item'>\n\t\t\t<div class='gallery-icon landscape'>\n\t\t\t\t<a href='https:\/\/znakon.cz\/servis\/wp-content\/uploads\/sites\/3\/2023\/12\/IMG_20220325_102951-scaled.jpg'><img loading=\"lazy\" decoding=\"async\" width=\"2560\" height=\"1920\" src=\"https:\/\/znakon.cz\/servis\/wp-content\/uploads\/sites\/3\/2023\/12\/IMG_20220325_102951-scaled.jpg\" class=\"attachment-full size-full\" alt=\"\" srcset=\"https:\/\/znakon.cz\/servis\/wp-content\/uploads\/sites\/3\/2023\/12\/IMG_20220325_102951-scaled.jpg 2560w, https:\/\/znakon.cz\/servis\/wp-content\/uploads\/sites\/3\/2023\/12\/IMG_20220325_102951-300x225.jpg 300w, https:\/\/znakon.cz\/servis\/wp-content\/uploads\/sites\/3\/2023\/12\/IMG_20220325_102951-1024x768.jpg 1024w, https:\/\/znakon.cz\/servis\/wp-content\/uploads\/sites\/3\/2023\/12\/IMG_20220325_102951-768x576.jpg 768w, https:\/\/znakon.cz\/servis\/wp-content\/uploads\/sites\/3\/2023\/12\/IMG_20220325_102951-1536x1152.jpg 1536w, https:\/\/znakon.cz\/servis\/wp-content\/uploads\/sites\/3\/2023\/12\/IMG_20220325_102951-2048x1536.jpg 2048w\" sizes=\"(max-width: 2560px) 100vw, 2560px\" \/><\/a>\n\t\t\t<\/div><\/figure>\n\t\t<\/div>\n\n<hr \/>\n<h5><span style=\"color: #800000;\">OSTATN\u00cd STAVEBN\u00cd STROJE<\/span><\/h5>\n<hr \/>\n<ul>\n<li>traktor John Deere x950R s&nbsp;p\u0159\u00edv\u011bsn\u00fdm voz\u00edkem<\/li>\n<li>p\u00e1sov\u00fd drti\u010d Giporec R100 FDR GIGA v\u010d. st\u0159\u00edda\u010de<\/li>\n<li>za\u0159\u00edzen\u00ed pro z\u00e1livku sp\u00e1r (kotl\u00edk) GRUN AVG50<\/li>\n<li>vysokozdvi\u017en\u00fd voz\u00edk Toyota Tonero 3,5t<\/li>\n<li>vibra\u010dn\u00ed p\u011bchy Wacker, Bomag<\/li>\n<li>vibra\u010dn\u00ed desky Wacker, Bomag<\/li>\n<li>benz\u00ednov\u00e1 bourac\u00ed kladiva Wacker<\/li>\n<li>\u0159eza\u010de sp\u00e1r 450mm NTC<\/li>\n<li>rozbru\u0161ovac\u00ed pily350 mm Wacker, Stihl, Husqvarna<\/li>\n<li>z\u00e1dov\u00e9 motorov\u00e9 fouka\u010de Stihl, Hitachi, Husqvarna<\/li>\n<\/ul>\n<hr \/>\n<\/div>\n<\/div><\/div><\/div><\/div><\/div><\/div>","protected":false},"excerpt":{"rendered":"<p>FINI\u0160ERY kolov\u00fd fini\u0161er V\u00f6gele 1303-2 p\u00e1sov\u00fd fini\u0161er V\u00f6gele S2100-3i p\u00e1sov\u00fd fini\u0161er V\u00f6gele Super 1800-3i fini\u0161er na strojn\u00ed dos\u00fdp\u00e1n\u00ed krajnic pln\u00edc\u00ed [&hellip;]<\/p>\n","protected":false},"author":1,"featured_media":0,"parent":0,"menu_order":0,"comment_status":"closed","ping_status":"closed","template":"page-templates\/pagebuilder.php","meta":{"_monsterinsights_skip_tracking":false,"_monsterinsights_sitenote_active":false,"_monsterinsights_sitenote_note":"","_monsterinsights_sitenote_category":0,"footnotes":""},"_links":{"self":[{"href":"https:\/\/znakon.cz\/servis\/wp-json\/wp\/v2\/pages\/51"}],"collection":[{"href":"https:\/\/znakon.cz\/servis\/wp-json\/wp\/v2\/pages"}],"about":[{"href":"https:\/\/znakon.cz\/servis\/wp-json\/wp\/v2\/types\/page"}],"author":[{"embeddable":true,"href":"https:\/\/znakon.cz\/servis\/wp-json\/wp\/v2\/users\/1"}],"replies":[{"embeddable":true,"href":"https:\/\/znakon.cz\/servis\/wp-json\/wp\/v2\/comments?post=51"}],"version-history":[{"count":90,"href":"https:\/\/znakon.cz\/servis\/wp-json\/wp\/v2\/pages\/51\/revisions"}],"predecessor-version":[{"id":288,"href":"https:\/\/znakon.cz\/servis\/wp-json\/wp\/v2\/pages\/51\/revisions\/288"}],"wp:attachment":[{"href":"https:\/\/znakon.cz\/servis\/wp-json\/wp\/v2\/media?parent=51"}],"curies":[{"name":"wp","href":"https:\/\/api.w.org\/{rel}","templated":true}]}}