{"id":61,"date":"2018-02-12T04:14:18","date_gmt":"2018-02-12T03:14:18","guid":{"rendered":"http:\/\/znakon.cz\/18\/servis\/?page_id=61"},"modified":"2018-03-15T08:55:38","modified_gmt":"2018-03-15T07:55:38","slug":"kontakt","status":"publish","type":"page","link":"https:\/\/znakon.cz\/servis\/kontakt\/","title":{"rendered":"Kontakt"},"content":{"rendered":"<div id=\"pl-61\"  class=\"panel-layout\" ><div id=\"pg-61-0\"  class=\"panel-grid panel-has-style\" ><div class=\"panel-row-style panel-row-style-for-61-0\" ><div id=\"pgc-61-0-0\"  class=\"panel-grid-cell\" ><div id=\"panel-61-0-0-0\" class=\"so-panel widget widget_sow-editor panel-first-child\" data-index=\"0\" ><div\n\t\t\t\n\t\t\tclass=\"so-widget-sow-editor so-widget-sow-editor-base\"\n\t\t\t\n\t\t>\n<div class=\"siteorigin-widget-tinymce textwidget\">\n\t<p><strong>Znakon Servis s.r.o.<\/strong><br \/>\n\u010d.p. 44, 386\u00a001 Sousedovice<br \/>\nI\u010c: 047\u00a047\u00a0437<br \/>\ntel.: +420\u00a0383\u00a0321\u00a0445<br \/>\nfax: +420\u00a0383\u00a0322\u00a0553<\/p>\n<p>OR KS \u010cesk\u00e9 Bud\u011bjovice, C 24525<\/p>\n<\/div>\n<\/div><\/div><div id=\"panel-61-0-0-1\" class=\"so-panel widget widget_sow-google-map panel-last-child\" data-index=\"1\" ><div\n\t\t\t\n\t\t\tclass=\"so-widget-sow-google-map so-widget-sow-google-map-default-6b23895f316e-61\"\n\t\t\t\n\t\t>\n<div class=\"sow-google-map-canvas\"\n\tstyle=\"\"\n\tid=\"map-canvas-cc8f479cb1ff5ec7f455576a971bc5f8\"\n\tdata-options=\"{&quot;address&quot;:&quot;Sousedovice 44&quot;,&quot;zoom&quot;:12,&quot;mobileZoom&quot;:12,&quot;gestureHandling&quot;:&quot;greedy&quot;,&quot;disableUi&quot;:false,&quot;markerIcon&quot;:false,&quot;markersDraggable&quot;:false,&quot;markerAtCenter&quot;:true,&quot;markerInfoDisplay&quot;:&quot;click&quot;,&quot;markerInfoMultiple&quot;:true,&quot;markerPositions&quot;:false,&quot;mapName&quot;:false,&quot;mapStyles&quot;:false,&quot;directions&quot;:&quot;&quot;,&quot;apiKey&quot;:&quot;AIzaSyACL8EbdKLHXEWOZOGJFD1MhcAR28Qkfp0&quot;,&quot;breakpoint&quot;:780,&quot;id&quot;:&quot;69dc38&quot;}\"\n\tdata-fallback-image=\"{&quot;img&quot;:&quot;&quot;}\"><\/div>\n<\/div><\/div><\/div><div id=\"pgc-61-0-1\"  class=\"panel-grid-cell\" ><div id=\"panel-61-0-1-0\" class=\"so-panel widget widget_sow-editor panel-first-child panel-last-child\" data-index=\"2\" ><div\n\t\t\t\n\t\t\tclass=\"so-widget-sow-editor so-widget-sow-editor-base\"\n\t\t\t\n\t\t><h3 class=\"widget-title\">Za\u0161lete n\u00e1m vzkaz<\/h3>\n<div class=\"siteorigin-widget-tinymce textwidget\">\n\t<p>Prost\u0159ednictv\u00edm formul\u00e1\u0159e n\u00e1m m\u016f\u017eete zaslat vzkaz, budeme se sna\u017eit odpov\u011bd\u011bt v\u00e1m v&nbsp;co nejkrat\u0161\u00ed dob\u011b.<\/p>\n\n<div class=\"wpcf7 no-js\" id=\"wpcf7-f60-o1\" lang=\"cs-CZ\" dir=\"ltr\">\n<div class=\"screen-reader-response\"><p role=\"status\" aria-live=\"polite\" aria-atomic=\"true\"><\/p> <ul><\/ul><\/div>\n<form action=\"\/servis\/wp-json\/wp\/v2\/pages\/61#wpcf7-f60-o1\" method=\"post\" class=\"wpcf7-form init\" aria-label=\"Kontaktn\u00ed formul\u00e1\u0159\" novalidate=\"novalidate\" data-status=\"init\">\n<div style=\"display: none;\">\n<input type=\"hidden\" name=\"_wpcf7\" value=\"60\" \/>\n<input type=\"hidden\" name=\"_wpcf7_version\" value=\"5.9.8\" \/>\n<input type=\"hidden\" name=\"_wpcf7_locale\" value=\"cs_CZ\" \/>\n<input type=\"hidden\" name=\"_wpcf7_unit_tag\" value=\"wpcf7-f60-o1\" \/>\n<input type=\"hidden\" name=\"_wpcf7_container_post\" value=\"0\" \/>\n<input type=\"hidden\" name=\"_wpcf7_posted_data_hash\" value=\"\" \/>\n<input type=\"hidden\" name=\"_wpcf7_recaptcha_response\" value=\"\" \/>\n<\/div>\n<p><label> Va\u0161e jm\u00e9no (vy\u017eadov\u00e1no)<br \/>\n<span class=\"wpcf7-form-control-wrap\" data-name=\"your-name\"><input size=\"40\" maxlength=\"400\" class=\"wpcf7-form-control wpcf7-text wpcf7-validates-as-required\" aria-required=\"true\" aria-invalid=\"false\" value=\"\" type=\"text\" name=\"your-name\" \/><\/span> <\/label>\n<\/p>\n<p><label> V\u00e1\u0161 e-mail (vy\u017eadov\u00e1no)<br \/>\n<span class=\"wpcf7-form-control-wrap\" data-name=\"your-email\"><input size=\"40\" maxlength=\"400\" class=\"wpcf7-form-control wpcf7-email wpcf7-validates-as-required wpcf7-text wpcf7-validates-as-email\" aria-required=\"true\" aria-invalid=\"false\" value=\"\" type=\"email\" name=\"your-email\" \/><\/span> <\/label>\n<\/p>\n<p><label> P\u0159edm\u011bt<br \/>\n<span class=\"wpcf7-form-control-wrap\" data-name=\"your-subject\"><input size=\"40\" maxlength=\"400\" class=\"wpcf7-form-control wpcf7-text\" aria-invalid=\"false\" value=\"\" type=\"text\" name=\"your-subject\" \/><\/span> <\/label>\n<\/p>\n<p><label> Va\u0161e zpr\u00e1va<br \/>\n<span class=\"wpcf7-form-control-wrap\" data-name=\"your-message\"><textarea cols=\"40\" rows=\"10\" maxlength=\"2000\" class=\"wpcf7-form-control wpcf7-textarea\" aria-invalid=\"false\" name=\"your-message\"><\/textarea><\/span> <\/label>\n<\/p>\n<p><input class=\"wpcf7-form-control wpcf7-submit has-spinner\" type=\"submit\" value=\"Odeslat\" \/>\n<\/p><div class=\"wpcf7-response-output\" aria-hidden=\"true\"><\/div>\n<\/form>\n<\/div>\n\n<\/div>\n<\/div><\/div><\/div><\/div><\/div><\/div>","protected":false},"excerpt":{"rendered":"<p>Znakon Servis s.r.o. \u010d.p. 44, 386\u00a001 Sousedovice I\u010c: 047\u00a047\u00a0437 tel.: +420\u00a0383\u00a0321\u00a0445 fax: +420\u00a0383\u00a0322\u00a0553 OR KS \u010cesk\u00e9 Bud\u011bjovice, C 24525 Prost\u0159ednictv\u00edm [&hellip;]<\/p>\n","protected":false},"author":1,"featured_media":0,"parent":0,"menu_order":0,"comment_status":"closed","ping_status":"closed","template":"page-templates\/pagebuilder.php","meta":{"_monsterinsights_skip_tracking":false,"_monsterinsights_sitenote_active":false,"_monsterinsights_sitenote_note":"","_monsterinsights_sitenote_category":0,"footnotes":""},"_links":{"self":[{"href":"https:\/\/znakon.cz\/servis\/wp-json\/wp\/v2\/pages\/61"}],"collection":[{"href":"https:\/\/znakon.cz\/servis\/wp-json\/wp\/v2\/pages"}],"about":[{"href":"https:\/\/znakon.cz\/servis\/wp-json\/wp\/v2\/types\/page"}],"author":[{"embeddable":true,"href":"https:\/\/znakon.cz\/servis\/wp-json\/wp\/v2\/users\/1"}],"replies":[{"embeddable":true,"href":"https:\/\/znakon.cz\/servis\/wp-json\/wp\/v2\/comments?post=61"}],"version-history":[{"count":13,"href":"https:\/\/znakon.cz\/servis\/wp-json\/wp\/v2\/pages\/61\/revisions"}],"predecessor-version":[{"id":232,"href":"https:\/\/znakon.cz\/servis\/wp-json\/wp\/v2\/pages\/61\/revisions\/232"}],"wp:attachment":[{"href":"https:\/\/znakon.cz\/servis\/wp-json\/wp\/v2\/media?parent=61"}],"curies":[{"name":"wp","href":"https:\/\/api.w.org\/{rel}","templated":true}]}}