{"id":1448,"date":"2019-09-16T11:27:16","date_gmt":"2019-09-16T09:27:16","guid":{"rendered":"http:\/\/znakon.cz\/znakon-as\/?page_id=1448"},"modified":"2025-07-21T11:52:30","modified_gmt":"2025-07-21T09:52:30","slug":"stredisko-sluzeb","status":"publish","type":"page","link":"https:\/\/znakon.cz\/znakon-as\/stredisko-sluzeb\/","title":{"rendered":"ST\u0158EDISKO SLU\u017dEB"},"content":{"rendered":"<div id=\"pl-1448\"  class=\"panel-layout\" ><div id=\"pg-1448-0\"  class=\"panel-grid panel-has-style\" ><div class=\"siteorigin-panels-stretch panel-row-style panel-row-style-for-1448-0\" data-stretch-type=\"full-width-stretch\" ><div id=\"pgc-1448-0-0\"  class=\"panel-grid-cell\" ><div id=\"panel-1448-0-0-0\" class=\"so-panel widget widget_sow-image panel-first-child panel-last-child\" data-index=\"0\" ><div\n\t\t\t\n\t\t\tclass=\"so-widget-sow-image so-widget-sow-image-default-8b5b6f678277-1448\"\n\t\t\t\n\t\t>\n<div class=\"sow-image-container\">\n\t\t<img \n\tsrc=\"https:\/\/znakon.cz\/znakon-as\/wp-content\/uploads\/sites\/2\/2020\/01\/SLU\u017dBY_1900X630.jpg\" width=\"1900\" height=\"630\" srcset=\"https:\/\/znakon.cz\/znakon-as\/wp-content\/uploads\/sites\/2\/2020\/01\/SLU\u017dBY_1900X630.jpg 1900w, https:\/\/znakon.cz\/znakon-as\/wp-content\/uploads\/sites\/2\/2020\/01\/SLU\u017dBY_1900X630-300x99.jpg 300w, https:\/\/znakon.cz\/znakon-as\/wp-content\/uploads\/sites\/2\/2020\/01\/SLU\u017dBY_1900X630-1024x340.jpg 1024w, https:\/\/znakon.cz\/znakon-as\/wp-content\/uploads\/sites\/2\/2020\/01\/SLU\u017dBY_1900X630-768x255.jpg 768w, https:\/\/znakon.cz\/znakon-as\/wp-content\/uploads\/sites\/2\/2020\/01\/SLU\u017dBY_1900X630-1536x509.jpg 1536w\" sizes=\"(max-width: 1900px) 100vw, 1900px\" alt=\"\" \t\tclass=\"so-widget-image\"\/>\n\t<\/div>\n\n<\/div><\/div><\/div><\/div><\/div><div id=\"pg-1448-1\"  class=\"panel-grid panel-no-style\" ><div id=\"pgc-1448-1-0\"  class=\"panel-grid-cell\" ><div id=\"panel-1448-1-0-0\" class=\"so-panel widget widget_sow-editor panel-first-child panel-last-child\" data-index=\"1\" ><div\n\t\t\t\n\t\t\tclass=\"so-widget-sow-editor so-widget-sow-editor-base\"\n\t\t\t\n\t\t>\n<div class=\"siteorigin-widget-tinymce textwidget\">\n\t<\/div>\n<\/div><\/div><\/div><\/div><div id=\"pg-1448-2\"  class=\"panel-grid panel-has-style\" ><div class=\"siteorigin-panels-stretch panel-row-style panel-row-style-for-1448-2\" data-stretch-type=\"full\" ><div id=\"pgc-1448-2-0\"  class=\"panel-grid-cell\" ><div id=\"panel-1448-2-0-0\" class=\"so-panel widget widget_sow-editor panel-first-child panel-last-child\" data-index=\"2\" ><div\n\t\t\t\n\t\t\tclass=\"so-widget-sow-editor so-widget-sow-editor-base\"\n\t\t\t\n\t\t>\n<div class=\"siteorigin-widget-tinymce textwidget\">\n\t<h2 style=\"text-align: center;\"><strong>\u00a0<\/strong><\/h2>\n<\/div>\n<\/div><\/div><\/div><\/div><\/div><div id=\"pg-1448-3\"  class=\"panel-grid panel-has-style\" ><div class=\"siteorigin-panels-stretch panel-row-style panel-row-style-for-1448-3\" data-stretch-type=\"full\" ><div id=\"pgc-1448-3-0\"  class=\"panel-grid-cell\" ><div id=\"panel-1448-3-0-0\" class=\"so-panel widget widget_sow-image panel-first-child panel-last-child\" data-index=\"3\" ><div\n\t\t\t\n\t\t\tclass=\"so-widget-sow-image so-widget-sow-image-default-89f16426b92c-1448\"\n\t\t\t\n\t\t>\n<div class=\"sow-image-container\">\n\t\t\t<a href=\"http:\/\/znakon.cz\/znakon-as\/pozemni-prace\/\"\n\t\t\t\t\t>\n\t\t\t<img \n\tsrc=\"https:\/\/znakon.cz\/znakon-as\/wp-content\/uploads\/sites\/2\/2020\/01\/4-2.jpg\" width=\"2000\" height=\"1000\" srcset=\"https:\/\/znakon.cz\/znakon-as\/wp-content\/uploads\/sites\/2\/2020\/01\/4-2.jpg 2000w, https:\/\/znakon.cz\/znakon-as\/wp-content\/uploads\/sites\/2\/2020\/01\/4-2-300x150.jpg 300w, https:\/\/znakon.cz\/znakon-as\/wp-content\/uploads\/sites\/2\/2020\/01\/4-2-1024x512.jpg 1024w, https:\/\/znakon.cz\/znakon-as\/wp-content\/uploads\/sites\/2\/2020\/01\/4-2-768x384.jpg 768w, https:\/\/znakon.cz\/znakon-as\/wp-content\/uploads\/sites\/2\/2020\/01\/4-2-1536x768.jpg 1536w, https:\/\/znakon.cz\/znakon-as\/wp-content\/uploads\/sites\/2\/2020\/01\/4-2-800x400.jpg 800w\" sizes=\"(max-width: 2000px) 100vw, 2000px\" title=\"POZEMN\u00cd PR\u00c1CE\" alt=\"OPRAVY A \u00daDR\u017dBA KOMUNIKAC\u00cd\" \t\tclass=\"so-widget-image\"\/>\n\t\t\t<\/a><\/div>\n\n<\/div><\/div><\/div><div id=\"pgc-1448-3-1\"  class=\"panel-grid-cell\" ><div id=\"panel-1448-3-1-0\" class=\"so-panel widget widget_sow-image panel-first-child panel-last-child\" data-index=\"4\" ><div\n\t\t\t\n\t\t\tclass=\"so-widget-sow-image so-widget-sow-image-default-89f16426b92c-1448\"\n\t\t\t\n\t\t>\n<div class=\"sow-image-container\">\n\t\t\t<a href=\"http:\/\/znakon.cz\/znakon-as\/vodorovne-a-svisle-dopravni-znaceni\/\"\n\t\t\t\t\t>\n\t\t\t<img \n\tsrc=\"https:\/\/znakon.cz\/znakon-as\/wp-content\/uploads\/sites\/2\/2020\/01\/2-2.jpg\" width=\"2000\" height=\"1000\" srcset=\"https:\/\/znakon.cz\/znakon-as\/wp-content\/uploads\/sites\/2\/2020\/01\/2-2.jpg 2000w, https:\/\/znakon.cz\/znakon-as\/wp-content\/uploads\/sites\/2\/2020\/01\/2-2-300x150.jpg 300w, https:\/\/znakon.cz\/znakon-as\/wp-content\/uploads\/sites\/2\/2020\/01\/2-2-1024x512.jpg 1024w, https:\/\/znakon.cz\/znakon-as\/wp-content\/uploads\/sites\/2\/2020\/01\/2-2-768x384.jpg 768w, https:\/\/znakon.cz\/znakon-as\/wp-content\/uploads\/sites\/2\/2020\/01\/2-2-1536x768.jpg 1536w, https:\/\/znakon.cz\/znakon-as\/wp-content\/uploads\/sites\/2\/2020\/01\/2-2-800x400.jpg 800w\" sizes=\"(max-width: 2000px) 100vw, 2000px\" title=\"VODOROVN\u00c9 A SVISL\u00c9 DOPRAVN\u00cd ZNA\u010cEN\u00cd \" alt=\"VODOROVN\u00c9 A SVISL\u00c9 DOPRAVN\u00cd ZNA\u010cEN\u00cd\" \t\tclass=\"so-widget-image\"\/>\n\t\t\t<\/a><\/div>\n\n<\/div><\/div><\/div><div id=\"pgc-1448-3-2\"  class=\"panel-grid-cell\" ><div id=\"panel-1448-3-2-0\" class=\"so-panel widget widget_sow-image panel-first-child panel-last-child\" data-index=\"5\" ><div\n\t\t\t\n\t\t\tclass=\"so-widget-sow-image so-widget-sow-image-default-89f16426b92c-1448\"\n\t\t\t\n\t\t>\n<div class=\"sow-image-container\">\n\t\t\t<a href=\"http:\/\/znakon.cz\/znakon-as\/frezovani-vozovek\/\"\n\t\t\t\t\t>\n\t\t\t<img \n\tsrc=\"https:\/\/znakon.cz\/znakon-as\/wp-content\/uploads\/sites\/2\/2020\/01\/1-2.jpg\" width=\"2000\" height=\"1000\" srcset=\"https:\/\/znakon.cz\/znakon-as\/wp-content\/uploads\/sites\/2\/2020\/01\/1-2.jpg 2000w, https:\/\/znakon.cz\/znakon-as\/wp-content\/uploads\/sites\/2\/2020\/01\/1-2-300x150.jpg 300w, https:\/\/znakon.cz\/znakon-as\/wp-content\/uploads\/sites\/2\/2020\/01\/1-2-1024x512.jpg 1024w, https:\/\/znakon.cz\/znakon-as\/wp-content\/uploads\/sites\/2\/2020\/01\/1-2-768x384.jpg 768w, https:\/\/znakon.cz\/znakon-as\/wp-content\/uploads\/sites\/2\/2020\/01\/1-2-1536x768.jpg 1536w, https:\/\/znakon.cz\/znakon-as\/wp-content\/uploads\/sites\/2\/2020\/01\/1-2-800x400.jpg 800w\" sizes=\"(max-width: 2000px) 100vw, 2000px\" title=\"FR\u00c9ZOV\u00c1N\u00cd VOZOVEK\" alt=\"\" \t\tclass=\"so-widget-image\"\/>\n\t\t\t<\/a><\/div>\n\n<\/div><\/div><\/div><div id=\"pgc-1448-3-3\"  class=\"panel-grid-cell\" ><div id=\"panel-1448-3-3-0\" class=\"so-panel widget widget_sow-image panel-first-child panel-last-child\" data-index=\"6\" ><div\n\t\t\t\n\t\t\tclass=\"so-widget-sow-image so-widget-sow-image-default-89f16426b92c-1448\"\n\t\t\t\n\t\t>\n<div class=\"sow-image-container\">\n\t\t\t<a href=\"http:\/\/znakon.cz\/znakon-as\/recyklacni-linka\/\"\n\t\t\t\t\t>\n\t\t\t<img \n\tsrc=\"https:\/\/znakon.cz\/znakon-as\/wp-content\/uploads\/sites\/2\/2020\/01\/6-2.jpg\" width=\"2000\" height=\"1000\" srcset=\"https:\/\/znakon.cz\/znakon-as\/wp-content\/uploads\/sites\/2\/2020\/01\/6-2.jpg 2000w, https:\/\/znakon.cz\/znakon-as\/wp-content\/uploads\/sites\/2\/2020\/01\/6-2-300x150.jpg 300w, https:\/\/znakon.cz\/znakon-as\/wp-content\/uploads\/sites\/2\/2020\/01\/6-2-1024x512.jpg 1024w, https:\/\/znakon.cz\/znakon-as\/wp-content\/uploads\/sites\/2\/2020\/01\/6-2-768x384.jpg 768w, https:\/\/znakon.cz\/znakon-as\/wp-content\/uploads\/sites\/2\/2020\/01\/6-2-1536x768.jpg 1536w, https:\/\/znakon.cz\/znakon-as\/wp-content\/uploads\/sites\/2\/2020\/01\/6-2-800x400.jpg 800w\" sizes=\"(max-width: 2000px) 100vw, 2000px\" title=\"RECYKLA\u010cN\u00cd LINKA\" alt=\"RECYKLA\u010cN\u00cd LINKA\" \t\tclass=\"so-widget-image\"\/>\n\t\t\t<\/a><\/div>\n\n<\/div><\/div><\/div><\/div><\/div><\/div>","protected":false},"excerpt":{"rendered":"<p>\u00a0<\/p>\n","protected":false},"author":1,"featured_media":0,"parent":0,"menu_order":0,"comment_status":"closed","ping_status":"closed","template":"page-templates\/pagebuilder.php","meta":{"_monsterinsights_skip_tracking":false,"_monsterinsights_sitenote_active":false,"_monsterinsights_sitenote_note":"","_monsterinsights_sitenote_category":0,"footnotes":""},"_links":{"self":[{"href":"https:\/\/znakon.cz\/znakon-as\/wp-json\/wp\/v2\/pages\/1448"}],"collection":[{"href":"https:\/\/znakon.cz\/znakon-as\/wp-json\/wp\/v2\/pages"}],"about":[{"href":"https:\/\/znakon.cz\/znakon-as\/wp-json\/wp\/v2\/types\/page"}],"author":[{"embeddable":true,"href":"https:\/\/znakon.cz\/znakon-as\/wp-json\/wp\/v2\/users\/1"}],"replies":[{"embeddable":true,"href":"https:\/\/znakon.cz\/znakon-as\/wp-json\/wp\/v2\/comments?post=1448"}],"version-history":[{"count":63,"href":"https:\/\/znakon.cz\/znakon-as\/wp-json\/wp\/v2\/pages\/1448\/revisions"}],"predecessor-version":[{"id":2636,"href":"https:\/\/znakon.cz\/znakon-as\/wp-json\/wp\/v2\/pages\/1448\/revisions\/2636"}],"wp:attachment":[{"href":"https:\/\/znakon.cz\/znakon-as\/wp-json\/wp\/v2\/media?parent=1448"}],"curies":[{"name":"wp","href":"https:\/\/api.w.org\/{rel}","templated":true}]}}