{"id":1841,"date":"2020-01-25T17:51:53","date_gmt":"2020-01-25T16:51:53","guid":{"rendered":"http:\/\/znakon.cz\/znakon-as\/?page_id=1841"},"modified":"2024-01-19T09:08:59","modified_gmt":"2024-01-19T08:08:59","slug":"stredisko-dopravy-a-mechanizace","status":"publish","type":"page","link":"https:\/\/znakon.cz\/znakon-as\/stredisko-dopravy-a-mechanizace\/","title":{"rendered":"ST\u0158EDISKO DOPRAVY A MECHANIZACE"},"content":{"rendered":"<div id=\"pl-1841\"  class=\"panel-layout\" ><div id=\"pg-1841-0\"  class=\"panel-grid panel-no-style\" ><div id=\"pgc-1841-0-0\"  class=\"panel-grid-cell\" ><div id=\"panel-1841-0-0-0\" class=\"so-panel widget widget_sow-editor panel-first-child panel-last-child\" data-index=\"0\" ><div\n\t\t\t\n\t\t\tclass=\"so-widget-sow-editor so-widget-sow-editor-base\"\n\t\t\t\n\t\t>\n<div class=\"siteorigin-widget-tinymce textwidget\">\n\t<p><img loading=\"lazy\" decoding=\"async\" class=\"wp-image-659 size-full aligncenter\" src=\"http:\/\/znakon.cz\/znakon-as\/wp-content\/uploads\/sites\/2\/2018\/02\/banner-horni-doprava-1900x630.jpg\" alt=\"\" width=\"1900\" height=\"630\" srcset=\"https:\/\/znakon.cz\/znakon-as\/wp-content\/uploads\/sites\/2\/2018\/02\/banner-horni-doprava-1900x630.jpg 1900w, https:\/\/znakon.cz\/znakon-as\/wp-content\/uploads\/sites\/2\/2018\/02\/banner-horni-doprava-1900x630-300x99.jpg 300w, https:\/\/znakon.cz\/znakon-as\/wp-content\/uploads\/sites\/2\/2018\/02\/banner-horni-doprava-1900x630-768x255.jpg 768w, https:\/\/znakon.cz\/znakon-as\/wp-content\/uploads\/sites\/2\/2018\/02\/banner-horni-doprava-1900x630-1024x340.jpg 1024w\" sizes=\"(max-width: 1900px) 100vw, 1900px\" \/><\/p>\n<p>Zaji\u0161\u0165ujeme plynul\u00fd chod jednotliv\u00fdch staveb zejm\u00e9na z&nbsp;hlediska strojn\u00edho vybaven\u00ed. D\u00edky kvalitn\u00edmu a pln\u011b vybaven\u00e9mu servisn\u00edmu z\u00e1zem\u00ed jsme schopni operativn\u011b \u0159e\u0161it poruchy jednotliv\u00fdch za\u0159\u00edzen\u00ed jak v&nbsp;m\u00edst\u011b s\u00eddla spole\u010dnosti, tak i na konkr\u00e9tn\u00edch stavb\u00e1ch pomoc\u00ed servisn\u00edho vozidla (mobiln\u00ed d\u00edlny).<\/p>\n<hr \/>\n<div id='gallery-1' class='gallery galleryid-1841 gallery-columns-4 gallery-size-full'><figure class='gallery-item'>\n\t\t\t<div class='gallery-icon landscape'>\n\t\t\t\t<a href='https:\/\/znakon.cz\/znakon-as\/wp-content\/uploads\/sites\/2\/2024\/01\/1200x900-a-e1705651724747.jpg'><img loading=\"lazy\" decoding=\"async\" width=\"1200\" height=\"780\" src=\"https:\/\/znakon.cz\/znakon-as\/wp-content\/uploads\/sites\/2\/2024\/01\/1200x900-a-e1705651724747.jpg\" class=\"attachment-full size-full\" alt=\"\" srcset=\"https:\/\/znakon.cz\/znakon-as\/wp-content\/uploads\/sites\/2\/2024\/01\/1200x900-a-e1705651724747.jpg 1200w, https:\/\/znakon.cz\/znakon-as\/wp-content\/uploads\/sites\/2\/2024\/01\/1200x900-a-e1705651724747-300x195.jpg 300w, https:\/\/znakon.cz\/znakon-as\/wp-content\/uploads\/sites\/2\/2024\/01\/1200x900-a-e1705651724747-1024x666.jpg 1024w, https:\/\/znakon.cz\/znakon-as\/wp-content\/uploads\/sites\/2\/2024\/01\/1200x900-a-e1705651724747-768x499.jpg 768w\" sizes=\"(max-width: 1200px) 100vw, 1200px\" \/><\/a>\n\t\t\t<\/div><\/figure><figure class='gallery-item'>\n\t\t\t<div class='gallery-icon landscape'>\n\t\t\t\t<a href='https:\/\/znakon.cz\/znakon-as\/wp-content\/uploads\/sites\/2\/2018\/01\/dop-05.jpg'><img loading=\"lazy\" decoding=\"async\" width=\"1200\" height=\"780\" src=\"https:\/\/znakon.cz\/znakon-as\/wp-content\/uploads\/sites\/2\/2018\/01\/dop-05.jpg\" class=\"attachment-full size-full\" alt=\"\" srcset=\"https:\/\/znakon.cz\/znakon-as\/wp-content\/uploads\/sites\/2\/2018\/01\/dop-05.jpg 1200w, https:\/\/znakon.cz\/znakon-as\/wp-content\/uploads\/sites\/2\/2018\/01\/dop-05-300x195.jpg 300w, https:\/\/znakon.cz\/znakon-as\/wp-content\/uploads\/sites\/2\/2018\/01\/dop-05-768x499.jpg 768w, https:\/\/znakon.cz\/znakon-as\/wp-content\/uploads\/sites\/2\/2018\/01\/dop-05-1024x666.jpg 1024w\" sizes=\"(max-width: 1200px) 100vw, 1200px\" \/><\/a>\n\t\t\t<\/div><\/figure><figure class='gallery-item'>\n\t\t\t<div class='gallery-icon landscape'>\n\t\t\t\t<a href='https:\/\/znakon.cz\/znakon-as\/wp-content\/uploads\/sites\/2\/2018\/01\/dop-08.jpg'><img loading=\"lazy\" decoding=\"async\" width=\"1200\" height=\"780\" src=\"https:\/\/znakon.cz\/znakon-as\/wp-content\/uploads\/sites\/2\/2018\/01\/dop-08.jpg\" class=\"attachment-full size-full\" alt=\"\" srcset=\"https:\/\/znakon.cz\/znakon-as\/wp-content\/uploads\/sites\/2\/2018\/01\/dop-08.jpg 1200w, https:\/\/znakon.cz\/znakon-as\/wp-content\/uploads\/sites\/2\/2018\/01\/dop-08-300x195.jpg 300w, https:\/\/znakon.cz\/znakon-as\/wp-content\/uploads\/sites\/2\/2018\/01\/dop-08-768x499.jpg 768w, https:\/\/znakon.cz\/znakon-as\/wp-content\/uploads\/sites\/2\/2018\/01\/dop-08-1024x666.jpg 1024w\" sizes=\"(max-width: 1200px) 100vw, 1200px\" \/><\/a>\n\t\t\t<\/div><\/figure><figure class='gallery-item'>\n\t\t\t<div class='gallery-icon landscape'>\n\t\t\t\t<a href='https:\/\/znakon.cz\/znakon-as\/wp-content\/uploads\/sites\/2\/2018\/01\/dop-11.jpg'><img loading=\"lazy\" decoding=\"async\" width=\"1200\" height=\"780\" src=\"https:\/\/znakon.cz\/znakon-as\/wp-content\/uploads\/sites\/2\/2018\/01\/dop-11.jpg\" class=\"attachment-full size-full\" alt=\"\" srcset=\"https:\/\/znakon.cz\/znakon-as\/wp-content\/uploads\/sites\/2\/2018\/01\/dop-11.jpg 1200w, https:\/\/znakon.cz\/znakon-as\/wp-content\/uploads\/sites\/2\/2018\/01\/dop-11-300x195.jpg 300w, https:\/\/znakon.cz\/znakon-as\/wp-content\/uploads\/sites\/2\/2018\/01\/dop-11-768x499.jpg 768w, https:\/\/znakon.cz\/znakon-as\/wp-content\/uploads\/sites\/2\/2018\/01\/dop-11-1024x666.jpg 1024w\" sizes=\"(max-width: 1200px) 100vw, 1200px\" \/><\/a>\n\t\t\t<\/div><\/figure><figure class='gallery-item'>\n\t\t\t<div class='gallery-icon landscape'>\n\t\t\t\t<a href='https:\/\/znakon.cz\/znakon-as\/wp-content\/uploads\/sites\/2\/2018\/01\/dop-14.jpg'><img loading=\"lazy\" decoding=\"async\" width=\"1200\" height=\"780\" src=\"https:\/\/znakon.cz\/znakon-as\/wp-content\/uploads\/sites\/2\/2018\/01\/dop-14.jpg\" class=\"attachment-full size-full\" alt=\"\" srcset=\"https:\/\/znakon.cz\/znakon-as\/wp-content\/uploads\/sites\/2\/2018\/01\/dop-14.jpg 1200w, https:\/\/znakon.cz\/znakon-as\/wp-content\/uploads\/sites\/2\/2018\/01\/dop-14-300x195.jpg 300w, https:\/\/znakon.cz\/znakon-as\/wp-content\/uploads\/sites\/2\/2018\/01\/dop-14-768x499.jpg 768w, https:\/\/znakon.cz\/znakon-as\/wp-content\/uploads\/sites\/2\/2018\/01\/dop-14-1024x666.jpg 1024w\" sizes=\"(max-width: 1200px) 100vw, 1200px\" \/><\/a>\n\t\t\t<\/div><\/figure><figure class='gallery-item'>\n\t\t\t<div class='gallery-icon landscape'>\n\t\t\t\t<a href='https:\/\/znakon.cz\/znakon-as\/wp-content\/uploads\/sites\/2\/2018\/01\/dop-15.jpg'><img loading=\"lazy\" decoding=\"async\" width=\"1200\" height=\"780\" src=\"https:\/\/znakon.cz\/znakon-as\/wp-content\/uploads\/sites\/2\/2018\/01\/dop-15.jpg\" class=\"attachment-full size-full\" alt=\"\" srcset=\"https:\/\/znakon.cz\/znakon-as\/wp-content\/uploads\/sites\/2\/2018\/01\/dop-15.jpg 1200w, https:\/\/znakon.cz\/znakon-as\/wp-content\/uploads\/sites\/2\/2018\/01\/dop-15-300x195.jpg 300w, https:\/\/znakon.cz\/znakon-as\/wp-content\/uploads\/sites\/2\/2018\/01\/dop-15-768x499.jpg 768w, https:\/\/znakon.cz\/znakon-as\/wp-content\/uploads\/sites\/2\/2018\/01\/dop-15-1024x666.jpg 1024w\" sizes=\"(max-width: 1200px) 100vw, 1200px\" \/><\/a>\n\t\t\t<\/div><\/figure><figure class='gallery-item'>\n\t\t\t<div class='gallery-icon landscape'>\n\t\t\t\t<a href='https:\/\/znakon.cz\/znakon-as\/wp-content\/uploads\/sites\/2\/2018\/02\/dop-19.jpg'><img loading=\"lazy\" decoding=\"async\" width=\"1200\" height=\"780\" src=\"https:\/\/znakon.cz\/znakon-as\/wp-content\/uploads\/sites\/2\/2018\/02\/dop-19.jpg\" class=\"attachment-full size-full\" alt=\"\" srcset=\"https:\/\/znakon.cz\/znakon-as\/wp-content\/uploads\/sites\/2\/2018\/02\/dop-19.jpg 1200w, https:\/\/znakon.cz\/znakon-as\/wp-content\/uploads\/sites\/2\/2018\/02\/dop-19-300x195.jpg 300w, https:\/\/znakon.cz\/znakon-as\/wp-content\/uploads\/sites\/2\/2018\/02\/dop-19-768x499.jpg 768w, https:\/\/znakon.cz\/znakon-as\/wp-content\/uploads\/sites\/2\/2018\/02\/dop-19-1024x666.jpg 1024w\" sizes=\"(max-width: 1200px) 100vw, 1200px\" \/><\/a>\n\t\t\t<\/div><\/figure><figure class='gallery-item'>\n\t\t\t<div class='gallery-icon landscape'>\n\t\t\t\t<a href='https:\/\/znakon.cz\/znakon-as\/wp-content\/uploads\/sites\/2\/2024\/01\/freza-mala_1200x800.jpg'><img loading=\"lazy\" decoding=\"async\" width=\"1200\" height=\"800\" src=\"https:\/\/znakon.cz\/znakon-as\/wp-content\/uploads\/sites\/2\/2024\/01\/freza-mala_1200x800.jpg\" class=\"attachment-full size-full\" alt=\"\" srcset=\"https:\/\/znakon.cz\/znakon-as\/wp-content\/uploads\/sites\/2\/2024\/01\/freza-mala_1200x800.jpg 1200w, https:\/\/znakon.cz\/znakon-as\/wp-content\/uploads\/sites\/2\/2024\/01\/freza-mala_1200x800-300x200.jpg 300w, https:\/\/znakon.cz\/znakon-as\/wp-content\/uploads\/sites\/2\/2024\/01\/freza-mala_1200x800-1024x683.jpg 1024w, https:\/\/znakon.cz\/znakon-as\/wp-content\/uploads\/sites\/2\/2024\/01\/freza-mala_1200x800-768x512.jpg 768w, https:\/\/znakon.cz\/znakon-as\/wp-content\/uploads\/sites\/2\/2024\/01\/freza-mala_1200x800-272x182.jpg 272w\" sizes=\"(max-width: 1200px) 100vw, 1200px\" \/><\/a>\n\t\t\t<\/div><\/figure>\n\t\t<\/div>\n\n<hr \/>\n<p><span style=\"color: #ff9900;\"><a style=\"color: #ff9900;\" href=\"http:\/\/znakon.cz\/znakon-as\/kontakt-znakon-as\/\"><strong>Bli\u017e\u0161\u00ed informace<\/strong><\/a><\/span><\/p>\n<\/div>\n<\/div><\/div><\/div><\/div><\/div>","protected":false},"excerpt":{"rendered":"<p>Zaji\u0161\u0165ujeme plynul\u00fd chod jednotliv\u00fdch staveb zejm\u00e9na z&nbsp;hlediska strojn\u00edho vybaven\u00ed. D\u00edky kvalitn\u00edmu a pln\u011b vybaven\u00e9mu servisn\u00edmu z\u00e1zem\u00ed jsme schopni operativn\u011b [&hellip;]<\/p>\n","protected":false},"author":1,"featured_media":0,"parent":0,"menu_order":0,"comment_status":"closed","ping_status":"closed","template":"page-templates\/pagebuilder.php","meta":{"_monsterinsights_skip_tracking":false,"_monsterinsights_sitenote_active":false,"_monsterinsights_sitenote_note":"","_monsterinsights_sitenote_category":0,"footnotes":""},"_links":{"self":[{"href":"https:\/\/znakon.cz\/znakon-as\/wp-json\/wp\/v2\/pages\/1841"}],"collection":[{"href":"https:\/\/znakon.cz\/znakon-as\/wp-json\/wp\/v2\/pages"}],"about":[{"href":"https:\/\/znakon.cz\/znakon-as\/wp-json\/wp\/v2\/types\/page"}],"author":[{"embeddable":true,"href":"https:\/\/znakon.cz\/znakon-as\/wp-json\/wp\/v2\/users\/1"}],"replies":[{"embeddable":true,"href":"https:\/\/znakon.cz\/znakon-as\/wp-json\/wp\/v2\/comments?post=1841"}],"version-history":[{"count":4,"href":"https:\/\/znakon.cz\/znakon-as\/wp-json\/wp\/v2\/pages\/1841\/revisions"}],"predecessor-version":[{"id":2534,"href":"https:\/\/znakon.cz\/znakon-as\/wp-json\/wp\/v2\/pages\/1841\/revisions\/2534"}],"wp:attachment":[{"href":"https:\/\/znakon.cz\/znakon-as\/wp-json\/wp\/v2\/media?parent=1841"}],"curies":[{"name":"wp","href":"https:\/\/api.w.org\/{rel}","templated":true}]}}