{"id":1851,"date":"2020-01-25T18:02:08","date_gmt":"2020-01-25T17:02:08","guid":{"rendered":"http:\/\/znakon.cz\/znakon-as\/?page_id=1851"},"modified":"2020-01-25T18:04:29","modified_gmt":"2020-01-25T17:04:29","slug":"gdpr","status":"publish","type":"page","link":"https:\/\/znakon.cz\/znakon-as\/gdpr\/","title":{"rendered":"GDPR"},"content":{"rendered":"<div id=\"pl-1851\"  class=\"panel-layout\" ><div id=\"pg-1851-0\"  class=\"panel-grid panel-has-style\" ><div class=\"panel-row-style panel-row-style-for-1851-0\" ><div id=\"pgc-1851-0-0\"  class=\"panel-grid-cell\" ><div id=\"panel-1851-0-0-0\" class=\"so-panel widget widget_sow-editor panel-first-child panel-last-child\" data-index=\"0\" ><div\n\t\t\t\n\t\t\tclass=\"so-widget-sow-editor so-widget-sow-editor-base\"\n\t\t\t\n\t\t>\n<div class=\"siteorigin-widget-tinymce textwidget\">\n\t<p>GDPR OCHRANA OSOBN\u00cdCH \u00daDAJ\u016e:<\/p>\n<p><a href=\"http:\/\/znakon.cz\/znakon-as\/wp-content\/uploads\/sites\/2\/2018\/06\/Informace-pro-obchodn\u00ed-partnery.pdf\">Informace pro obchodn\u00ed partnery<\/a><\/p>\n<p><a href=\"http:\/\/znakon.cz\/znakon-as\/wp-content\/uploads\/sites\/2\/2018\/06\/Informace-zam\u011bstnanci.pdf\">Informace zam\u011bstnanci<\/a><\/p>\n<p>&nbsp;<\/p>\n<\/div>\n<\/div><\/div><\/div><\/div><\/div><\/div>","protected":false},"excerpt":{"rendered":"<p>GDPR OCHRANA OSOBN\u00cdCH \u00daDAJ\u016e: Informace pro obchodn\u00ed partnery Informace zam\u011bstnanci &nbsp;<\/p>\n","protected":false},"author":1,"featured_media":0,"parent":0,"menu_order":0,"comment_status":"closed","ping_status":"closed","template":"page-templates\/pagebuilder.php","meta":{"_monsterinsights_skip_tracking":false,"_monsterinsights_sitenote_active":false,"_monsterinsights_sitenote_note":"","_monsterinsights_sitenote_category":0,"footnotes":""},"_links":{"self":[{"href":"https:\/\/znakon.cz\/znakon-as\/wp-json\/wp\/v2\/pages\/1851"}],"collection":[{"href":"https:\/\/znakon.cz\/znakon-as\/wp-json\/wp\/v2\/pages"}],"about":[{"href":"https:\/\/znakon.cz\/znakon-as\/wp-json\/wp\/v2\/types\/page"}],"author":[{"embeddable":true,"href":"https:\/\/znakon.cz\/znakon-as\/wp-json\/wp\/v2\/users\/1"}],"replies":[{"embeddable":true,"href":"https:\/\/znakon.cz\/znakon-as\/wp-json\/wp\/v2\/comments?post=1851"}],"version-history":[{"count":4,"href":"https:\/\/znakon.cz\/znakon-as\/wp-json\/wp\/v2\/pages\/1851\/revisions"}],"predecessor-version":[{"id":1853,"href":"https:\/\/znakon.cz\/znakon-as\/wp-json\/wp\/v2\/pages\/1851\/revisions\/1853"}],"wp:attachment":[{"href":"https:\/\/znakon.cz\/znakon-as\/wp-json\/wp\/v2\/media?parent=1851"}],"curies":[{"name":"wp","href":"https:\/\/api.w.org\/{rel}","templated":true}]}}