{"id":1859,"date":"2020-01-25T18:17:50","date_gmt":"2020-01-25T17:17:50","guid":{"rendered":"http:\/\/znakon.cz\/znakon-as\/?page_id=1859"},"modified":"2026-01-14T09:47:16","modified_gmt":"2026-01-14T08:47:16","slug":"isr","status":"publish","type":"page","link":"https:\/\/znakon.cz\/znakon-as\/isr\/","title":{"rendered":"INTEGROVAN\u00dd SYST\u00c9M \u0158\u00cdZEN\u00cd"},"content":{"rendered":"<div id=\"pl-1859\"  class=\"panel-layout\" ><div id=\"pg-1859-0\"  class=\"panel-grid panel-has-style\" ><div class=\"panel-row-style panel-row-style-for-1859-0\" ><div id=\"pgc-1859-0-0\"  class=\"panel-grid-cell\" ><div id=\"panel-1859-0-0-0\" class=\"so-panel widget widget_sow-editor panel-first-child\" data-index=\"0\" ><div\n\t\t\t\n\t\t\tclass=\"so-widget-sow-editor so-widget-sow-editor-base\"\n\t\t\t\n\t\t>\n<div class=\"siteorigin-widget-tinymce textwidget\">\n\t<p>Spole\u010dnost je certifikov\u00e1na dle norem:<\/p>\n<ul>\n<li>kvality (QMS) podle \u010cSN EN ISO 9001:2016;<\/li>\n<li>environment\u00e1ln\u00edho managementu (EMS) podle \u010cSN EN ISO 14001:2016;<\/li>\n<li>syst\u00e9m BOZP podle \u010cSN EN ISO 45001:2018<\/li>\n<\/ul>\n<p>Vrcholov\u00e9 veden\u00ed spole\u010dnosti a v\u0161ichni jej\u00ed zam\u011bstnanci si pln\u011b uv\u011bdomuj\u00ed nezbytnost syst\u00e9mov\u00e9ho \u0159\u00edzen\u00ed spole\u010dnosti, kter\u00e9 p\u0159edstavuje d\u016fle\u017eit\u00fd n\u00e1stroj pro neust\u00e1l\u00e9 zlep\u0161ov\u00e1n\u00ed v\u0161ech proces\u016f a vz\u00e1jemnou komunikaci se v\u0161emi zainteresovan\u00fdmi stranami.<\/p>\n<div id='gallery-1' class='gallery galleryid-1859 gallery-columns-4 gallery-size-full'><figure class='gallery-item'>\n\t\t\t<div class='gallery-icon portrait'>\n\t\t\t\t<a href='https:\/\/znakon.cz\/znakon-as\/wp-content\/uploads\/sites\/2\/2021\/06\/0001.jpg'><img loading=\"lazy\" decoding=\"async\" width=\"1190\" height=\"1683\" src=\"https:\/\/znakon.cz\/znakon-as\/wp-content\/uploads\/sites\/2\/2021\/06\/0001.jpg\" class=\"attachment-full size-full\" alt=\"\" srcset=\"https:\/\/znakon.cz\/znakon-as\/wp-content\/uploads\/sites\/2\/2021\/06\/0001.jpg 1190w, https:\/\/znakon.cz\/znakon-as\/wp-content\/uploads\/sites\/2\/2021\/06\/0001-212x300.jpg 212w, https:\/\/znakon.cz\/znakon-as\/wp-content\/uploads\/sites\/2\/2021\/06\/0001-724x1024.jpg 724w, https:\/\/znakon.cz\/znakon-as\/wp-content\/uploads\/sites\/2\/2021\/06\/0001-768x1086.jpg 768w, https:\/\/znakon.cz\/znakon-as\/wp-content\/uploads\/sites\/2\/2021\/06\/0001-1086x1536.jpg 1086w\" sizes=\"(max-width: 1190px) 100vw, 1190px\" \/><\/a>\n\t\t\t<\/div><\/figure><figure class='gallery-item'>\n\t\t\t<div class='gallery-icon portrait'>\n\t\t\t\t<a href='https:\/\/znakon.cz\/znakon-as\/wp-content\/uploads\/sites\/2\/2021\/06\/0002.jpg'><img loading=\"lazy\" decoding=\"async\" width=\"1190\" height=\"1683\" src=\"https:\/\/znakon.cz\/znakon-as\/wp-content\/uploads\/sites\/2\/2021\/06\/0002.jpg\" class=\"attachment-full size-full\" alt=\"\" srcset=\"https:\/\/znakon.cz\/znakon-as\/wp-content\/uploads\/sites\/2\/2021\/06\/0002.jpg 1190w, https:\/\/znakon.cz\/znakon-as\/wp-content\/uploads\/sites\/2\/2021\/06\/0002-212x300.jpg 212w, https:\/\/znakon.cz\/znakon-as\/wp-content\/uploads\/sites\/2\/2021\/06\/0002-724x1024.jpg 724w, https:\/\/znakon.cz\/znakon-as\/wp-content\/uploads\/sites\/2\/2021\/06\/0002-768x1086.jpg 768w, https:\/\/znakon.cz\/znakon-as\/wp-content\/uploads\/sites\/2\/2021\/06\/0002-1086x1536.jpg 1086w\" sizes=\"(max-width: 1190px) 100vw, 1190px\" \/><\/a>\n\t\t\t<\/div><\/figure><figure class='gallery-item'>\n\t\t\t<div class='gallery-icon portrait'>\n\t\t\t\t<a href='https:\/\/znakon.cz\/znakon-as\/wp-content\/uploads\/sites\/2\/2021\/06\/Certifikat-13805.jpg'><img loading=\"lazy\" decoding=\"async\" width=\"1190\" height=\"1683\" src=\"https:\/\/znakon.cz\/znakon-as\/wp-content\/uploads\/sites\/2\/2021\/06\/Certifikat-13805.jpg\" class=\"attachment-full size-full\" alt=\"\" srcset=\"https:\/\/znakon.cz\/znakon-as\/wp-content\/uploads\/sites\/2\/2021\/06\/Certifikat-13805.jpg 1190w, https:\/\/znakon.cz\/znakon-as\/wp-content\/uploads\/sites\/2\/2021\/06\/Certifikat-13805-212x300.jpg 212w, https:\/\/znakon.cz\/znakon-as\/wp-content\/uploads\/sites\/2\/2021\/06\/Certifikat-13805-724x1024.jpg 724w, https:\/\/znakon.cz\/znakon-as\/wp-content\/uploads\/sites\/2\/2021\/06\/Certifikat-13805-768x1086.jpg 768w, https:\/\/znakon.cz\/znakon-as\/wp-content\/uploads\/sites\/2\/2021\/06\/Certifikat-13805-1086x1536.jpg 1086w\" sizes=\"(max-width: 1190px) 100vw, 1190px\" \/><\/a>\n\t\t\t<\/div><\/figure><figure class='gallery-item'>\n\t\t\t<div class='gallery-icon portrait'>\n\t\t\t\t<a href='https:\/\/znakon.cz\/znakon-as\/wp-content\/uploads\/sites\/2\/2021\/06\/Certifikat-17085.jpg'><img loading=\"lazy\" decoding=\"async\" width=\"1190\" height=\"1683\" src=\"https:\/\/znakon.cz\/znakon-as\/wp-content\/uploads\/sites\/2\/2021\/06\/Certifikat-17085.jpg\" class=\"attachment-full size-full\" alt=\"\" srcset=\"https:\/\/znakon.cz\/znakon-as\/wp-content\/uploads\/sites\/2\/2021\/06\/Certifikat-17085.jpg 1190w, https:\/\/znakon.cz\/znakon-as\/wp-content\/uploads\/sites\/2\/2021\/06\/Certifikat-17085-212x300.jpg 212w, https:\/\/znakon.cz\/znakon-as\/wp-content\/uploads\/sites\/2\/2021\/06\/Certifikat-17085-724x1024.jpg 724w, https:\/\/znakon.cz\/znakon-as\/wp-content\/uploads\/sites\/2\/2021\/06\/Certifikat-17085-768x1086.jpg 768w, https:\/\/znakon.cz\/znakon-as\/wp-content\/uploads\/sites\/2\/2021\/06\/Certifikat-17085-1086x1536.jpg 1086w\" sizes=\"(max-width: 1190px) 100vw, 1190px\" \/><\/a>\n\t\t\t<\/div><\/figure>\n\t\t<\/div>\n\n<p>&nbsp;<\/p>\n<p>&nbsp;<\/p>\n<p>&nbsp;<\/p>\n<\/div>\n<\/div><\/div><div id=\"panel-1859-0-0-1\" class=\"so-panel widget widget_sow-editor panel-last-child\" data-index=\"1\" ><div\n\t\t\t\n\t\t\tclass=\"so-widget-sow-editor so-widget-sow-editor-base\"\n\t\t\t\n\t\t>\n<div class=\"siteorigin-widget-tinymce textwidget\">\n\t<p>Veden\u00ed spole\u010dnosti stanovilo politiku v&nbsp;oblasti kvality, \u017eivotn\u00edho prost\u0159ed\u00ed a BOZP, kterou pravideln\u011b p\u0159ezkoum\u00e1v\u00e1 a zve\u0159ej\u0148uje.<\/p>\n<div id='gallery-2' class='gallery galleryid-1859 gallery-columns-3 gallery-size-full'><figure class='gallery-item'>\n\t\t\t<div class='gallery-icon portrait'>\n\t\t\t\t<a href='https:\/\/znakon.cz\/znakon-as\/wp-content\/uploads\/sites\/2\/2024\/01\/1.jpg'><img loading=\"lazy\" decoding=\"async\" width=\"1414\" height=\"2000\" src=\"https:\/\/znakon.cz\/znakon-as\/wp-content\/uploads\/sites\/2\/2024\/01\/1.jpg\" class=\"attachment-full size-full\" alt=\"\" srcset=\"https:\/\/znakon.cz\/znakon-as\/wp-content\/uploads\/sites\/2\/2024\/01\/1.jpg 1414w, https:\/\/znakon.cz\/znakon-as\/wp-content\/uploads\/sites\/2\/2024\/01\/1-212x300.jpg 212w, https:\/\/znakon.cz\/znakon-as\/wp-content\/uploads\/sites\/2\/2024\/01\/1-724x1024.jpg 724w, https:\/\/znakon.cz\/znakon-as\/wp-content\/uploads\/sites\/2\/2024\/01\/1-768x1086.jpg 768w, https:\/\/znakon.cz\/znakon-as\/wp-content\/uploads\/sites\/2\/2024\/01\/1-1086x1536.jpg 1086w\" sizes=\"(max-width: 1414px) 100vw, 1414px\" \/><\/a>\n\t\t\t<\/div><\/figure><figure class='gallery-item'>\n\t\t\t<div class='gallery-icon portrait'>\n\t\t\t\t<a href='https:\/\/znakon.cz\/znakon-as\/wp-content\/uploads\/sites\/2\/2024\/01\/2.jpg'><img loading=\"lazy\" decoding=\"async\" width=\"1414\" height=\"2000\" src=\"https:\/\/znakon.cz\/znakon-as\/wp-content\/uploads\/sites\/2\/2024\/01\/2.jpg\" class=\"attachment-full size-full\" alt=\"\" srcset=\"https:\/\/znakon.cz\/znakon-as\/wp-content\/uploads\/sites\/2\/2024\/01\/2.jpg 1414w, https:\/\/znakon.cz\/znakon-as\/wp-content\/uploads\/sites\/2\/2024\/01\/2-212x300.jpg 212w, https:\/\/znakon.cz\/znakon-as\/wp-content\/uploads\/sites\/2\/2024\/01\/2-724x1024.jpg 724w, https:\/\/znakon.cz\/znakon-as\/wp-content\/uploads\/sites\/2\/2024\/01\/2-768x1086.jpg 768w, https:\/\/znakon.cz\/znakon-as\/wp-content\/uploads\/sites\/2\/2024\/01\/2-1086x1536.jpg 1086w\" sizes=\"(max-width: 1414px) 100vw, 1414px\" \/><\/a>\n\t\t\t<\/div><\/figure><figure class='gallery-item'>\n\t\t\t<div class='gallery-icon portrait'>\n\t\t\t\t<a href='https:\/\/znakon.cz\/znakon-as\/wp-content\/uploads\/sites\/2\/2024\/01\/3.jpg'><img loading=\"lazy\" decoding=\"async\" width=\"1414\" height=\"2000\" src=\"https:\/\/znakon.cz\/znakon-as\/wp-content\/uploads\/sites\/2\/2024\/01\/3.jpg\" class=\"attachment-full size-full\" alt=\"\" srcset=\"https:\/\/znakon.cz\/znakon-as\/wp-content\/uploads\/sites\/2\/2024\/01\/3.jpg 1414w, https:\/\/znakon.cz\/znakon-as\/wp-content\/uploads\/sites\/2\/2024\/01\/3-212x300.jpg 212w, https:\/\/znakon.cz\/znakon-as\/wp-content\/uploads\/sites\/2\/2024\/01\/3-724x1024.jpg 724w, https:\/\/znakon.cz\/znakon-as\/wp-content\/uploads\/sites\/2\/2024\/01\/3-768x1086.jpg 768w, https:\/\/znakon.cz\/znakon-as\/wp-content\/uploads\/sites\/2\/2024\/01\/3-1086x1536.jpg 1086w\" sizes=\"(max-width: 1414px) 100vw, 1414px\" \/><\/a>\n\t\t\t<\/div><\/figure>\n\t\t<\/div>\n\n<p>&nbsp;<\/p>\n<p>&nbsp;<\/p>\n<p>&nbsp;<\/p>\n<\/div>\n<\/div><\/div><\/div><\/div><\/div><\/div>","protected":false},"excerpt":{"rendered":"<p>Spole\u010dnost je certifikov\u00e1na dle norem: kvality (QMS) podle \u010cSN EN ISO 9001:2016; environment\u00e1ln\u00edho managementu (EMS) podle \u010cSN EN ISO 14001:2016; [&hellip;]<\/p>\n","protected":false},"author":1,"featured_media":0,"parent":0,"menu_order":0,"comment_status":"closed","ping_status":"closed","template":"page-templates\/pagebuilder.php","meta":{"_monsterinsights_skip_tracking":false,"_monsterinsights_sitenote_active":false,"_monsterinsights_sitenote_note":"","_monsterinsights_sitenote_category":0,"footnotes":""},"_links":{"self":[{"href":"https:\/\/znakon.cz\/znakon-as\/wp-json\/wp\/v2\/pages\/1859"}],"collection":[{"href":"https:\/\/znakon.cz\/znakon-as\/wp-json\/wp\/v2\/pages"}],"about":[{"href":"https:\/\/znakon.cz\/znakon-as\/wp-json\/wp\/v2\/types\/page"}],"author":[{"embeddable":true,"href":"https:\/\/znakon.cz\/znakon-as\/wp-json\/wp\/v2\/users\/1"}],"replies":[{"embeddable":true,"href":"https:\/\/znakon.cz\/znakon-as\/wp-json\/wp\/v2\/comments?post=1859"}],"version-history":[{"count":12,"href":"https:\/\/znakon.cz\/znakon-as\/wp-json\/wp\/v2\/pages\/1859\/revisions"}],"predecessor-version":[{"id":2718,"href":"https:\/\/znakon.cz\/znakon-as\/wp-json\/wp\/v2\/pages\/1859\/revisions\/2718"}],"wp:attachment":[{"href":"https:\/\/znakon.cz\/znakon-as\/wp-json\/wp\/v2\/media?parent=1859"}],"curies":[{"name":"wp","href":"https:\/\/api.w.org\/{rel}","templated":true}]}}