{"id":2544,"date":"2024-02-05T09:05:44","date_gmt":"2024-02-05T08:05:44","guid":{"rendered":"http:\/\/znakon.cz\/znakon-as\/?page_id=2544"},"modified":"2025-07-10T07:25:00","modified_gmt":"2025-07-10T05:25:00","slug":"referencni-stavby-2023","status":"publish","type":"page","link":"https:\/\/znakon.cz\/znakon-as\/referencni-stavby-2023\/","title":{"rendered":"Referen\u010dn\u00ed stavby 2023"},"content":{"rendered":"<h5><strong>MN\u00cd\u0160EK POD BRDY &#8211; kruhov\u00e1 k\u0159i\u017eovatka<\/strong><\/h5>\n<ul>\n<li><strong>investor:\u00a0<\/strong><\/li>\n<\/ul>\n<!-- Carousel Style & Script for  gallery-69f31d61412e5 -->\r\n\r\n<script type=\"text\/javascript\">\r\n\/\/ <![CDATA[\r\n\/* START --- Image Carousel --- *\/\r\n\r\njQuery(document).ready(function($) {\r\n\r\n    \r\n    $('.ghozylab-gallery img').each(function(i) {\r\n\r\n        $alt = $(this).attr('alt');\r\n\r\n        \/\/ Replace default title to more fancy :)\r\n        $(this).attr('alt', $alt.replace(\/-|_\/g, ' '));\r\n\r\n        $altnew = $(this).attr('alt').toLowerCase().replace(\/\\b[a-z]\/g, function(letter) {\r\n\r\n            return letter.toUpperCase();\r\n\r\n        });\r\n\r\n        $(this).attr('alt', $altnew);\r\n        \/\/ Compatibility with Zoom Lite Theme Image LazyLoad\r\n        $(this).removeAttr('data-lazy-src');\r\n\r\n    });\r\n\r\n    \r\n    $('#icppreloader-gallery-69f31d61412e5').fadeOut(300, function() {\r\n        $('#gallery-69f31d61412e5').fadeIn(300);\r\n        var slider69f31d61412e5 = $('#gallery-69f31d61412e5').bxSlider({\r\n            auto: false,\r\n            pause: 3000,\r\n            autoHover: true,\r\n            moveSlides: 5,\r\n            minSlides: 5,\r\n            maxSlides: 5,\r\n            slideWidth: 230,\r\n            slideMargin: 10,\r\n            startSlide: 0,\r\n            infiniteLoop: true,\r\n            captions: false,\r\n            captionsMode: 'alt',\r\n            adaptiveHeight: true,\r\n            useCSS: false,\r\n            pager: true,\r\n            easing: 'easeOutBounce',\r\n            speed: 2500,\r\n            preloadImages: 'all',\r\n            onSlideBefore: function() {\r\n                                $('#gallery-69f31d61412e5 .bx-caption').slideUp();\r\n                            },\r\n            onSlideAfter: function($slideElement, oldIndex, newIndex) {\r\n                                $('#gallery-69f31d61412e5 .bx-caption').slideDown();\r\n                            }\r\n        });\r\n\r\n    });\r\n});\r\n\r\n\/* END --- Image Carousel --- *\/\r\n\r\n\/\/ ]]>\r\n<\/script>\r\n\r\n<style type=\"text\/css\">\r\n.markup-gallery-69f31d61412e5 .carousel-item img {width: 100%;margin: 0 auto;border:none !important;border-radius: 0px !important;box-shadow:none !important;}.markup-gallery-69f31d61412e5 .bx-controls-direction a {display: none;}.markup-gallery-69f31d61412e5 .bx-wrapper:hover .bx-controls-direction a {display: block;}.markup-gallery-69f31d61412e5 .bx-controls-direction a { display: block !important;}1<\/style>\r\n\r\n\n\t\t<div id='icppreloader-gallery-69f31d61412e5' class='icpsliderpreloader'><\/div><div class='markup-gallery-69f31d61412e5'><div style='display:none;' id='gallery-69f31d61412e5' class='ghozylab-gallery galleryid-2544 gallery-size-full'><div class='carousel-item'><a   href='https:\/\/znakon.cz\/znakon-as\/wp-content\/uploads\/sites\/2\/2024\/02\/5-1-1024x769.jpeg'><img loading=\"lazy\" decoding=\"async\" width=\"2560\" height=\"1922\" src=\"https:\/\/znakon.cz\/znakon-as\/wp-content\/uploads\/sites\/2\/2024\/02\/5-1.jpeg\" class=\"attachment-full size-full\" alt=\"\" srcset=\"https:\/\/znakon.cz\/znakon-as\/wp-content\/uploads\/sites\/2\/2024\/02\/5-1.jpeg 2560w, https:\/\/znakon.cz\/znakon-as\/wp-content\/uploads\/sites\/2\/2024\/02\/5-1-300x225.jpeg 300w, https:\/\/znakon.cz\/znakon-as\/wp-content\/uploads\/sites\/2\/2024\/02\/5-1-1024x769.jpeg 1024w, https:\/\/znakon.cz\/znakon-as\/wp-content\/uploads\/sites\/2\/2024\/02\/5-1-768x577.jpeg 768w, https:\/\/znakon.cz\/znakon-as\/wp-content\/uploads\/sites\/2\/2024\/02\/5-1-1536x1153.jpeg 1536w, https:\/\/znakon.cz\/znakon-as\/wp-content\/uploads\/sites\/2\/2024\/02\/5-1-2048x1538.jpeg 2048w\" sizes=\"(max-width: 2560px) 100vw, 2560px\" \/><\/a><\/div><div class='carousel-item'><a   href='https:\/\/znakon.cz\/znakon-as\/wp-content\/uploads\/sites\/2\/2024\/02\/4-1-1024x768.jpg'><img loading=\"lazy\" decoding=\"async\" width=\"2560\" height=\"1920\" src=\"https:\/\/znakon.cz\/znakon-as\/wp-content\/uploads\/sites\/2\/2024\/02\/4-1.jpg\" class=\"attachment-full size-full\" alt=\"\" srcset=\"https:\/\/znakon.cz\/znakon-as\/wp-content\/uploads\/sites\/2\/2024\/02\/4-1.jpg 2560w, https:\/\/znakon.cz\/znakon-as\/wp-content\/uploads\/sites\/2\/2024\/02\/4-1-300x225.jpg 300w, https:\/\/znakon.cz\/znakon-as\/wp-content\/uploads\/sites\/2\/2024\/02\/4-1-1024x768.jpg 1024w, https:\/\/znakon.cz\/znakon-as\/wp-content\/uploads\/sites\/2\/2024\/02\/4-1-768x576.jpg 768w, https:\/\/znakon.cz\/znakon-as\/wp-content\/uploads\/sites\/2\/2024\/02\/4-1-1536x1152.jpg 1536w, https:\/\/znakon.cz\/znakon-as\/wp-content\/uploads\/sites\/2\/2024\/02\/4-1-2048x1536.jpg 2048w\" sizes=\"(max-width: 2560px) 100vw, 2560px\" \/><\/a><\/div><div class='carousel-item'><a   href='https:\/\/znakon.cz\/znakon-as\/wp-content\/uploads\/sites\/2\/2024\/02\/3-1-1024x768.jpg'><img loading=\"lazy\" decoding=\"async\" width=\"2560\" height=\"1920\" src=\"https:\/\/znakon.cz\/znakon-as\/wp-content\/uploads\/sites\/2\/2024\/02\/3-1.jpg\" class=\"attachment-full size-full\" alt=\"\" srcset=\"https:\/\/znakon.cz\/znakon-as\/wp-content\/uploads\/sites\/2\/2024\/02\/3-1.jpg 2560w, https:\/\/znakon.cz\/znakon-as\/wp-content\/uploads\/sites\/2\/2024\/02\/3-1-300x225.jpg 300w, https:\/\/znakon.cz\/znakon-as\/wp-content\/uploads\/sites\/2\/2024\/02\/3-1-1024x768.jpg 1024w, https:\/\/znakon.cz\/znakon-as\/wp-content\/uploads\/sites\/2\/2024\/02\/3-1-768x576.jpg 768w, https:\/\/znakon.cz\/znakon-as\/wp-content\/uploads\/sites\/2\/2024\/02\/3-1-1536x1152.jpg 1536w, https:\/\/znakon.cz\/znakon-as\/wp-content\/uploads\/sites\/2\/2024\/02\/3-1-2048x1536.jpg 2048w\" sizes=\"(max-width: 2560px) 100vw, 2560px\" \/><\/a><\/div><div class='carousel-item'><a   href='https:\/\/znakon.cz\/znakon-as\/wp-content\/uploads\/sites\/2\/2024\/02\/2-1-1024x768.jpg'><img loading=\"lazy\" decoding=\"async\" width=\"2560\" height=\"1920\" src=\"https:\/\/znakon.cz\/znakon-as\/wp-content\/uploads\/sites\/2\/2024\/02\/2-1.jpg\" class=\"attachment-full size-full\" alt=\"\" srcset=\"https:\/\/znakon.cz\/znakon-as\/wp-content\/uploads\/sites\/2\/2024\/02\/2-1.jpg 2560w, https:\/\/znakon.cz\/znakon-as\/wp-content\/uploads\/sites\/2\/2024\/02\/2-1-300x225.jpg 300w, https:\/\/znakon.cz\/znakon-as\/wp-content\/uploads\/sites\/2\/2024\/02\/2-1-1024x768.jpg 1024w, https:\/\/znakon.cz\/znakon-as\/wp-content\/uploads\/sites\/2\/2024\/02\/2-1-768x576.jpg 768w, https:\/\/znakon.cz\/znakon-as\/wp-content\/uploads\/sites\/2\/2024\/02\/2-1-1536x1152.jpg 1536w, https:\/\/znakon.cz\/znakon-as\/wp-content\/uploads\/sites\/2\/2024\/02\/2-1-2048x1536.jpg 2048w\" sizes=\"(max-width: 2560px) 100vw, 2560px\" \/><\/a><\/div><div class='carousel-item'><a   href='https:\/\/znakon.cz\/znakon-as\/wp-content\/uploads\/sites\/2\/2024\/02\/1-1-1024x768.jpg'><img loading=\"lazy\" decoding=\"async\" width=\"2560\" height=\"1920\" src=\"https:\/\/znakon.cz\/znakon-as\/wp-content\/uploads\/sites\/2\/2024\/02\/1-1.jpg\" class=\"attachment-full size-full\" alt=\"\" srcset=\"https:\/\/znakon.cz\/znakon-as\/wp-content\/uploads\/sites\/2\/2024\/02\/1-1.jpg 2560w, https:\/\/znakon.cz\/znakon-as\/wp-content\/uploads\/sites\/2\/2024\/02\/1-1-300x225.jpg 300w, https:\/\/znakon.cz\/znakon-as\/wp-content\/uploads\/sites\/2\/2024\/02\/1-1-1024x768.jpg 1024w, https:\/\/znakon.cz\/znakon-as\/wp-content\/uploads\/sites\/2\/2024\/02\/1-1-768x576.jpg 768w, https:\/\/znakon.cz\/znakon-as\/wp-content\/uploads\/sites\/2\/2024\/02\/1-1-1536x1152.jpg 1536w, https:\/\/znakon.cz\/znakon-as\/wp-content\/uploads\/sites\/2\/2024\/02\/1-1-2048x1536.jpg 2048w\" sizes=\"(max-width: 2560px) 100vw, 2560px\" \/><\/a><\/div>\r\n\t\t<\/div><\/div>\n\n<hr \/>\n<p><strong>B\u011a\u0160T\u00cdN II-115<\/strong><\/p>\n<ul>\n<li><strong>investor:\u00a0 KS\u00daS St\u0159edo\u010desk\u00e9ho kraje<\/strong><\/li>\n<\/ul>\n<!-- Carousel Style & Script for  gallery-69f31d6143662 -->\r\n\r\n<script type=\"text\/javascript\">\r\n\/\/ <![CDATA[\r\n\/* START --- Image Carousel --- *\/\r\n\r\njQuery(document).ready(function($) {\r\n\r\n    \r\n    $('.ghozylab-gallery img').each(function(i) {\r\n\r\n        $alt = $(this).attr('alt');\r\n\r\n        \/\/ Replace default title to more fancy :)\r\n        $(this).attr('alt', $alt.replace(\/-|_\/g, ' '));\r\n\r\n        $altnew = $(this).attr('alt').toLowerCase().replace(\/\\b[a-z]\/g, function(letter) {\r\n\r\n            return letter.toUpperCase();\r\n\r\n        });\r\n\r\n        $(this).attr('alt', $altnew);\r\n        \/\/ Compatibility with Zoom Lite Theme Image LazyLoad\r\n        $(this).removeAttr('data-lazy-src');\r\n\r\n    });\r\n\r\n    \r\n    $('#icppreloader-gallery-69f31d6143662').fadeOut(300, function() {\r\n        $('#gallery-69f31d6143662').fadeIn(300);\r\n        var slider69f31d6143662 = $('#gallery-69f31d6143662').bxSlider({\r\n            auto: false,\r\n            pause: 3000,\r\n            autoHover: true,\r\n            moveSlides: 5,\r\n            minSlides: 5,\r\n            maxSlides: 5,\r\n            slideWidth: 230,\r\n            slideMargin: 10,\r\n            startSlide: 0,\r\n            infiniteLoop: true,\r\n            captions: false,\r\n            captionsMode: 'alt',\r\n            adaptiveHeight: true,\r\n            useCSS: false,\r\n            pager: true,\r\n            easing: 'easeOutBounce',\r\n            speed: 2500,\r\n            preloadImages: 'all',\r\n            onSlideBefore: function() {\r\n                                $('#gallery-69f31d6143662 .bx-caption').slideUp();\r\n                            },\r\n            onSlideAfter: function($slideElement, oldIndex, newIndex) {\r\n                                $('#gallery-69f31d6143662 .bx-caption').slideDown();\r\n                            }\r\n        });\r\n\r\n    });\r\n});\r\n\r\n\/* END --- Image Carousel --- *\/\r\n\r\n\/\/ ]]>\r\n<\/script>\r\n\r\n<style type=\"text\/css\">\r\n.markup-gallery-69f31d6143662 .carousel-item img {width: 100%;margin: 0 auto;border:none !important;border-radius: 0px !important;box-shadow:none !important;}.markup-gallery-69f31d6143662 .bx-controls-direction a {display: none;}.markup-gallery-69f31d6143662 .bx-wrapper:hover .bx-controls-direction a {display: block;}.markup-gallery-69f31d6143662 .bx-controls-direction a { display: block !important;}1<\/style>\r\n\r\n\n\t\t<div id='icppreloader-gallery-69f31d6143662' class='icpsliderpreloader'><\/div><div class='markup-gallery-69f31d6143662'><div style='display:none;' id='gallery-69f31d6143662' class='ghozylab-gallery galleryid-2544 gallery-size-full'><div class='carousel-item'><a   href='https:\/\/znakon.cz\/znakon-as\/wp-content\/uploads\/sites\/2\/2024\/02\/60_II-115-Bestin-1-e1707207466216-1024x761.jpg'><img loading=\"lazy\" decoding=\"async\" width=\"1500\" height=\"1115\" src=\"https:\/\/znakon.cz\/znakon-as\/wp-content\/uploads\/sites\/2\/2024\/02\/60_II-115-Bestin-1-e1707207466216.jpg\" class=\"attachment-full size-full\" alt=\"\" srcset=\"https:\/\/znakon.cz\/znakon-as\/wp-content\/uploads\/sites\/2\/2024\/02\/60_II-115-Bestin-1-e1707207466216.jpg 1500w, https:\/\/znakon.cz\/znakon-as\/wp-content\/uploads\/sites\/2\/2024\/02\/60_II-115-Bestin-1-e1707207466216-300x223.jpg 300w, https:\/\/znakon.cz\/znakon-as\/wp-content\/uploads\/sites\/2\/2024\/02\/60_II-115-Bestin-1-e1707207466216-1024x761.jpg 1024w, https:\/\/znakon.cz\/znakon-as\/wp-content\/uploads\/sites\/2\/2024\/02\/60_II-115-Bestin-1-e1707207466216-768x571.jpg 768w\" sizes=\"(max-width: 1500px) 100vw, 1500px\" \/><\/a><\/div><div class='carousel-item'><a   href='https:\/\/znakon.cz\/znakon-as\/wp-content\/uploads\/sites\/2\/2024\/02\/52_II-115-Bestin-1-1024x759.jpg'><img loading=\"lazy\" decoding=\"async\" width=\"2560\" height=\"1898\" src=\"https:\/\/znakon.cz\/znakon-as\/wp-content\/uploads\/sites\/2\/2024\/02\/52_II-115-Bestin-1-scaled.jpg\" class=\"attachment-full size-full\" alt=\"\" srcset=\"https:\/\/znakon.cz\/znakon-as\/wp-content\/uploads\/sites\/2\/2024\/02\/52_II-115-Bestin-1-scaled.jpg 2560w, https:\/\/znakon.cz\/znakon-as\/wp-content\/uploads\/sites\/2\/2024\/02\/52_II-115-Bestin-1-300x222.jpg 300w, https:\/\/znakon.cz\/znakon-as\/wp-content\/uploads\/sites\/2\/2024\/02\/52_II-115-Bestin-1-1024x759.jpg 1024w, https:\/\/znakon.cz\/znakon-as\/wp-content\/uploads\/sites\/2\/2024\/02\/52_II-115-Bestin-1-768x569.jpg 768w, https:\/\/znakon.cz\/znakon-as\/wp-content\/uploads\/sites\/2\/2024\/02\/52_II-115-Bestin-1-1536x1139.jpg 1536w, https:\/\/znakon.cz\/znakon-as\/wp-content\/uploads\/sites\/2\/2024\/02\/52_II-115-Bestin-1-2048x1518.jpg 2048w\" sizes=\"(max-width: 2560px) 100vw, 2560px\" \/><\/a><\/div><div class='carousel-item'><a   href='https:\/\/znakon.cz\/znakon-as\/wp-content\/uploads\/sites\/2\/2024\/02\/25_II-115-Bestin-1024x759.jpg'><img loading=\"lazy\" decoding=\"async\" width=\"2560\" height=\"1898\" src=\"https:\/\/znakon.cz\/znakon-as\/wp-content\/uploads\/sites\/2\/2024\/02\/25_II-115-Bestin-scaled.jpg\" class=\"attachment-full size-full\" alt=\"\" srcset=\"https:\/\/znakon.cz\/znakon-as\/wp-content\/uploads\/sites\/2\/2024\/02\/25_II-115-Bestin-scaled.jpg 2560w, https:\/\/znakon.cz\/znakon-as\/wp-content\/uploads\/sites\/2\/2024\/02\/25_II-115-Bestin-300x222.jpg 300w, https:\/\/znakon.cz\/znakon-as\/wp-content\/uploads\/sites\/2\/2024\/02\/25_II-115-Bestin-1024x759.jpg 1024w, https:\/\/znakon.cz\/znakon-as\/wp-content\/uploads\/sites\/2\/2024\/02\/25_II-115-Bestin-768x569.jpg 768w, https:\/\/znakon.cz\/znakon-as\/wp-content\/uploads\/sites\/2\/2024\/02\/25_II-115-Bestin-1536x1139.jpg 1536w, https:\/\/znakon.cz\/znakon-as\/wp-content\/uploads\/sites\/2\/2024\/02\/25_II-115-Bestin-2048x1518.jpg 2048w\" sizes=\"(max-width: 2560px) 100vw, 2560px\" \/><\/a><\/div><div class='carousel-item'><a   href='https:\/\/znakon.cz\/znakon-as\/wp-content\/uploads\/sites\/2\/2024\/02\/22_II-115-Bestin-1-scaled-e1707207424929-1024x758.jpg'><img loading=\"lazy\" decoding=\"async\" width=\"2560\" height=\"1894\" src=\"https:\/\/znakon.cz\/znakon-as\/wp-content\/uploads\/sites\/2\/2024\/02\/22_II-115-Bestin-1-scaled-e1707207424929.jpg\" class=\"attachment-full size-full\" alt=\"\" srcset=\"https:\/\/znakon.cz\/znakon-as\/wp-content\/uploads\/sites\/2\/2024\/02\/22_II-115-Bestin-1-scaled-e1707207424929.jpg 2560w, https:\/\/znakon.cz\/znakon-as\/wp-content\/uploads\/sites\/2\/2024\/02\/22_II-115-Bestin-1-scaled-e1707207424929-300x222.jpg 300w, https:\/\/znakon.cz\/znakon-as\/wp-content\/uploads\/sites\/2\/2024\/02\/22_II-115-Bestin-1-scaled-e1707207424929-1024x758.jpg 1024w, https:\/\/znakon.cz\/znakon-as\/wp-content\/uploads\/sites\/2\/2024\/02\/22_II-115-Bestin-1-scaled-e1707207424929-768x568.jpg 768w, https:\/\/znakon.cz\/znakon-as\/wp-content\/uploads\/sites\/2\/2024\/02\/22_II-115-Bestin-1-scaled-e1707207424929-1536x1136.jpg 1536w, https:\/\/znakon.cz\/znakon-as\/wp-content\/uploads\/sites\/2\/2024\/02\/22_II-115-Bestin-1-scaled-e1707207424929-2048x1515.jpg 2048w\" sizes=\"(max-width: 2560px) 100vw, 2560px\" \/><\/a><\/div><div class='carousel-item'><a   href='https:\/\/znakon.cz\/znakon-as\/wp-content\/uploads\/sites\/2\/2024\/02\/01_II-115-Bestin-1-1024x759.jpg'><img loading=\"lazy\" decoding=\"async\" width=\"2560\" height=\"1898\" src=\"https:\/\/znakon.cz\/znakon-as\/wp-content\/uploads\/sites\/2\/2024\/02\/01_II-115-Bestin-1-scaled.jpg\" class=\"attachment-full size-full\" alt=\"\" srcset=\"https:\/\/znakon.cz\/znakon-as\/wp-content\/uploads\/sites\/2\/2024\/02\/01_II-115-Bestin-1-scaled.jpg 2560w, https:\/\/znakon.cz\/znakon-as\/wp-content\/uploads\/sites\/2\/2024\/02\/01_II-115-Bestin-1-300x222.jpg 300w, https:\/\/znakon.cz\/znakon-as\/wp-content\/uploads\/sites\/2\/2024\/02\/01_II-115-Bestin-1-1024x759.jpg 1024w, https:\/\/znakon.cz\/znakon-as\/wp-content\/uploads\/sites\/2\/2024\/02\/01_II-115-Bestin-1-768x569.jpg 768w, https:\/\/znakon.cz\/znakon-as\/wp-content\/uploads\/sites\/2\/2024\/02\/01_II-115-Bestin-1-1536x1139.jpg 1536w, https:\/\/znakon.cz\/znakon-as\/wp-content\/uploads\/sites\/2\/2024\/02\/01_II-115-Bestin-1-2048x1518.jpg 2048w\" sizes=\"(max-width: 2560px) 100vw, 2560px\" \/><\/a><\/div>\r\n\t\t<\/div><\/div>\n\n<hr \/>\n<h5><strong>MLAD\u00c1 VO\u017dICE<\/strong><\/h5>\n<ul>\n<li><strong>investor: m\u011bsto Mlad\u00e1 Vo\u017eice<\/strong><\/li>\n<\/ul>\n<!-- Carousel Style & Script for  gallery-69f31d6145906 -->\r\n\r\n<script type=\"text\/javascript\">\r\n\/\/ <![CDATA[\r\n\/* START --- Image Carousel --- *\/\r\n\r\njQuery(document).ready(function($) {\r\n\r\n    \r\n    $('.ghozylab-gallery img').each(function(i) {\r\n\r\n        $alt = $(this).attr('alt');\r\n\r\n        \/\/ Replace default title to more fancy :)\r\n        $(this).attr('alt', $alt.replace(\/-|_\/g, ' '));\r\n\r\n        $altnew = $(this).attr('alt').toLowerCase().replace(\/\\b[a-z]\/g, function(letter) {\r\n\r\n            return letter.toUpperCase();\r\n\r\n        });\r\n\r\n        $(this).attr('alt', $altnew);\r\n        \/\/ Compatibility with Zoom Lite Theme Image LazyLoad\r\n        $(this).removeAttr('data-lazy-src');\r\n\r\n    });\r\n\r\n    \r\n    $('#icppreloader-gallery-69f31d6145906').fadeOut(300, function() {\r\n        $('#gallery-69f31d6145906').fadeIn(300);\r\n        var slider69f31d6145906 = $('#gallery-69f31d6145906').bxSlider({\r\n            auto: false,\r\n            pause: 3000,\r\n            autoHover: true,\r\n            moveSlides: 5,\r\n            minSlides: 5,\r\n            maxSlides: 5,\r\n            slideWidth: 230,\r\n            slideMargin: 10,\r\n            startSlide: 0,\r\n            infiniteLoop: true,\r\n            captions: false,\r\n            captionsMode: 'alt',\r\n            adaptiveHeight: true,\r\n            useCSS: false,\r\n            pager: true,\r\n            easing: 'easeOutBounce',\r\n            speed: 2500,\r\n            preloadImages: 'all',\r\n            onSlideBefore: function() {\r\n                                $('#gallery-69f31d6145906 .bx-caption').slideUp();\r\n                            },\r\n            onSlideAfter: function($slideElement, oldIndex, newIndex) {\r\n                                $('#gallery-69f31d6145906 .bx-caption').slideDown();\r\n                            }\r\n        });\r\n\r\n    });\r\n});\r\n\r\n\/* END --- Image Carousel --- *\/\r\n\r\n\/\/ ]]>\r\n<\/script>\r\n\r\n<style type=\"text\/css\">\r\n.markup-gallery-69f31d6145906 .carousel-item img {width: 100%;margin: 0 auto;border:none !important;border-radius: 0px !important;box-shadow:none !important;}.markup-gallery-69f31d6145906 .bx-controls-direction a {display: none;}.markup-gallery-69f31d6145906 .bx-wrapper:hover .bx-controls-direction a {display: block;}.markup-gallery-69f31d6145906 .bx-controls-direction a { display: block !important;}1<\/style>\r\n\r\n\n\t\t<div id='icppreloader-gallery-69f31d6145906' class='icpsliderpreloader'><\/div><div class='markup-gallery-69f31d6145906'><div style='display:none;' id='gallery-69f31d6145906' class='ghozylab-gallery galleryid-2544 gallery-size-full'><div class='carousel-item'><a   href='https:\/\/znakon.cz\/znakon-as\/wp-content\/uploads\/sites\/2\/2024\/02\/5-768x1024.jpg'><img loading=\"lazy\" decoding=\"async\" width=\"1500\" height=\"2000\" src=\"https:\/\/znakon.cz\/znakon-as\/wp-content\/uploads\/sites\/2\/2024\/02\/5.jpg\" class=\"attachment-full size-full\" alt=\"\" srcset=\"https:\/\/znakon.cz\/znakon-as\/wp-content\/uploads\/sites\/2\/2024\/02\/5.jpg 1500w, https:\/\/znakon.cz\/znakon-as\/wp-content\/uploads\/sites\/2\/2024\/02\/5-225x300.jpg 225w, https:\/\/znakon.cz\/znakon-as\/wp-content\/uploads\/sites\/2\/2024\/02\/5-768x1024.jpg 768w, https:\/\/znakon.cz\/znakon-as\/wp-content\/uploads\/sites\/2\/2024\/02\/5-1152x1536.jpg 1152w\" sizes=\"(max-width: 1500px) 100vw, 1500px\" \/><\/a><\/div><div class='carousel-item'><a   href='https:\/\/znakon.cz\/znakon-as\/wp-content\/uploads\/sites\/2\/2024\/02\/4-2-768x1024.jpg'><img loading=\"lazy\" decoding=\"async\" width=\"1500\" height=\"2000\" src=\"https:\/\/znakon.cz\/znakon-as\/wp-content\/uploads\/sites\/2\/2024\/02\/4-2.jpg\" class=\"attachment-full size-full\" alt=\"\" srcset=\"https:\/\/znakon.cz\/znakon-as\/wp-content\/uploads\/sites\/2\/2024\/02\/4-2.jpg 1500w, https:\/\/znakon.cz\/znakon-as\/wp-content\/uploads\/sites\/2\/2024\/02\/4-2-225x300.jpg 225w, https:\/\/znakon.cz\/znakon-as\/wp-content\/uploads\/sites\/2\/2024\/02\/4-2-768x1024.jpg 768w, https:\/\/znakon.cz\/znakon-as\/wp-content\/uploads\/sites\/2\/2024\/02\/4-2-1152x1536.jpg 1152w\" sizes=\"(max-width: 1500px) 100vw, 1500px\" \/><\/a><\/div><div class='carousel-item'><a   href='https:\/\/znakon.cz\/znakon-as\/wp-content\/uploads\/sites\/2\/2024\/02\/3-2-768x1024.jpg'><img loading=\"lazy\" decoding=\"async\" width=\"1500\" height=\"2000\" src=\"https:\/\/znakon.cz\/znakon-as\/wp-content\/uploads\/sites\/2\/2024\/02\/3-2.jpg\" class=\"attachment-full size-full\" alt=\"\" srcset=\"https:\/\/znakon.cz\/znakon-as\/wp-content\/uploads\/sites\/2\/2024\/02\/3-2.jpg 1500w, https:\/\/znakon.cz\/znakon-as\/wp-content\/uploads\/sites\/2\/2024\/02\/3-2-225x300.jpg 225w, https:\/\/znakon.cz\/znakon-as\/wp-content\/uploads\/sites\/2\/2024\/02\/3-2-768x1024.jpg 768w, https:\/\/znakon.cz\/znakon-as\/wp-content\/uploads\/sites\/2\/2024\/02\/3-2-1152x1536.jpg 1152w\" sizes=\"(max-width: 1500px) 100vw, 1500px\" \/><\/a><\/div><div class='carousel-item'><a   href='https:\/\/znakon.cz\/znakon-as\/wp-content\/uploads\/sites\/2\/2024\/02\/2-2-768x1024.jpg'><img loading=\"lazy\" decoding=\"async\" width=\"1500\" height=\"2000\" src=\"https:\/\/znakon.cz\/znakon-as\/wp-content\/uploads\/sites\/2\/2024\/02\/2-2.jpg\" class=\"attachment-full size-full\" alt=\"\" srcset=\"https:\/\/znakon.cz\/znakon-as\/wp-content\/uploads\/sites\/2\/2024\/02\/2-2.jpg 1500w, https:\/\/znakon.cz\/znakon-as\/wp-content\/uploads\/sites\/2\/2024\/02\/2-2-225x300.jpg 225w, https:\/\/znakon.cz\/znakon-as\/wp-content\/uploads\/sites\/2\/2024\/02\/2-2-768x1024.jpg 768w, https:\/\/znakon.cz\/znakon-as\/wp-content\/uploads\/sites\/2\/2024\/02\/2-2-1152x1536.jpg 1152w\" sizes=\"(max-width: 1500px) 100vw, 1500px\" \/><\/a><\/div><div class='carousel-item'><a   href='https:\/\/znakon.cz\/znakon-as\/wp-content\/uploads\/sites\/2\/2024\/02\/1-2-768x1024.jpg'><img loading=\"lazy\" decoding=\"async\" width=\"1536\" height=\"2048\" src=\"https:\/\/znakon.cz\/znakon-as\/wp-content\/uploads\/sites\/2\/2024\/02\/1-2.jpg\" class=\"attachment-full size-full\" alt=\"\" srcset=\"https:\/\/znakon.cz\/znakon-as\/wp-content\/uploads\/sites\/2\/2024\/02\/1-2.jpg 1536w, https:\/\/znakon.cz\/znakon-as\/wp-content\/uploads\/sites\/2\/2024\/02\/1-2-225x300.jpg 225w, https:\/\/znakon.cz\/znakon-as\/wp-content\/uploads\/sites\/2\/2024\/02\/1-2-768x1024.jpg 768w, https:\/\/znakon.cz\/znakon-as\/wp-content\/uploads\/sites\/2\/2024\/02\/1-2-1152x1536.jpg 1152w\" sizes=\"(max-width: 1536px) 100vw, 1536px\" \/><\/a><\/div>\r\n\t\t<\/div><\/div>\n\n<p>&nbsp;<\/p>\n<hr \/>\n<p>&nbsp;<\/p>\n<p>&nbsp;<\/p>\n","protected":false},"excerpt":{"rendered":"<p>MN\u00cd\u0160EK POD BRDY &#8211; kruhov\u00e1 k\u0159i\u017eovatka investor:\u00a0 B\u011a\u0160T\u00cdN II-115 investor:\u00a0 KS\u00daS St\u0159edo\u010desk\u00e9ho kraje MLAD\u00c1 VO\u017dICE investor: m\u011bsto Mlad\u00e1 Vo\u017eice &nbsp; [&hellip;]<\/p>\n","protected":false},"author":2,"featured_media":0,"parent":0,"menu_order":0,"comment_status":"closed","ping_status":"closed","template":"page-templates\/pagebuilder.php","meta":{"_monsterinsights_skip_tracking":false,"_monsterinsights_sitenote_active":false,"_monsterinsights_sitenote_note":"","_monsterinsights_sitenote_category":0,"footnotes":""},"_links":{"self":[{"href":"https:\/\/znakon.cz\/znakon-as\/wp-json\/wp\/v2\/pages\/2544"}],"collection":[{"href":"https:\/\/znakon.cz\/znakon-as\/wp-json\/wp\/v2\/pages"}],"about":[{"href":"https:\/\/znakon.cz\/znakon-as\/wp-json\/wp\/v2\/types\/page"}],"author":[{"embeddable":true,"href":"https:\/\/znakon.cz\/znakon-as\/wp-json\/wp\/v2\/users\/2"}],"replies":[{"embeddable":true,"href":"https:\/\/znakon.cz\/znakon-as\/wp-json\/wp\/v2\/comments?post=2544"}],"version-history":[{"count":14,"href":"https:\/\/znakon.cz\/znakon-as\/wp-json\/wp\/v2\/pages\/2544\/revisions"}],"predecessor-version":[{"id":2633,"href":"https:\/\/znakon.cz\/znakon-as\/wp-json\/wp\/v2\/pages\/2544\/revisions\/2633"}],"wp:attachment":[{"href":"https:\/\/znakon.cz\/znakon-as\/wp-json\/wp\/v2\/media?parent=2544"}],"curies":[{"name":"wp","href":"https:\/\/api.w.org\/{rel}","templated":true}]}}