{"id":300,"date":"2018-01-11T18:20:34","date_gmt":"2018-01-11T17:20:34","guid":{"rendered":"http:\/\/znakon.cz\/18\/znakon-as\/?page_id=300"},"modified":"2020-11-04T08:47:01","modified_gmt":"2020-11-04T07:47:01","slug":"kontakt-znakon-as","status":"publish","type":"page","link":"https:\/\/znakon.cz\/znakon-as\/kontakt-znakon-as\/","title":{"rendered":"Kontakt"},"content":{"rendered":"<div id=\"pl-300\"  class=\"panel-layout\" ><div id=\"pg-300-0\"  class=\"panel-grid panel-has-style\" ><div class=\"panel-row-style panel-row-style-for-300-0\" ><div id=\"pgc-300-0-0\"  class=\"panel-grid-cell\" ><div id=\"panel-300-0-0-0\" class=\"so-panel widget widget_text panel-first-child\" data-index=\"0\" >\t\t\t<div class=\"textwidget\"><div id=\"panel-405-0-0-0\" class=\"so-panel widget widget_text panel-first-child\" data-index=\"0\">\n<div class=\"textwidget\">\n<p><strong>ZNAKON, a.s.<\/strong><br \/>\n\u010d.p. 44, 386&nbsp;01 Sousedovice<br \/>\nI\u010c: 260&nbsp;18&nbsp;055<br \/>\ntel.: +420&nbsp;383&nbsp;321&nbsp;445<br \/>\nfax: +420&nbsp;383&nbsp;322&nbsp;553<\/p>\n<p>OR KS \u010cesk\u00e9 Bud\u011bjovice, B 1048<\/p>\n<p>49\u00b014\u201900.2\u2033N 13\u00b052\u201919.6\u2033E\u00a0 \u00a0(49.233385 N, 13.872117 E)<\/p>\n<\/div>\n<\/div>\n<\/div>\n\t\t<\/div><div id=\"panel-300-0-0-1\" class=\"so-panel widget widget_sow-google-map panel-last-child\" data-index=\"1\" ><div\n\t\t\t\n\t\t\tclass=\"so-widget-sow-google-map so-widget-sow-google-map-default-05ebfd8f3122-300\"\n\t\t\t\n\t\t>\n<div class=\"sow-google-map-canvas\"\n\tstyle=\"\"\n\tid=\"map-canvas-b8545122d0fa415cb5bdcd4548290748\"\n\tdata-options=\"{&quot;address&quot;:&quot;49.2338025, 13.8715341&quot;,&quot;zoom&quot;:12,&quot;mobileZoom&quot;:12,&quot;gestureHandling&quot;:&quot;greedy&quot;,&quot;disableUi&quot;:false,&quot;markerIcon&quot;:false,&quot;markersDraggable&quot;:false,&quot;markerAtCenter&quot;:true,&quot;markerInfoDisplay&quot;:&quot;click&quot;,&quot;markerInfoMultiple&quot;:true,&quot;markerPositions&quot;:false,&quot;mapName&quot;:false,&quot;mapStyles&quot;:false,&quot;directions&quot;:&quot;&quot;,&quot;apiKey&quot;:&quot;AIzaSyACL8EbdKLHXEWOZOGJFD1MhcAR28Qkfp0&quot;,&quot;breakpoint&quot;:&quot;780&quot;,&quot;id&quot;:&quot;69f30a&quot;}\"\n\tdata-fallback-image=\"{&quot;img&quot;:&quot;&quot;}\"><\/div>\n<\/div><\/div><\/div><div id=\"pgc-300-0-1\"  class=\"panel-grid-cell\" ><div id=\"panel-300-0-1-0\" class=\"so-panel widget widget_text panel-first-child panel-last-child\" data-index=\"2\" >\t\t\t<div class=\"textwidget\"><div id=\"pgc-405-0-1\" class=\"panel-grid-cell\">\n<div id=\"panel-405-0-1-0\" class=\"so-panel widget widget_text panel-first-child panel-last-child\" data-index=\"2\">\n<div class=\"textwidget\">\n<p><strong>V\u00fdrobn\u011b-technick\u00fd \u0159editel<\/strong><br \/>\nBc. V\u00e1clav Oubrecht<br \/>\ntel.: +420&nbsp;730&nbsp;899&nbsp;965 ; oubrecht@znakon.cz<\/p>\n<p><strong>Obchodn\u00ed \u0159editel<\/strong><br \/>\nIng. Tom\u00e1\u0161 Havl\u00edk<br \/>\ntel.: +420&nbsp;733&nbsp;735&nbsp;056 ; havlik@znakon.cz<\/p>\n<p><strong>Ekonomicko-person\u00e1ln\u00ed \u0159editelka<\/strong><br \/>\nIng. Eva Machov\u00e1<br \/>\ntel.: +420&nbsp;723&nbsp;407&nbsp;489 ; machova@znakon.cz<\/p>\n<p><strong>Vedouc\u00ed st\u0159ediska pokl\u00e1dky asfaltov\u00fdch sm\u011bs\u00ed<\/strong><br \/>\nFranti\u0161ek Blatsk\u00fd<br \/>\ntel.: +420&nbsp;602&nbsp;145&nbsp;267 ; blatsky@znakon.cz<\/p>\n<p><strong>Vedouc\u00ed dopravy, MTZ<\/strong><br \/>\nMilan Stan\u011bk<br \/>\ntel.: +420&nbsp;602&nbsp;145&nbsp;246 ; stanek@znakon.cz<\/p>\n<\/div>\n<\/div>\n<\/div>\n<\/div>\n\t\t<\/div><\/div><\/div><\/div><div id=\"pg-300-1\"  class=\"panel-grid panel-no-style\" ><div id=\"pgc-300-1-0\"  class=\"panel-grid-cell\" ><div id=\"panel-300-1-0-0\" class=\"widget_text so-panel widget widget_custom_html panel-first-child panel-last-child\" data-index=\"3\" ><h3 class=\"widget-title\">Napi\u0161te n\u00e1m<\/h3><div class=\"textwidget custom-html-widget\">\n<div class=\"wpcf7 no-js\" id=\"wpcf7-f5-o1\" lang=\"cs-CZ\" dir=\"ltr\">\n<div class=\"screen-reader-response\"><p role=\"status\" aria-live=\"polite\" aria-atomic=\"true\"><\/p> <ul><\/ul><\/div>\n<form action=\"\/znakon-as\/wp-json\/wp\/v2\/pages\/300#wpcf7-f5-o1\" method=\"post\" class=\"wpcf7-form init\" aria-label=\"Kontaktn\u00ed formul\u00e1\u0159\" novalidate=\"novalidate\" data-status=\"init\">\n<div style=\"display: none;\">\n<input type=\"hidden\" name=\"_wpcf7\" value=\"5\" \/>\n<input type=\"hidden\" name=\"_wpcf7_version\" value=\"5.9.8\" \/>\n<input type=\"hidden\" name=\"_wpcf7_locale\" value=\"cs_CZ\" \/>\n<input type=\"hidden\" name=\"_wpcf7_unit_tag\" value=\"wpcf7-f5-o1\" \/>\n<input type=\"hidden\" name=\"_wpcf7_container_post\" value=\"0\" \/>\n<input type=\"hidden\" name=\"_wpcf7_posted_data_hash\" value=\"\" \/>\n<input type=\"hidden\" name=\"_wpcf7_recaptcha_response\" value=\"\" \/>\n<\/div>\n<p><label> Va\u0161e jm\u00e9no (vy\u017eadov\u00e1no)<br \/>\n<span class=\"wpcf7-form-control-wrap\" data-name=\"your-name\"><input size=\"40\" maxlength=\"400\" class=\"wpcf7-form-control wpcf7-text wpcf7-validates-as-required\" aria-required=\"true\" aria-invalid=\"false\" value=\"\" type=\"text\" name=\"your-name\" \/><\/span> <\/label>\n<\/p>\n<p><label> V\u00e1\u0161 e-mail (vy\u017eadov\u00e1no)<br \/>\n<span class=\"wpcf7-form-control-wrap\" data-name=\"your-email\"><input size=\"40\" maxlength=\"400\" class=\"wpcf7-form-control wpcf7-email wpcf7-validates-as-required wpcf7-text wpcf7-validates-as-email\" aria-required=\"true\" aria-invalid=\"false\" value=\"\" type=\"email\" name=\"your-email\" \/><\/span> <\/label>\n<\/p>\n<p><label> P\u0159edm\u011bt<br \/>\n<span class=\"wpcf7-form-control-wrap\" data-name=\"your-subject\"><input size=\"40\" maxlength=\"400\" class=\"wpcf7-form-control wpcf7-text\" aria-invalid=\"false\" value=\"\" type=\"text\" name=\"your-subject\" \/><\/span> <\/label>\n<\/p>\n<p><label> Va\u0161e zpr\u00e1va<br \/>\n<span class=\"wpcf7-form-control-wrap\" data-name=\"your-message\"><textarea cols=\"40\" rows=\"10\" maxlength=\"2000\" class=\"wpcf7-form-control wpcf7-textarea\" aria-invalid=\"false\" name=\"your-message\"><\/textarea><\/span> <\/label>\n<\/p>\n<p><input class=\"wpcf7-form-control wpcf7-submit has-spinner\" type=\"submit\" value=\"Odeslat\" \/>\n<\/p><div class=\"wpcf7-response-output\" aria-hidden=\"true\"><\/div>\n<\/form>\n<\/div>\n<\/div><\/div><\/div><\/div><\/div>","protected":false},"excerpt":{"rendered":"<p>ZNAKON, a.s. \u010d.p. 44, 386&nbsp;01 Sousedovice I\u010c: 260&nbsp;18&nbsp;055 tel.: +420&nbsp;383&nbsp;321&nbsp;445 fax: +420&nbsp;383&nbsp;322 [&hellip;]<\/p>\n","protected":false},"author":1,"featured_media":0,"parent":0,"menu_order":0,"comment_status":"closed","ping_status":"closed","template":"page-templates\/pagebuilder.php","meta":{"_monsterinsights_skip_tracking":false,"_monsterinsights_sitenote_active":false,"_monsterinsights_sitenote_note":"","_monsterinsights_sitenote_category":0,"footnotes":""},"_links":{"self":[{"href":"https:\/\/znakon.cz\/znakon-as\/wp-json\/wp\/v2\/pages\/300"}],"collection":[{"href":"https:\/\/znakon.cz\/znakon-as\/wp-json\/wp\/v2\/pages"}],"about":[{"href":"https:\/\/znakon.cz\/znakon-as\/wp-json\/wp\/v2\/types\/page"}],"author":[{"embeddable":true,"href":"https:\/\/znakon.cz\/znakon-as\/wp-json\/wp\/v2\/users\/1"}],"replies":[{"embeddable":true,"href":"https:\/\/znakon.cz\/znakon-as\/wp-json\/wp\/v2\/comments?post=300"}],"version-history":[{"count":30,"href":"https:\/\/znakon.cz\/znakon-as\/wp-json\/wp\/v2\/pages\/300\/revisions"}],"predecessor-version":[{"id":2008,"href":"https:\/\/znakon.cz\/znakon-as\/wp-json\/wp\/v2\/pages\/300\/revisions\/2008"}],"wp:attachment":[{"href":"https:\/\/znakon.cz\/znakon-as\/wp-json\/wp\/v2\/media?parent=300"}],"curies":[{"name":"wp","href":"https:\/\/api.w.org\/{rel}","templated":true}]}}