{"id":318,"date":"2018-01-15T02:16:44","date_gmt":"2018-01-15T01:16:44","guid":{"rendered":"http:\/\/znakon.cz\/18\/znakon-as\/?page_id=318"},"modified":"2024-06-21T09:10:58","modified_gmt":"2024-06-21T07:10:58","slug":"zamestnani","status":"publish","type":"page","link":"https:\/\/znakon.cz\/znakon-as\/zamestnani\/","title":{"rendered":"NAB\u00cdDKA ZAM\u011aSTN\u00c1N\u00cd"},"content":{"rendered":"<div id=\"pl-318\"  class=\"panel-layout\" ><div id=\"pg-318-0\"  class=\"panel-grid panel-has-style\" ><div class=\"siteorigin-panels-stretch panel-row-style panel-row-style-for-318-0\" data-stretch-type=\"full-width-stretch\" ><div id=\"pgc-318-0-0\"  class=\"panel-grid-cell\" ><div id=\"panel-318-0-0-0\" class=\"so-panel widget widget_themegrill_flash_image tg-widget tg-image-widget panel-first-child panel-last-child\" data-index=\"0\" ><div class=\"panel-widget-style panel-widget-style-for-318-0-0-0\" >\t<img decoding=\"async\" src=\"http:\/\/znakon.cz\/znakon-as\/wp-content\/uploads\/sites\/2\/2018\/02\/zamestnani-horni-banner.jpg\" \/>\n<\/div><\/div><\/div><\/div><\/div><div id=\"pg-318-1\"  class=\"panel-grid panel-no-style\" ><div id=\"pgc-318-1-0\"  class=\"panel-grid-cell\" ><div id=\"panel-318-1-0-0\" class=\"so-panel widget widget_sow-editor panel-first-child\" data-index=\"1\" ><div\n\t\t\t\n\t\t\tclass=\"so-widget-sow-editor so-widget-sow-editor-base\"\n\t\t\t\n\t\t>\n<div class=\"siteorigin-widget-tinymce textwidget\">\n\t<h3><\/h3>\n<h3><span style=\"color: #ff0000;\">PRO\u010c PRACOVAT PR\u00c1V\u011a U N\u00c1S?<\/span><\/h3>\n<p>&nbsp;<\/p>\n<ul>\n<li><strong>JSME STABILN\u00cd SPOLE\u010cNOST<\/strong> - ji\u017e p\u0159es 30 let vypl\u00e1c\u00edme mzdy pravideln\u011b ka\u017ed\u00fd m\u011bs\u00edc<\/li>\n<li><strong>JSME ST\u0158EDN\u011a VELK\u00c1 FIRMA<\/strong> - v\u0161ichni se vz\u00e1jemn\u011b zn\u00e1me a respektujeme se<\/li>\n<li><strong>JSME MODERN\u011a VYBAVEN\u00c1 FIRMA<\/strong> - ka\u017ed\u00fd rok dokupujeme pot\u0159ebn\u00e9 nov\u00e9 stroje a zam\u011bstnanc\u016fm poskytujeme kvalitn\u00ed OOPP<\/li>\n<li><strong>JSME FIRMA, KTER\u00c1 SI V\u00c1\u017d\u00cd SV\u00ddCH ZAM\u011aSTNANC\u016e<\/strong> - vypl\u00e1c\u00edme v\u011brnostn\u00ed, v\u00e1no\u010dn\u00ed, \u017eivotn\u00ed, jubilejn\u00ed a dal\u0161\u00ed mimo\u0159\u00e1dn\u00e9 odm\u011bny v&nbsp;pr\u016fb\u011bhu roku<\/li>\n<\/ul>\n<hr \/>\n<h3><span style=\"color: #ff0000;\">VOLN\u00c9 POZICE<\/span><\/h3>\n<h3><\/h3>\n<\/div>\n<\/div><\/div><div id=\"panel-318-1-0-1\" class=\"so-panel widget widget_sow-editor panel-last-child\" data-index=\"2\" ><div\n\t\t\t\n\t\t\tclass=\"so-widget-sow-editor so-widget-sow-editor-base\"\n\t\t\t\n\t\t>\n<div class=\"siteorigin-widget-tinymce textwidget\">\n\t<h5><div class=\"sjb-page\">\r\n<!-- Start: Jobs Listing Wrapper -->\r\n\r\n\r\n<div class=\"sjb-listing\">\r\n        <!-- start Jobs Listing: List View -->\r\n    <div class=\"list-view\">\r\n        \r\n    \n<!-- Start Jobs List View \n================================================== -->\n<div class=\"list-data\">\n    <div class=\"v1\">   \n        \n        <!-- Jobs List view header -->\n        <header>\n            <div class=\"row\">\n                \r\n<!-- Start Company Logo\r\n================================================== -->\r\n\r\n<!-- ==================================================\r\nEnd Company Logo -->\r\n\r\n    \n                <div class=\"col-md-12 col-sm-10\">\n                    <div class=\"row\">\n                        \n                        <div class=\"col-md-5\">\r\n    <div class=\"job-info\">\r\n        <h4>\r\n            <a href=\"https:\/\/znakon.cz\/znakon-as\/jobs\/silnicni-delnik-2\/\">\r\n                <span class=\"job-title\">V\u00c1LC\u00cd\u0158 na pokl\u00e1dku asfaltov\u00fdch sm\u011bs\u00ed<\/span>            <\/a>\r\n\r\n        <\/h4>\r\n            <\/div>\r\n<\/div>\r\n\r\n<!-- Start Job Type\r\n================================================== -->\r\n<div class=\"col-md-2 col-sm-4 col-xs-12\">    \r\n     \r\n<\/div>\r\n<!-- ==================================================\r\nEnd Job Type -->\r\n\r\n\r\n<!-- Start Job's Location\r\n================================================== -->\r\n<div class=\"col-md-2 col-sm-4 col-xs-12\">\r\n    <\/div>\r\n<!-- ==================================================\r\nEnd Job's Location -->\r\n\r\n                    <\/div> \n                <\/div>\n            <\/div>\n        <\/header>\n\n            <\/div>\n<\/div>\n<!-- ==================================================\nEnd Jobs List View -->\n\n<div class=\"clearfix\"><\/div>\n\n\n<!-- Start Jobs List View \n================================================== -->\n<div class=\"list-data\">\n    <div class=\"v1\">   \n        \n        <!-- Jobs List view header -->\n        <header>\n            <div class=\"row\">\n                \r\n<!-- Start Company Logo\r\n================================================== -->\r\n\r\n<!-- ==================================================\r\nEnd Company Logo -->\r\n\r\n    \n                <div class=\"col-md-12 col-sm-10\">\n                    <div class=\"row\">\n                        \n                        <div class=\"col-md-5\">\r\n    <div class=\"job-info\">\r\n        <h4>\r\n            <a href=\"https:\/\/znakon.cz\/znakon-as\/jobs\/ridic-nakladniho-automobilu\/\">\r\n                <span class=\"job-title\">\u0158IDI\u010c n\u00e1kladn\u00edho automobilu sk. C, CE<\/span>            <\/a>\r\n\r\n        <\/h4>\r\n            <\/div>\r\n<\/div>\r\n\r\n<!-- Start Job Type\r\n================================================== -->\r\n<div class=\"col-md-2 col-sm-4 col-xs-12\">    \r\n     \r\n<\/div>\r\n<!-- ==================================================\r\nEnd Job Type -->\r\n\r\n\r\n<!-- Start Job's Location\r\n================================================== -->\r\n<div class=\"col-md-2 col-sm-4 col-xs-12\">\r\n    <\/div>\r\n<!-- ==================================================\r\nEnd Job's Location -->\r\n\r\n                    <\/div> \n                <\/div>\n            <\/div>\n        <\/header>\n\n            <\/div>\n<\/div>\n<!-- ==================================================\nEnd Jobs List View -->\n\n<div class=\"clearfix\"><\/div>\n\n\n<!-- Start Jobs List View \n================================================== -->\n<div class=\"list-data\">\n    <div class=\"v1\">   \n        \n        <!-- Jobs List view header -->\n        <header>\n            <div class=\"row\">\n                \r\n<!-- Start Company Logo\r\n================================================== -->\r\n\r\n<!-- ==================================================\r\nEnd Company Logo -->\r\n\r\n    \n                <div class=\"col-md-12 col-sm-10\">\n                    <div class=\"row\">\n                        \n                        <div class=\"col-md-5\">\r\n    <div class=\"job-info\">\r\n        <h4>\r\n            <a href=\"https:\/\/znakon.cz\/znakon-as\/jobs\/strojnik-stavebnich-stroju\/\">\r\n                <span class=\"job-title\">STROJN\u00cdK &#8211; obsluha oto\u010dn\u00e9ho bagru JCB<\/span>            <\/a>\r\n\r\n        <\/h4>\r\n            <\/div>\r\n<\/div>\r\n\r\n<!-- Start Job Type\r\n================================================== -->\r\n<div class=\"col-md-2 col-sm-4 col-xs-12\">    \r\n     \r\n<\/div>\r\n<!-- ==================================================\r\nEnd Job Type -->\r\n\r\n\r\n<!-- Start Job's Location\r\n================================================== -->\r\n<div class=\"col-md-2 col-sm-4 col-xs-12\">\r\n    <\/div>\r\n<!-- ==================================================\r\nEnd Job's Location -->\r\n\r\n                    <\/div> \n                <\/div>\n            <\/div>\n        <\/header>\n\n            <\/div>\n<\/div>\n<!-- ==================================================\nEnd Jobs List View -->\n\n<div class=\"clearfix\"><\/div>\n\n\r\n    <\/div> <!-- end Jobs Listing: List View -->\r\n<\/div>\r\n<!-- End: Jobs Listing -->\r\n\r\n<div class=\"clearfix\"><\/div>\r\n<\/div>\r\n<!-- End: Jobs Listing Wrapper -->\r\n\r\n<\/h5>\n<hr \/>\n<p>Bli\u017e\u0161\u00ed informace na <strong>731&nbsp;471&nbsp;487<\/strong> \u010di napi\u0161te na: <strong>simova@znakon.cz<\/strong><\/p>\n<\/div>\n<\/div><\/div><\/div><\/div><\/div>","protected":false},"excerpt":{"rendered":"<p>PRO\u010c PRACOVAT PR\u00c1V\u011a U N\u00c1S? &nbsp; JSME STABILN\u00cd SPOLE\u010cNOST &#8211; ji\u017e p\u0159es 30 let vypl\u00e1c\u00edme mzdy pravideln\u011b ka\u017ed\u00fd m\u011bs\u00edc JSME [&hellip;]<\/p>\n","protected":false},"author":1,"featured_media":0,"parent":0,"menu_order":0,"comment_status":"closed","ping_status":"closed","template":"page-templates\/pagebuilder.php","meta":{"_monsterinsights_skip_tracking":false,"_monsterinsights_sitenote_active":false,"_monsterinsights_sitenote_note":"","_monsterinsights_sitenote_category":0,"footnotes":""},"_links":{"self":[{"href":"https:\/\/znakon.cz\/znakon-as\/wp-json\/wp\/v2\/pages\/318"}],"collection":[{"href":"https:\/\/znakon.cz\/znakon-as\/wp-json\/wp\/v2\/pages"}],"about":[{"href":"https:\/\/znakon.cz\/znakon-as\/wp-json\/wp\/v2\/types\/page"}],"author":[{"embeddable":true,"href":"https:\/\/znakon.cz\/znakon-as\/wp-json\/wp\/v2\/users\/1"}],"replies":[{"embeddable":true,"href":"https:\/\/znakon.cz\/znakon-as\/wp-json\/wp\/v2\/comments?post=318"}],"version-history":[{"count":105,"href":"https:\/\/znakon.cz\/znakon-as\/wp-json\/wp\/v2\/pages\/318\/revisions"}],"predecessor-version":[{"id":1227,"href":"https:\/\/znakon.cz\/znakon-as\/wp-json\/wp\/v2\/pages\/318\/revisions\/1227"}],"wp:attachment":[{"href":"https:\/\/znakon.cz\/znakon-as\/wp-json\/wp\/v2\/media?parent=318"}],"curies":[{"name":"wp","href":"https:\/\/api.w.org\/{rel}","templated":true}]}}