{"id":355,"date":"2018-01-29T21:09:53","date_gmt":"2018-01-29T20:09:53","guid":{"rendered":"http:\/\/znakon.cz\/18\/znakon-as\/?page_id=355"},"modified":"2021-05-05T08:14:46","modified_gmt":"2021-05-05T06:14:46","slug":"uvodni-slovo","status":"publish","type":"page","link":"https:\/\/znakon.cz\/znakon-as\/uvodni-slovo\/","title":{"rendered":"O SPOLE\u010cNOSTI ZNAKON, a.s."},"content":{"rendered":"<div id=\"pl-355\"  class=\"panel-layout\" ><div id=\"pg-355-0\"  class=\"panel-grid panel-has-style\" ><div class=\"panel-row-style panel-row-style-for-355-0\" ><div id=\"pgc-355-0-0\"  class=\"panel-grid-cell\" ><div id=\"panel-355-0-0-0\" class=\"so-panel widget widget_sow-editor panel-first-child panel-last-child\" data-index=\"0\" ><div\n\t\t\t\n\t\t\tclass=\"so-widget-sow-editor so-widget-sow-editor-base\"\n\t\t\t\n\t\t>\n<div class=\"siteorigin-widget-tinymce textwidget\">\n\t<hr \/>\n<p><a href=\"http:\/\/znakon.cz\/znakon-as\/wp-content\/uploads\/sites\/2\/2018\/02\/znakon-sidlo-vcetne-interieru.jpg\"><img loading=\"lazy\" decoding=\"async\" class=\"wp-image-853 alignnone\" src=\"http:\/\/znakon.cz\/znakon-as\/wp-content\/uploads\/sites\/2\/2018\/02\/znakon-sidlo-vcetne-interieru.jpg\" alt=\"\" width=\"900\" height=\"642\" srcset=\"https:\/\/znakon.cz\/znakon-as\/wp-content\/uploads\/sites\/2\/2018\/02\/znakon-sidlo-vcetne-interieru.jpg 1200w, https:\/\/znakon.cz\/znakon-as\/wp-content\/uploads\/sites\/2\/2018\/02\/znakon-sidlo-vcetne-interieru-300x214.jpg 300w, https:\/\/znakon.cz\/znakon-as\/wp-content\/uploads\/sites\/2\/2018\/02\/znakon-sidlo-vcetne-interieru-768x548.jpg 768w, https:\/\/znakon.cz\/znakon-as\/wp-content\/uploads\/sites\/2\/2018\/02\/znakon-sidlo-vcetne-interieru-1024x730.jpg 1024w\" sizes=\"(max-width: 900px) 100vw, 900px\" \/><\/a><\/p>\n<\/div>\n<\/div><\/div><\/div><div id=\"pgc-355-0-1\"  class=\"panel-grid-cell\" ><div id=\"panel-355-0-1-0\" class=\"so-panel widget widget_text panel-first-child panel-last-child\" data-index=\"1\" >\t\t\t<div class=\"textwidget\"><p>ZNAKON, a.s. je spole\u010dnost zab\u00fdvaj\u00edc\u00ed se dopravn\u00edm, pozemn\u00edm a in\u017een\u00fdrsk\u00fdm stavitelstv\u00edm. Na trhu p\u016fsob\u00ed ji\u017e od roku 1993 a b\u011bhem t\u00e9to doby se z&nbsp;n\u00ed stala stabiln\u00ed, modern\u00ed a konkurenceschopn\u00e1 firma st\u0159edn\u00ed velikosti se \u0161irok\u00fdm spektrem prov\u00e1d\u011bn\u00fdch \u010dinnost\u00ed.<\/p>\n<p>Hlavn\u00edm c\u00edlem spole\u010dnosti je b\u00fdt spolehliv\u00fdm partnerem pro na\u0161e z\u00e1kazn\u00edky, \u010deho\u017e se sna\u017e\u00edme dos\u00e1hnout pe\u010dliv\u00fdm prov\u00e1d\u011bn\u00edm nab\u00edzen\u00fdch prac\u00ed a slu\u017eeb, atraktivn\u00edm pracovn\u00edm prost\u0159ed\u00edm a v&nbsp;neposledn\u00ed \u0159ad\u011b i neust\u00e1lou modernizac\u00ed technick\u00e9ho vybaven\u00ed a vozov\u00e9ho parku. Pln\u011b si uv\u011bdomujeme, \u017ee spokojenost investor\u016f z\u00e1le\u017e\u00ed na v\u010dasn\u011b a kvalitn\u011b odveden\u00e9 pr\u00e1ci, jej\u00ed\u017e ned\u00edlnou sou\u010d\u00e1st\u00ed je spokojenost na\u0161ich zam\u011bstnanc\u016f.<\/p>\n<p>Db\u00e1me na ochranu \u017eivotn\u00edho prost\u0159ed\u00ed, nastaven\u00ed a udr\u017een\u00ed jakostn\u00edch a bezpe\u010dnostn\u00edch ukazatel\u016f, co\u017e potvrzujeme z\u00edskan\u00fdmi certifik\u00e1ty \u010cSN EN ISO 9001:2016, \u010cSN EN ISO 14001:2016 a \u010cSN ISO 45001:2018. Pravideln\u011b se um\u00eds\u0165ujeme mezi nejlep\u0161\u00edmi deseti stavebn\u00edmi podniky v&nbsp;sout\u011b\u017ei MID TOP STAV 100.<\/p>\n<p>&nbsp;<\/p>\n<\/div>\n\t\t<\/div><\/div><\/div><\/div><\/div>","protected":false},"excerpt":{"rendered":"<p>ZNAKON, a.s. je spole\u010dnost zab\u00fdvaj\u00edc\u00ed se dopravn\u00edm, pozemn\u00edm a in\u017een\u00fdrsk\u00fdm stavitelstv\u00edm. Na trhu p\u016fsob\u00ed ji\u017e od roku 1993 a b\u011bhem [&hellip;]<\/p>\n","protected":false},"author":1,"featured_media":0,"parent":0,"menu_order":0,"comment_status":"closed","ping_status":"closed","template":"page-templates\/pagebuilder.php","meta":{"_monsterinsights_skip_tracking":false,"_monsterinsights_sitenote_active":false,"_monsterinsights_sitenote_note":"","_monsterinsights_sitenote_category":0,"footnotes":""},"_links":{"self":[{"href":"https:\/\/znakon.cz\/znakon-as\/wp-json\/wp\/v2\/pages\/355"}],"collection":[{"href":"https:\/\/znakon.cz\/znakon-as\/wp-json\/wp\/v2\/pages"}],"about":[{"href":"https:\/\/znakon.cz\/znakon-as\/wp-json\/wp\/v2\/types\/page"}],"author":[{"embeddable":true,"href":"https:\/\/znakon.cz\/znakon-as\/wp-json\/wp\/v2\/users\/1"}],"replies":[{"embeddable":true,"href":"https:\/\/znakon.cz\/znakon-as\/wp-json\/wp\/v2\/comments?post=355"}],"version-history":[{"count":91,"href":"https:\/\/znakon.cz\/znakon-as\/wp-json\/wp\/v2\/pages\/355\/revisions"}],"predecessor-version":[{"id":2175,"href":"https:\/\/znakon.cz\/znakon-as\/wp-json\/wp\/v2\/pages\/355\/revisions\/2175"}],"wp:attachment":[{"href":"https:\/\/znakon.cz\/znakon-as\/wp-json\/wp\/v2\/media?parent=355"}],"curies":[{"name":"wp","href":"https:\/\/api.w.org\/{rel}","templated":true}]}}